{"id":7703,"date":"2025-05-29T10:45:17","date_gmt":"2025-05-29T07:45:17","guid":{"rendered":"https:\/\/endemigoauction.com\/urun\/lot-50-antik-karapinar-salur-halisi-19-yuzyil-sonu-126-x-190-cm\/"},"modified":"2025-06-12T02:15:29","modified_gmt":"2025-06-11T23:15:29","slug":"lot-50-antik-karapinar-salur-halisi-19-yuzyil-sonu-126-x-190-cm","status":"publish","type":"product","link":"https:\/\/endemigoauction.com\/en\/urun\/lot-50-antik-karapinar-salur-halisi-19-yuzyil-sonu-126-x-190-cm\/","title":{"rendered":"LOT.50 Antik Karap\u0131nar Salur Hal\u0131s\u0131 19. Y\u00fczy\u0131l Sonu 126 x 190 cm"},"content":{"rendered":"<p><strong>Karap\u0131nar Salur Hal\u0131s\u0131 19. Y\u00fczy\u0131l Sonu 126 x 190 cm.<\/strong><\/p>\n<p>Konya Steplerinin T\u00fcrkmen Yorumu: 19. Y\u00fczy\u0131l Sonu Antik Karap\u0131nar Salur Hal\u0131s\u0131Konya&#8217;n\u0131n geni\u015f steplerinin k\u00fclt\u00fcrel zenginli\u011finde T\u00fcrkmen Salur boyunun \u00f6zg\u00fcn motifleriyle bulu\u015fan bu 19. y\u00fczy\u0131l sonu antika hal\u0131, kendine has bir estetik sunar. Konya&#8217;n\u0131n Karap\u0131nar il\u00e7esinin usta zanaatkarlar\u0131n\u0131n ellerinden \u00e7\u0131kan bu nadide eser, %100 el e\u011firmesiyle elde edilmi\u015f, do\u011fal k\u00f6k boyalar\u0131n derin ve otantik tonlar\u0131yla renklendirilmi\u015f se\u00e7kin y\u00fcn ipli\u011finin, geleneksel G\u00f6rdes (T\u00fcrk) d\u00fc\u011f\u00fcm\u00fcn\u00fcn sabr\u0131yla v\u00fccut buldu\u011fu kal\u0131c\u0131 bir sanat eseridir.<\/p>\n<p>Bu hal\u0131n\u0131n tasar\u0131m\u0131nda, Karap\u0131nar&#8217;\u0131n kendine \u00f6zg\u00fc geometrik ve stilize motifleri ile Salur boyunun karakteristik sembolleri zarif bir uyum i\u00e7inde bir araya gelir. T\u00fcrkmen k\u00fclt\u00fcr\u00fcn\u00fcn derin izlerini ta\u015f\u0131yan bu semboller, hal\u0131ya otantik ve anlaml\u0131 bir ifade katar. Steplerin sonsuzlu\u011funu ve geleneksel ya\u015fam bi\u00e7imini yans\u0131tan bu kompozisyon, hal\u0131ya g\u00fc\u00e7l\u00fc bir karakter kazand\u0131r\u0131r.<\/p>\n<p>Ola\u011fan\u00fcst\u00fc kondisyonuyla dikkat \u00e7eken bu antika Karap\u0131nar Salur hal\u0131s\u0131, kullan\u0131lan malzemenin kalitesini ve dokuma i\u015f\u00e7ili\u011finin inceli\u011fini g\u00fcn\u00fcm\u00fcze ta\u015f\u0131r. Konya y\u00f6resine \u00f6zg\u00fc s\u0131cak toprak tonlar\u0131, k\u0131rm\u0131z\u0131lar, lacivertler ve bejler, hal\u0131n\u0131n renk paletini olu\u015ftururken, b\u00f6lgenin k\u00fclt\u00fcrel atmosferini yans\u0131t\u0131r.<\/p>\n<p>Bu Antik Karap\u0131nar Salur Hal\u0131s\u0131, sadece bir mekan\u0131 s\u00fcslemekle kalmaz, ayn\u0131 zamanda Konya&#8217;n\u0131n dokuma gelene\u011fi ile T\u00fcrkmen k\u00fclt\u00fcr\u00fcn\u00fcn etkile\u015fiminin nadide bir \u00f6rne\u011fini temsil eder. Bu \u00f6zg\u00fcn eseri koleksiyonunuza dahil etmek, Anadolu&#8217;nun zengin k\u00fclt\u00fcrel co\u011frafyas\u0131na yap\u0131lan sayg\u0131l\u0131 bir yolculuk ve kendine has bir sanat eserine sahip olmakt\u0131r<\/p>\n","protected":false},"excerpt":{"rendered":"<p><strong>Men\u015fei:<\/strong> T\u00fcrkiye \/ Konya <strong>Kondisyon:<\/strong> Ola\u011fan\u00fcst\u00fc <strong>Dokuma Materyali ve Teknik:<\/strong> Y\u00fcne Y\u00fcn, %100 Kirman ipi, G\u00f6rdes (T\u00fcrk) D\u00fc\u011f\u00fcm\u00fc <strong>D\u00f6nem &#8211; Ya\u015f:<\/strong> 19. Y\u00fczy\u0131l Sonu<\/p>\n","protected":false},"featured_media":7704,"comment_status":"closed","ping_status":"closed","template":"","meta":[],"product_brand":[],"product_cat":[336],"product_tag":[395,398,396,399,397,393,394],"class_list":{"0":"post-7703","1":"product","2":"type-product","3":"status-publish","4":"has-post-thumbnail","6":"product_cat-hali-ve-kilim","7":"product_tag-antika-hali","8":"product_tag-antika-hali-muzayedesi","9":"product_tag-antique-rug","10":"product_tag-antique-rug-online-auction","11":"product_tag-endemigo-auction","12":"product_tag-online-auction","13":"product_tag-online-muzayede","15":"first","16":"instock","17":"sold-individually","18":"product-type-auction"},"_links":{"self":[{"href":"https:\/\/endemigoauction.com\/en\/wp-json\/wp\/v2\/product\/7703","targetHints":{"allow":["GET"]}}],"collection":[{"href":"https:\/\/endemigoauction.com\/en\/wp-json\/wp\/v2\/product"}],"about":[{"href":"https:\/\/endemigoauction.com\/en\/wp-json\/wp\/v2\/types\/product"}],"replies":[{"embeddable":true,"href":"https:\/\/endemigoauction.com\/en\/wp-json\/wp\/v2\/comments?post=7703"}],"wp:featuredmedia":[{"embeddable":true,"href":"https:\/\/endemigoauction.com\/en\/wp-json\/wp\/v2\/media\/7704"}],"wp:attachment":[{"href":"https:\/\/endemigoauction.com\/en\/wp-json\/wp\/v2\/media?parent=7703"}],"wp:term":[{"taxonomy":"product_brand","embeddable":true,"href":"https:\/\/endemigoauction.com\/en\/wp-json\/wp\/v2\/product_brand?post=7703"},{"taxonomy":"product_cat","embeddable":true,"href":"https:\/\/endemigoauction.com\/en\/wp-json\/wp\/v2\/product_cat?post=7703"},{"taxonomy":"product_tag","embeddable":true,"href":"https:\/\/endemigoauction.com\/en\/wp-json\/wp\/v2\/product_tag?post=7703"}],"curies":[{"name":"wp","href":"https:\/\/api.w.org\/{rel}","templated":true}]}}