{"id":7697,"date":"2025-05-29T10:45:17","date_gmt":"2025-05-29T07:45:17","guid":{"rendered":"https:\/\/endemigoauction.com\/urun\/lot-52-antik-keles-halisi-120-yas-103-x-150-cm\/"},"modified":"2025-06-01T16:09:46","modified_gmt":"2025-06-01T13:09:46","slug":"lot-52-antik-keles-halisi-120-yas-103-x-150-cm","status":"publish","type":"product","link":"https:\/\/endemigoauction.com\/en\/urun\/lot-52-antik-keles-halisi-120-yas-103-x-150-cm\/","title":{"rendered":"LOT.52 Antik Keles Hal\u0131s\u0131 120+ Ya\u015f 103 x 150 cm"},"content":{"rendered":"<p><strong>Antik Keles Hal\u0131s\u0131 120+ Ya\u015f 103 x 150 cm.<\/strong><\/p>\n<p>Bursa&#8217;n\u0131n Y\u00fckseklerinden Bir Zanaat Miras\u0131: 19. Y\u00fczy\u0131l Sonu Antik Keles Hal\u0131s\u0131Bursa&#8217;n\u0131n bereketli topraklar\u0131 ve Uluda\u011f&#8217;\u0131n eteklerindeki Keles b\u00f6lgesinin kadim dokuma sanat\u0131n\u0131 yans\u0131tan bu 19. y\u00fczy\u0131l sonu antika Keles hal\u0131s\u0131, yakla\u015f\u0131k 120 y\u0131ld\u0131r zarafetini koruyor. Keles&#8217;in usta zanaatkarlar\u0131n\u0131n titiz ellerinde, %100 el e\u011firmesiyle elde edilen, do\u011fal k\u00f6k boyalar\u0131n s\u0131cak ve otantik tonlar\u0131yla renklendirilmi\u015f se\u00e7kin y\u00fcn ipli\u011fi, geleneksel G\u00f6rdes (T\u00fcrk) d\u00fc\u011f\u00fcm\u00fcn\u00fcn sabr\u0131yla hayat bulmu\u015f kal\u0131c\u0131 bir miras.<\/p>\n<p>Keles hal\u0131lar\u0131n\u0131n kendine \u00f6zg\u00fc tasar\u0131m unsurlar\u0131, bu eserde de kendini g\u00f6steriyor. Genellikle geometrik desenler, stilize edilmi\u015f bitkisel motifler ve y\u00f6reye \u00f6zg\u00fc semboller, hal\u0131n\u0131n y\u00fczeyinde kendine has bir uyum olu\u015fturuyor. Bursa&#8217;n\u0131n do\u011fal g\u00fczelliklerinden ve k\u00fclt\u00fcrel miras\u0131ndan ilham alan bu motifler, hal\u0131ya otantik ve s\u0131cak bir hava kat\u0131yor. \u00c7ok \u00e7ok nadir \u00e7\u0131kan bu y\u00f6renin hal\u0131s\u0131 m\u00fckemmel bir kondisyona sahip. Hal\u0131da yer yer hafif hav azalmas\u0131 mevcut olmas\u0131 dolay\u0131s\u0131 ile kondisyonu ikinci seviyede olan m\u00fckemmel se\u00e7ilmi\u015ftir. Ancak hal\u0131ya m\u00fcdahale yap\u0131lmam\u0131\u015f entakt yani el de\u011fmemi\u015f \u015fekildedir.<\/p>\n<p>M\u00fckemmel kondisyonuyla dikkat \u00e7eken bu antika Keles hal\u0131s\u0131, kullan\u0131lan malzemenin kalitesini ve dokuma i\u015f\u00e7ili\u011finin inceli\u011fini g\u00fcn\u00fcm\u00fcze ta\u015f\u0131yor. Bursa y\u00f6resine \u00f6zg\u00fc do\u011fal tonlar, k\u0131rm\u0131z\u0131lar, maviler ve ye\u015filler, hal\u0131n\u0131n renk paletini olu\u015ftururken, b\u00f6lgenin do\u011fal ve k\u00fclt\u00fcrel atmosferini yans\u0131t\u0131yor.<\/p>\n<p>Bu Antik Keles Hal\u0131s\u0131, sadece bir mekan\u0131 s\u00fcslemekle kalm\u0131yor, ayn\u0131 zamanda Bursa&#8217;n\u0131n y\u00fckseklerindeki zanaat miras\u0131n\u0131 ve Keles&#8217;in \u00f6zg\u00fcn dokuma sanat\u0131n\u0131 temsil ediyor. Bu nadide eseri koleksiyonunuza dahil etmek, Anadolu&#8217;nun zengin k\u00fclt\u00fcrel co\u011frafyas\u0131na yap\u0131lan sayg\u0131l\u0131 bir yolculuk.<\/p>\n","protected":false},"excerpt":{"rendered":"<p><strong>Men\u015fei:<\/strong> T\u00fcrkiye \/ Bursa <strong>Kondisyon:<\/strong> M\u00fckemmel <strong>Dokuma Materyali ve Teknik:<\/strong> Y\u00fcne Y\u00fcn, %100 Kirman ipi, G\u00f6rdes (T\u00fcrk) D\u00fc\u011f\u00fcm\u00fc <strong>D\u00f6nem &#8211; Ya\u015f:<\/strong> 19. Y\u00fczy\u0131l Sonu &#8211; 120+ ya\u015f.<\/p>\n","protected":false},"featured_media":7698,"comment_status":"closed","ping_status":"closed","template":"","meta":[],"product_brand":[],"product_cat":[336],"product_tag":[395,398,396,399,397,393,394],"class_list":{"0":"post-7697","1":"product","2":"type-product","3":"status-publish","4":"has-post-thumbnail","6":"product_cat-hali-ve-kilim","7":"product_tag-antika-hali","8":"product_tag-antika-hali-muzayedesi","9":"product_tag-antique-rug","10":"product_tag-antique-rug-online-auction","11":"product_tag-endemigo-auction","12":"product_tag-online-auction","13":"product_tag-online-muzayede","15":"first","16":"instock","17":"sold-individually","18":"product-type-auction"},"_links":{"self":[{"href":"https:\/\/endemigoauction.com\/en\/wp-json\/wp\/v2\/product\/7697","targetHints":{"allow":["GET"]}}],"collection":[{"href":"https:\/\/endemigoauction.com\/en\/wp-json\/wp\/v2\/product"}],"about":[{"href":"https:\/\/endemigoauction.com\/en\/wp-json\/wp\/v2\/types\/product"}],"replies":[{"embeddable":true,"href":"https:\/\/endemigoauction.com\/en\/wp-json\/wp\/v2\/comments?post=7697"}],"wp:featuredmedia":[{"embeddable":true,"href":"https:\/\/endemigoauction.com\/en\/wp-json\/wp\/v2\/media\/7698"}],"wp:attachment":[{"href":"https:\/\/endemigoauction.com\/en\/wp-json\/wp\/v2\/media?parent=7697"}],"wp:term":[{"taxonomy":"product_brand","embeddable":true,"href":"https:\/\/endemigoauction.com\/en\/wp-json\/wp\/v2\/product_brand?post=7697"},{"taxonomy":"product_cat","embeddable":true,"href":"https:\/\/endemigoauction.com\/en\/wp-json\/wp\/v2\/product_cat?post=7697"},{"taxonomy":"product_tag","embeddable":true,"href":"https:\/\/endemigoauction.com\/en\/wp-json\/wp\/v2\/product_tag?post=7697"}],"curies":[{"name":"wp","href":"https:\/\/api.w.org\/{rel}","templated":true}]}}