{"id":7694,"date":"2025-05-29T10:45:17","date_gmt":"2025-05-29T07:45:17","guid":{"rendered":"https:\/\/endemigoauction.com\/urun\/lot-53-antik-sivas-mor-mihrapli-hali-19-yuzyil-105-x-152-cm\/"},"modified":"2025-06-01T16:08:52","modified_gmt":"2025-06-01T13:08:52","slug":"lot-53-antik-sivas-mor-mihrapli-hali-19-yuzyil-105-x-152-cm","status":"publish","type":"product","link":"https:\/\/endemigoauction.com\/en\/urun\/lot-53-antik-sivas-mor-mihrapli-hali-19-yuzyil-105-x-152-cm\/","title":{"rendered":"LOT.53 Antik Sivas Mor Mihrapl\u0131 Hal\u0131 19. Y\u00fczy\u0131l 105 x 152 cm"},"content":{"rendered":"<p><strong>Sivas Mor Mihrapl\u0131 Hal\u0131 19. Y\u00fczy\u0131l 105 x 152 cm.<\/strong><\/p>\n<p>Bu 19. y\u00fczy\u0131l antika Sivas hal\u0131s\u0131, Orta Anadolu&#8217;nun k\u00f6kl\u00fc dokuma gelene\u011finin muhte\u015fem bir \u00f6rne\u011fi olarak kar\u015f\u0131m\u0131za \u00e7\u0131k\u0131yor. Nadir bulunan etkileyici mor mihrab\u0131 ile ger\u00e7ekten e\u015fsiz bir zarafet sunuyor. Sivas&#8217;\u0131n usta zanaatkarlar\u0131n\u0131n titiz \u00e7al\u0131\u015fmalar\u0131yla, %100 el e\u011firmesiyle elde edilen, do\u011fal k\u00f6k boyalar\u0131n derin ve asil tonlar\u0131yla renklendirilmi\u015f se\u00e7kin y\u00fcn ipli\u011fi, geleneksel G\u00f6rdes (T\u00fcrk) d\u00fc\u011f\u00fcm\u00fcn\u00fcn sabr\u0131yla bu kal\u0131c\u0131 sanat eserine d\u00f6n\u00fc\u015fm\u00fc\u015f.<\/p>\n<p>Bu hal\u0131, Sivas dokumac\u0131l\u0131\u011f\u0131n\u0131n inceli\u011fini ve mor rengin mistik derinli\u011fini bir araya getiriyor.Hal\u0131n\u0131n merkezinde yer alan mor renkli mihrap, mekana huzurlu ve spirit\u00fcel bir atmosfer kat\u0131yor. Mor, tarih boyunca asalet, l\u00fcks ve maneviyatla ili\u015fkilendirilmi\u015f \u00f6zel bir renk ve bu hal\u0131da mihrap formuyla birle\u015ferek derin bir anlam ve g\u00f6rsel etki yarat\u0131yor. Mihrab\u0131n etraf\u0131n\u0131 saran geleneksel Sivas motifleri, hal\u0131n\u0131n otantik karakterini peki\u015ftirirken, desenlerin simetrisi ve uyumu g\u00f6rsel bir denge sunuyor.<\/p>\n<p>Ola\u011fan\u00fcst\u00fc kondisyonuyla g\u00f6z kama\u015ft\u0131ran bu 19. y\u00fczy\u0131l hal\u0131s\u0131, kullan\u0131lan malzemenin kalitesini ve dokuma i\u015f\u00e7ili\u011finin \u00fcst\u00fcnl\u00fc\u011f\u00fcn\u00fc g\u00fcn\u00fcm\u00fcze ta\u015f\u0131yor. Sivas y\u00f6resine \u00f6zg\u00fc di\u011fer renklerin (genellikle bordolar, lacivertler, kremler ve toprak tonlar\u0131) morun asil tonuyla olan uyumu, hal\u0131ya sofistike ve etkileyici bir g\u00f6r\u00fcn\u00fcm kazand\u0131r\u0131yor.<\/p>\n<p>Bu Antik Sivas Mor Mihrapl\u0131 Hal\u0131s\u0131, sadece bir mekan\u0131 s\u00fcslemekle kalmaz, ayn\u0131 zamanda mor rengin nadir ve asil zarafetiyle bulundu\u011fu ortama se\u00e7kin bir hava katar. Anadolu&#8217;nun k\u00f6kl\u00fc sanat gelene\u011finin bu nadide \u00f6rne\u011fini koleksiyonunuza dahil etmek, zamans\u0131z bir g\u00fczelli\u011fe ve manevi bir derinli\u011fe sahip olman\u0131n kap\u0131lar\u0131n\u0131 aral\u0131yor.<\/p>\n","protected":false},"excerpt":{"rendered":"<p><strong>Men\u015fei:<\/strong> T\u00fcrkiye \/ Sivas <strong>Kondisyon:<\/strong> Ola\u011fan\u00fcst\u00fc <strong>Dokuma Materyali ve Teknik:<\/strong> Y\u00fcne Y\u00fcn, %100 Kirman ipi, G\u00f6rdes (T\u00fcrk) D\u00fc\u011f\u00fcm\u00fc <strong>D\u00f6nem &#8211; Ya\u015f:<\/strong> 19. Y\u00fczy\u0131l<\/p>\n","protected":false},"featured_media":7695,"comment_status":"closed","ping_status":"closed","template":"","meta":[],"product_brand":[],"product_cat":[336],"product_tag":[395,398,396,399,397,393,394],"class_list":{"0":"post-7694","1":"product","2":"type-product","3":"status-publish","4":"has-post-thumbnail","6":"product_cat-hali-ve-kilim","7":"product_tag-antika-hali","8":"product_tag-antika-hali-muzayedesi","9":"product_tag-antique-rug","10":"product_tag-antique-rug-online-auction","11":"product_tag-endemigo-auction","12":"product_tag-online-auction","13":"product_tag-online-muzayede","15":"first","16":"instock","17":"sold-individually","18":"product-type-auction"},"_links":{"self":[{"href":"https:\/\/endemigoauction.com\/en\/wp-json\/wp\/v2\/product\/7694","targetHints":{"allow":["GET"]}}],"collection":[{"href":"https:\/\/endemigoauction.com\/en\/wp-json\/wp\/v2\/product"}],"about":[{"href":"https:\/\/endemigoauction.com\/en\/wp-json\/wp\/v2\/types\/product"}],"replies":[{"embeddable":true,"href":"https:\/\/endemigoauction.com\/en\/wp-json\/wp\/v2\/comments?post=7694"}],"wp:featuredmedia":[{"embeddable":true,"href":"https:\/\/endemigoauction.com\/en\/wp-json\/wp\/v2\/media\/7695"}],"wp:attachment":[{"href":"https:\/\/endemigoauction.com\/en\/wp-json\/wp\/v2\/media?parent=7694"}],"wp:term":[{"taxonomy":"product_brand","embeddable":true,"href":"https:\/\/endemigoauction.com\/en\/wp-json\/wp\/v2\/product_brand?post=7694"},{"taxonomy":"product_cat","embeddable":true,"href":"https:\/\/endemigoauction.com\/en\/wp-json\/wp\/v2\/product_cat?post=7694"},{"taxonomy":"product_tag","embeddable":true,"href":"https:\/\/endemigoauction.com\/en\/wp-json\/wp\/v2\/product_tag?post=7694"}],"curies":[{"name":"wp","href":"https:\/\/api.w.org\/{rel}","templated":true}]}}