{"id":7691,"date":"2025-05-29T10:45:17","date_gmt":"2025-05-29T07:45:17","guid":{"rendered":"https:\/\/endemigoauction.com\/urun\/lot-54-karadere-kiz-bergama-halisi-90-yas-103-x-142-cm\/"},"modified":"2025-06-01T16:08:11","modified_gmt":"2025-06-01T13:08:11","slug":"lot-54-karadere-kiz-bergama-halisi-90-yas-103-x-142-cm","status":"publish","type":"product","link":"https:\/\/endemigoauction.com\/en\/urun\/lot-54-karadere-kiz-bergama-halisi-90-yas-103-x-142-cm\/","title":{"rendered":"LOT.54 Karadere K\u0131z Bergama Hal\u0131s\u0131 90+ Ya\u015f 103 x 142 cm"},"content":{"rendered":"<p><strong>Karadere K\u0131z Bergama Hal\u0131s\u0131 90+ Ya\u015f 103 x 142 cm.<\/strong><\/p>\n<p>\u0130zmir&#8217;in Ne\u015feli Dokunu\u015fu: 90+ Ya\u015f\u0131nda Karadere K\u0131z Bergama Hal\u0131s\u0131 (Ponponlu)Ege&#8217;nin incisi \u0130zmir&#8217;in Bergama y\u00f6resinin canl\u0131 ruhunu yans\u0131tan bu 90 y\u0131l\u0131 a\u015fk\u0131n antika &#8220;Karadere K\u0131z&#8221; hal\u0131s\u0131, geleneksel dokuma sanat\u0131na ne\u015feli bir yorum getiriyor. Karadere&#8217;nin usta ellerinden \u00e7\u0131kan bu sevimli eser, %100 el e\u011firmesiyle elde edilmi\u015f, do\u011fal k\u00f6k boyalar\u0131n canl\u0131 tonlar\u0131yla renklendirilmi\u015f se\u00e7kin y\u00fcn ipli\u011finin, geleneksel G\u00f6rdes (T\u00fcrk) d\u00fc\u011f\u00fcm\u00fcn\u00fcn sabr\u0131yla hayat buldu\u011fu \u00f6zg\u00fcn bir yarat\u0131md\u0131r. Adeta gen\u00e7 bir k\u0131z\u0131n enerjisini ta\u015f\u0131yan bu hal\u0131, geleneksel motiflere e\u011flenceli bir dokunu\u015f sunar.<\/p>\n<p>Bu hal\u0131y\u0131 di\u011ferlerinden ay\u0131ran tatl\u0131 bir s\u00fcrpriz ise, %100 Kirman ipli\u011finden yap\u0131lm\u0131\u015f ponponlar\u0131d\u0131r. Bu sevimli detay, hal\u0131ya oyuncu ve s\u0131cak bir hava katarak, onu sadece bir zemin \u00f6rt\u00fcs\u00fc olmaktan \u00e7\u0131kar\u0131p, ne\u015feli bir dekorasyon objesine d\u00f6n\u00fc\u015ft\u00fcr\u00fcr. Geleneksel Bergama motiflerinin aras\u0131nda bu e\u011flenceli detay, hal\u0131ya \u00f6zg\u00fcn ve samimi bir karakter kazand\u0131r\u0131r.<\/p>\n<p>Ola\u011fan\u00fcst\u00fc kondisyonuyla g\u00f6z kama\u015ft\u0131ran bu 90 y\u0131l\u0131 a\u015fk\u0131n hal\u0131, kullan\u0131lan malzemenin kalitesini ve dokuma i\u015f\u00e7ili\u011finin \u00f6zenini g\u00fcn\u00fcm\u00fcze ta\u015f\u0131r. \u0130zmir&#8217;in canl\u0131 renkleri, bu tasar\u0131mda da kendini g\u00f6sterir; genellikle parlak k\u0131rm\u0131z\u0131lar, canl\u0131 maviler, ne\u015feli sar\u0131lar ve do\u011fal tonlar\u0131n harmonisi, hal\u0131ya s\u0131cak ve davetkar bir g\u00f6r\u00fcn\u00fcm verir.<\/p>\n<p>Bu Karadere K\u0131z Bergama Hal\u0131s\u0131 (Ponponlu), sadece bir mekan\u0131 s\u00fcslemekle kalmaz, ayn\u0131 zamanda \u0130zmir&#8217;in ne\u015feli ruhunu ve Bergama dokumac\u0131l\u0131\u011f\u0131n\u0131n geleneksel sanat\u0131na yap\u0131lan tatl\u0131 bir g\u00f6ndermeyi temsil eder. \u00dczerindeki sevimli ponponlar\u0131yla bu \u00f6zg\u00fcn eseri koleksiyonunuza dahil etmek, evinize ne\u015fe ve s\u0131cakl\u0131k katman\u0131n keyifli bir yoludur.<\/p>\n","protected":false},"excerpt":{"rendered":"<p><strong>Men\u015fei:<\/strong> T\u00fcrkiye \/ \u0130zmir <strong>Kondisyon:<\/strong> Ola\u011fan\u00fcst\u00fc <strong>Dokuma Materyali ve Teknik:<\/strong> Y\u00fcne Y\u00fcn, %100 Kirman ipi, G\u00f6rdes (T\u00fcrk) D\u00fc\u011f\u00fcm\u00fc <strong>D\u00f6nem &#8211; Ya\u015f:<\/strong> 90+ ya\u015f.<\/p>\n","protected":false},"featured_media":7692,"comment_status":"closed","ping_status":"closed","template":"","meta":[],"product_brand":[],"product_cat":[336],"product_tag":[395,398,396,399,397,393,394],"class_list":{"0":"post-7691","1":"product","2":"type-product","3":"status-publish","4":"has-post-thumbnail","6":"product_cat-hali-ve-kilim","7":"product_tag-antika-hali","8":"product_tag-antika-hali-muzayedesi","9":"product_tag-antique-rug","10":"product_tag-antique-rug-online-auction","11":"product_tag-endemigo-auction","12":"product_tag-online-auction","13":"product_tag-online-muzayede","15":"first","16":"instock","17":"sold-individually","18":"product-type-auction"},"_links":{"self":[{"href":"https:\/\/endemigoauction.com\/en\/wp-json\/wp\/v2\/product\/7691","targetHints":{"allow":["GET"]}}],"collection":[{"href":"https:\/\/endemigoauction.com\/en\/wp-json\/wp\/v2\/product"}],"about":[{"href":"https:\/\/endemigoauction.com\/en\/wp-json\/wp\/v2\/types\/product"}],"replies":[{"embeddable":true,"href":"https:\/\/endemigoauction.com\/en\/wp-json\/wp\/v2\/comments?post=7691"}],"wp:featuredmedia":[{"embeddable":true,"href":"https:\/\/endemigoauction.com\/en\/wp-json\/wp\/v2\/media\/7692"}],"wp:attachment":[{"href":"https:\/\/endemigoauction.com\/en\/wp-json\/wp\/v2\/media?parent=7691"}],"wp:term":[{"taxonomy":"product_brand","embeddable":true,"href":"https:\/\/endemigoauction.com\/en\/wp-json\/wp\/v2\/product_brand?post=7691"},{"taxonomy":"product_cat","embeddable":true,"href":"https:\/\/endemigoauction.com\/en\/wp-json\/wp\/v2\/product_cat?post=7691"},{"taxonomy":"product_tag","embeddable":true,"href":"https:\/\/endemigoauction.com\/en\/wp-json\/wp\/v2\/product_tag?post=7691"}],"curies":[{"name":"wp","href":"https:\/\/api.w.org\/{rel}","templated":true}]}}