{"id":7685,"date":"2025-05-29T10:44:53","date_gmt":"2025-05-29T07:44:53","guid":{"rendered":"https:\/\/endemigoauction.com\/urun\/lot-56-antik-cihanbeyli-halisi-19-yuzyil-137-x-118-cm\/"},"modified":"2025-06-01T16:42:01","modified_gmt":"2025-06-01T13:42:01","slug":"lot-56-antik-cihanbeyli-halisi-19-yuzyil-137-x-118-cm","status":"publish","type":"product","link":"https:\/\/endemigoauction.com\/en\/urun\/lot-56-antik-cihanbeyli-halisi-19-yuzyil-137-x-118-cm\/","title":{"rendered":"LOT.56 Antik Cihanbeyli Hal\u0131s\u0131 19. Y\u00fczy\u0131l 137 x 118 cm"},"content":{"rendered":"<p><strong>Antik Cihanbeyli Hal\u0131s\u0131 Tarihli 19. Y\u00fczy\u0131l 137 x 118 cm.<\/strong><\/p>\n<p>Cihanbeyli Hal\u0131lar\u0131: Sanat ve Haf\u0131zan\u0131n Y\u00fcnle \u0130fadesi Orta Anadolu&#8217;nun kalbinden do\u011fan Cihanbeyli hal\u0131lar\u0131, d\u00fcnya \u00e7ap\u0131nda koleksiyonerlerin ve hal\u0131 sanat\u0131na g\u00f6n\u00fcl verenlerin daima ilgi oda\u011f\u0131 olmu\u015f, estetik ve k\u00fclt\u00fcrel de\u011ferleriyle her d\u00f6nemde dikkat \u00e7ekmi\u015ftir. Ancak bu \u00f6zel par\u00e7a, yaln\u0131zca y\u00f6resel bir \u00f6rnek de\u011fil, Cihanbeyli y\u00f6resinin hal\u0131 sanat\u0131nda ula\u015ft\u0131\u011f\u0131 en nadir ve \u00f6zg\u00fcn zirvelerden biridir.Bu hal\u0131n\u0131n e\u015fsizli\u011fini ortaya koyan en belirgin \u00f6ge, lacivert renkli mihrap zeminidir. Bu ton, 19. y\u00fczy\u0131l Anadolu hal\u0131lar\u0131nda son derece nadir rastlanan bir tercihtir ve kullan\u0131ld\u0131\u011f\u0131 eseri do\u011frudan farkl\u0131la\u015ft\u0131r\u0131r. Ayr\u0131ca kareye yak\u0131n ebat\u0131, onu hem ibadet hem de sembolik kullan\u0131m a\u00e7\u0131s\u0131ndan dikkat \u00e7ekici k\u0131lar.<\/p>\n<p>Hal\u0131n\u0131n i\u00e7 tasar\u0131m\u0131nda yer alan kadim tribal tamgalar, yaln\u0131zca dekoratif de\u011fil; bir halk\u0131n d\u00fc\u015f\u00fcnsel miras\u0131n\u0131, inan\u00e7 haritas\u0131n\u0131 ve k\u00fclt\u00fcrel s\u00fcreklili\u011fini aktaran i\u015faretlerdir. Bu y\u00f6n\u00fcyle hal\u0131, yaln\u0131zca bir zanaatk\u00e2r\u0131n de\u011fil, bir toplulu\u011fun haf\u0131zas\u0131n\u0131 yans\u0131tan sanatsal bir belge gibidir.<\/p>\n<p>Teknik M\u00fckemmellik ve Korunmu\u015fluk: %100 Kirman ipiyle ve G\u00f6rdes (T\u00fcrk) d\u00fc\u011f\u00fcm\u00fcyle dokunan bu hal\u0131, y\u00fcn kalitesi, boya direnci ve motif i\u015f\u00e7ili\u011fi a\u00e7\u0131s\u0131ndan en \u00fcst d\u00fczeyde bir \u00f6rnek sunuyor. 130 y\u0131l\u0131 a\u015fk\u0131n bir ge\u00e7mi\u015fe sahip olmas\u0131na ra\u011fmen, kondisyonu ger\u00e7ekten ola\u011fan\u00fcst\u00fc. Hal\u0131n\u0131n havl\u0131 k\u0131sm\u0131nda herhangi bir ciddi deformasyon, tamir ya da kay\u0131p durumu s\u00f6z konusu de\u011fil. Ba\u015flar\u0131ndaki toprak \u00e7al (kilimlik) k\u0131sm\u0131n\u0131n alt taraf\u0131nda bir daralma mevcut. Kaz aya\u011f\u0131 zincir tekni\u011fi ile korunmu\u015f. Hal\u0131n\u0131n m\u00fckemmel durumu, izleyicisine sundu\u011fu tasar\u0131m b\u00fct\u00fcnl\u00fc\u011f\u00fc ile sadece sanatsal bir de\u011fer ta\u015f\u0131makla kalm\u0131yor, ayn\u0131 zamanda g\u00fc\u00e7l\u00fc bir karaktere sahip oldu\u011funu da g\u00f6steriyor.<\/p>\n<p>Pazarda Stratejik Konum:<\/p>\n<p>Nadirlik ve De\u011fer: Cihanbeyli hal\u0131lar\u0131, d\u00fcnya genelinde b\u00fcy\u00fck bir ilgi g\u00f6ren bir b\u00f6lgeyi temsil etse de, bu \u00f6rnek kendi y\u00f6resel grubunun \u00f6tesine ge\u00e7erek ger\u00e7ekten istisnai bir konumda yer al\u0131yor. Sanatsal kompozisyonu, kullan\u0131lan nadir renk tonlar\u0131, sembolik yo\u011funlu\u011fu ve ola\u011fan\u00fcst\u00fc durumu sayesinde, pazar de\u011feri klasik anlamda s\u0131n\u0131rland\u0131r\u0131lamaz.<\/p>\n","protected":false},"excerpt":{"rendered":"<p><strong>Men\u015fei:<\/strong> T\u00fcrkiye, Konya, Malatya <strong>Kondisyon:<\/strong> Ola\u011fan\u00fcst\u00fc <strong>Dokuma Materyali ve Teknik:<\/strong> Y\u00fcne Y\u00fcn, %100 Kirman ipi, G\u00f6rdes (T\u00fcrk) D\u00fc\u011f\u00fcm\u00fc <strong>D\u00f6nem &#8211; Ya\u015f:<\/strong> 19. Y\u00fczy\u0131l. 130+ Ya\u015f<\/p>\n","protected":false},"featured_media":7686,"comment_status":"closed","ping_status":"closed","template":"","meta":[],"product_brand":[],"product_cat":[336],"product_tag":[395,398,396,399,397,393,394],"class_list":{"0":"post-7685","1":"product","2":"type-product","3":"status-publish","4":"has-post-thumbnail","6":"product_cat-hali-ve-kilim","7":"product_tag-antika-hali","8":"product_tag-antika-hali-muzayedesi","9":"product_tag-antique-rug","10":"product_tag-antique-rug-online-auction","11":"product_tag-endemigo-auction","12":"product_tag-online-auction","13":"product_tag-online-muzayede","15":"first","16":"instock","17":"sold-individually","18":"product-type-auction"},"_links":{"self":[{"href":"https:\/\/endemigoauction.com\/en\/wp-json\/wp\/v2\/product\/7685","targetHints":{"allow":["GET"]}}],"collection":[{"href":"https:\/\/endemigoauction.com\/en\/wp-json\/wp\/v2\/product"}],"about":[{"href":"https:\/\/endemigoauction.com\/en\/wp-json\/wp\/v2\/types\/product"}],"replies":[{"embeddable":true,"href":"https:\/\/endemigoauction.com\/en\/wp-json\/wp\/v2\/comments?post=7685"}],"wp:featuredmedia":[{"embeddable":true,"href":"https:\/\/endemigoauction.com\/en\/wp-json\/wp\/v2\/media\/7686"}],"wp:attachment":[{"href":"https:\/\/endemigoauction.com\/en\/wp-json\/wp\/v2\/media?parent=7685"}],"wp:term":[{"taxonomy":"product_brand","embeddable":true,"href":"https:\/\/endemigoauction.com\/en\/wp-json\/wp\/v2\/product_brand?post=7685"},{"taxonomy":"product_cat","embeddable":true,"href":"https:\/\/endemigoauction.com\/en\/wp-json\/wp\/v2\/product_cat?post=7685"},{"taxonomy":"product_tag","embeddable":true,"href":"https:\/\/endemigoauction.com\/en\/wp-json\/wp\/v2\/product_tag?post=7685"}],"curies":[{"name":"wp","href":"https:\/\/api.w.org\/{rel}","templated":true}]}}