{"id":7680,"date":"2025-05-29T10:44:53","date_gmt":"2025-05-29T07:44:53","guid":{"rendered":"https:\/\/endemigoauction.com\/urun\/lot-57-antik-gelveri-halisi-tarihli-19-yuzyil-110-x-195-cm\/"},"modified":"2025-06-01T16:24:31","modified_gmt":"2025-06-01T13:24:31","slug":"lot-57-antik-gelveri-halisi-tarihli-19-yuzyil-110-x-195-cm","status":"publish","type":"product","link":"https:\/\/endemigoauction.com\/en\/urun\/lot-57-antik-gelveri-halisi-tarihli-19-yuzyil-110-x-195-cm\/","title":{"rendered":"LOT.57 Antik Gelveri Hal\u0131s\u0131 Tarihli 19. Y\u00fczy\u0131l 110 x 195 cm"},"content":{"rendered":"<p><strong>Antik Gelveri Hal\u0131s\u0131 19. Y\u00fczy\u0131l &#8211; 1897 Tarihli \/ \u00c7ift Ba\u015fl\u0131 Kartall\u0131 110 x 195 cm. <\/strong><\/p>\n<p>Bir Medeniyet Haf\u0131zas\u0131 Olarak Gelveri Kapadokya\u2019n\u0131n tarihsel kalbinde yer alan Gelveri, sadece bir co\u011frafi b\u00f6lge de\u011fil; inan\u00e7, gelenek ve sanat\u0131n harmanland\u0131\u011f\u0131 kadim bir k\u00fclt\u00fcrel merkezdir. Genellikle &#8220;Rum&#8221; olarak an\u0131lsa da, asl\u0131nda Roma vatanda\u015f\u0131 olmu\u015f ve Hristiyanl\u0131\u011f\u0131 benimsemi\u015f T\u00fcrk topluluklar\u0131n\u0131n y\u00fczy\u0131llar boyunca ya\u015fad\u0131\u011f\u0131 bu yer, Sel\u00e7uklu hakimiyetiyle birlikte \u00e7ok katmanl\u0131 bir k\u00fclt\u00fcrel birlikteli\u011fin be\u015fi\u011fi haline gelmi\u015ftir. Hristiyan inanc\u0131na sahip bu T\u00fcrk topluluklar\u0131, kendi k\u00fclt\u00fcrel k\u00f6klerini koruyarak ya\u015famlar\u0131n\u0131 s\u00fcrd\u00fcrm\u00fc\u015f ve \u00f6zellikle hal\u0131 dokuma gelene\u011fi ile d\u00fcnya \u00e7ap\u0131nda \u00f6zg\u00fcnl\u00fck ve estetik anlam\u0131nda b\u00fcy\u00fck bir \u00fcn kazanm\u0131\u015flard\u0131r.<\/p>\n<p>Bu tarihi arka plan, Gelveri hal\u0131lar\u0131n\u0131 sadece bir zanaat ya da sanat eseri olmaktan \u00f6teye ta\u015f\u0131yarak, bilin\u00e7, haf\u0131za ve sembolizmle \u00f6r\u00fclm\u00fc\u015f k\u00fclt\u00fcrel metinlere d\u00f6n\u00fc\u015ft\u00fcr\u00fcr. Gelveri hal\u0131lar\u0131, Hristiyanl\u0131k sembolleriyle kadim T\u00fcrk tamgalar\u0131n\u0131n ayn\u0131 kompozisyonda i\u00e7 i\u00e7e ge\u00e7ti\u011fi nadir sanat \u00f6rnekleridir. Bu ba\u011flamda, k\u00fclt\u00fcrler aras\u0131 \u00f6zlerin farkl\u0131 inan\u00e7 zeminlerinde tezah\u00fcr\u00fc s\u00f6z konusudur.<\/p>\n<p>1897 Tarihli, \u00c7ift Ba\u015fl\u0131 Kartall\u0131 Nadir Eser Bu \u00f6zel hal\u0131, Gelveri dokumac\u0131l\u0131\u011f\u0131n\u0131n k\u00fclt\u00fcrel, teknik ve sembolik a\u00e7\u0131dan ula\u015ft\u0131\u011f\u0131 zirveyi temsil ediyor. \u00dczerinde a\u00e7\u0131k\u00e7a i\u015flenmi\u015f 1897 tarihi, eseri sadece g\u00f6rsel bir de\u011fer olmaktan \u00e7\u0131kar\u0131p, belgelenmi\u015f bir tarih\u00ee vesika h\u00e2line getiriyor. En dikkat \u00e7ekici \u00f6zelliklerinden biri, hal\u0131n\u0131n merkezinde yer alan \u00e7ift ba\u015fl\u0131 kartal motifi. T\u00fcrk mitolojisinde ve devlet gelene\u011finde do\u011fu ve bat\u0131y\u0131 ayn\u0131 anda g\u00f6zeten, koruyucu ve h\u00fckmedici g\u00fc\u00e7 anlam\u0131na gelen bu motif, ayn\u0131 zamanda Anadolu\u2019daki T\u00fcrk varl\u0131\u011f\u0131n\u0131n devletsel ve kozmik bilincine de i\u015faret ediyor.<\/p>\n<p>Zemininde kullan\u0131lan yo\u011fun kan k\u0131rm\u0131z\u0131s\u0131 k\u00f6k boya, hem g\u00f6z al\u0131c\u0131 hem de hal\u0131n\u0131n as\u0131rl\u0131k tarihine ra\u011fmen ne kadar iyi korundu\u011funu g\u00f6steriyor. G\u00f6k mavisi ve lacivert tonlarla zenginle\u015ftirilen motifler, sadece estetik de\u011fil, ayn\u0131 zamanda d\u00fc\u015f\u00fcnsel bir derinlik de ta\u015f\u0131yor. G\u00f6rdes d\u00fc\u011f\u00fcm\u00fcyle dokunan bu hal\u0131, y\u00fcne y\u00fcn dokumas\u0131 ve %100 Kirman ipi ile en \u00fcst d\u00fczey kaliteyi temsil ediyor. Ekspertiz raporlar\u0131nda herhangi bir onar\u0131m izi g\u00f6r\u00fclmemi\u015f; kondisyonu, ya\u015f\u0131yla k\u0131yasland\u0131\u011f\u0131nda ola\u011fan\u00fcst\u00fc.<\/p>\n<p>Sanat Piyasas\u0131nda Yeri ve Nadirlik De\u011feri: Bu hal\u0131n\u0131n piyasadaki yeri, yaln\u0131zca ya\u015f\u0131 ve kondisyonu ile de\u011fil, ta\u015f\u0131d\u0131\u011f\u0131 nadide ikonografi ve belgelenmi\u015f tarihiyle de belirleniyor. \u00c7ift ba\u015fl\u0131 kartal motifi ile tarih yaz\u0131s\u0131n\u0131n bir arada bulundu\u011fu \u00f6rneklere son derece ender rastlan\u0131yor. Bu nedenle hal\u0131, \u00fcst de\u011fer s\u0131n\u0131r\u0131 belirlenemeyecek kadar koleksiyoner ilgisine a\u00e7\u0131k bir eser olarak de\u011ferlendiriliyor.<\/p>\n<p>Bu eser, klasik pazar de\u011ferleriyle s\u0131n\u0131rland\u0131r\u0131lamayacak kadar nadir, anlam y\u00fckl\u00fc ve tarihsel k\u0131ymeti olan bir par\u00e7a.<\/p>\n","protected":false},"excerpt":{"rendered":"<p><strong>Men\u015fei:<\/strong> T\u00fcrkiye \/ Kapadokya, Gelveri <strong>Kondisyon:<\/strong> Ola\u011fan\u00fcst\u00fc <strong>Dokuma Materyali ve Teknik:<\/strong> Y\u00fcne Y\u00fcn, %100 Kirman ipi \u2013 G\u00f6rdes (T\u00fcrk) D\u00fc\u011f\u00fcm\u00fc <strong>D\u00f6nem &#8211; Ya\u015f:<\/strong> 19. Y\u00fczy\u0131l Sonu &#8211; 1897 Tarihli (Yakla\u015f\u0131k 129 ya\u015f\u0131nda)<\/p>\n","protected":false},"featured_media":7681,"comment_status":"closed","ping_status":"closed","template":"","meta":[],"product_brand":[],"product_cat":[336],"product_tag":[395,398,396,399,397,393,394],"class_list":{"0":"post-7680","1":"product","2":"type-product","3":"status-publish","4":"has-post-thumbnail","6":"product_cat-hali-ve-kilim","7":"product_tag-antika-hali","8":"product_tag-antika-hali-muzayedesi","9":"product_tag-antique-rug","10":"product_tag-antique-rug-online-auction","11":"product_tag-endemigo-auction","12":"product_tag-online-auction","13":"product_tag-online-muzayede","15":"first","16":"instock","17":"sold-individually","18":"product-type-auction"},"_links":{"self":[{"href":"https:\/\/endemigoauction.com\/en\/wp-json\/wp\/v2\/product\/7680","targetHints":{"allow":["GET"]}}],"collection":[{"href":"https:\/\/endemigoauction.com\/en\/wp-json\/wp\/v2\/product"}],"about":[{"href":"https:\/\/endemigoauction.com\/en\/wp-json\/wp\/v2\/types\/product"}],"replies":[{"embeddable":true,"href":"https:\/\/endemigoauction.com\/en\/wp-json\/wp\/v2\/comments?post=7680"}],"wp:featuredmedia":[{"embeddable":true,"href":"https:\/\/endemigoauction.com\/en\/wp-json\/wp\/v2\/media\/7681"}],"wp:attachment":[{"href":"https:\/\/endemigoauction.com\/en\/wp-json\/wp\/v2\/media?parent=7680"}],"wp:term":[{"taxonomy":"product_brand","embeddable":true,"href":"https:\/\/endemigoauction.com\/en\/wp-json\/wp\/v2\/product_brand?post=7680"},{"taxonomy":"product_cat","embeddable":true,"href":"https:\/\/endemigoauction.com\/en\/wp-json\/wp\/v2\/product_cat?post=7680"},{"taxonomy":"product_tag","embeddable":true,"href":"https:\/\/endemigoauction.com\/en\/wp-json\/wp\/v2\/product_tag?post=7680"}],"curies":[{"name":"wp","href":"https:\/\/api.w.org\/{rel}","templated":true}]}}