{"id":7677,"date":"2025-05-29T10:44:53","date_gmt":"2025-05-29T07:44:53","guid":{"rendered":"https:\/\/endemigoauction.com\/urun\/lot-58-antik-ladik-halisi-19-yuzyil-107-x-187-cm\/"},"modified":"2025-06-01T16:25:49","modified_gmt":"2025-06-01T13:25:49","slug":"lot-58-antik-ladik-halisi-19-yuzyil-107-x-187-cm","status":"publish","type":"product","link":"https:\/\/endemigoauction.com\/en\/urun\/lot-58-antik-ladik-halisi-19-yuzyil-107-x-187-cm\/","title":{"rendered":"LOT.58 Antik Ladik Hal\u0131s\u0131 19. Y\u00fczy\u0131l 107 x 187 cm"},"content":{"rendered":"<p><strong>Antik Ladik Hal\u0131s\u0131 19. Y\u00fczy\u0131l 107 x 187 cm.<\/strong><\/p>\n<p>Anadolu&#8217;nun \u0130hti\u015faml\u0131 Miras\u0131: 19. Y\u00fczy\u0131l Ladik Hal\u0131s\u0131Konya&#8217;n\u0131n k\u00f6kl\u00fc dokuma gelene\u011finin en g\u00fczel \u00f6rneklerinden biri olan bu 19. y\u00fczy\u0131l antika Ladik hal\u0131s\u0131, bulundu\u011fu b\u00f6lgenin zengin k\u00fclt\u00fcrel katmanlar\u0131n\u0131 ve estetik zarafetini g\u00f6zler \u00f6n\u00fcne seriyor. Usta zanaatkarlar\u0131n \u00f6zenle i\u015fledi\u011fi bu eser, %100 el e\u011firmesiyle elde edilmi\u015f, do\u011fal k\u00f6k boyalar\u0131n derin ve uyumlu tonlar\u0131yla renklendirilmi\u015f se\u00e7kin y\u00fcn ipli\u011finin, geleneksel G\u00f6rdes (T\u00fcrk) d\u00fc\u011f\u00fcm\u00fcn\u00fcn sabr\u0131yla hayat buldu\u011fu kal\u0131c\u0131 bir ba\u015fyap\u0131t.<\/p>\n<p>Ladik hal\u0131lar\u0131, Anadolu dokuma sanat\u0131n\u0131n en sayg\u0131n temsilcilerinden biri olarak bilinir ve bu \u00f6rnek de bu itibar\u0131 fazlas\u0131yla hak ediyor. Bu nadide hal\u0131n\u0131n tasar\u0131m\u0131nda s\u0131k\u00e7a rastlanan stilize edilmi\u015f bitkisel motifler, geometrik unsurlar ve simetrik d\u00fczenlemeler, Ladik hal\u0131lar\u0131n\u0131n karakteristik \u00f6zelliklerindendir. Mihrap motifi, bu hal\u0131larda s\u0131k\u00e7a g\u00f6r\u00fclen ve ruhsal bir derinli\u011fi simgeleyen \u00f6nemli bir unsurdur. Hal\u0131n\u0131n y\u00fczeyindeki her bir desen, ait oldu\u011fu d\u00f6nemin inan\u00e7lar\u0131n\u0131, ya\u015fam tarz\u0131n\u0131 ve estetik zevkini f\u0131s\u0131ldar.<\/p>\n<p>M\u00fckemmel kondisyonuyla g\u00f6z kama\u015ft\u0131ran bu 19. y\u00fczy\u0131l Ladik hal\u0131s\u0131, kullan\u0131lan malzemenin kalitesini ve dokuma i\u015f\u00e7ili\u011finin ustal\u0131\u011f\u0131n\u0131 g\u00fcn\u00fcm\u00fcze ta\u015f\u0131yor. Konya y\u00f6resine \u00f6zg\u00fc renk paleti, bu tasar\u0131mda da kendini g\u00f6steriyor; genellikle bordo, lacivert, krem ve toprak tonlar\u0131n\u0131n dengeli ve zarif birlikteli\u011fi, hal\u0131ya asil ve s\u0131cak bir g\u00f6r\u00fcn\u00fcm kazand\u0131r\u0131yor. Toprak renginin \u00f6zellikle daha de\u011ferli oldu\u011fu Ladik hal\u0131lar\u0131, rengin uygulanmas\u0131 i\u00e7in gerektirdi\u011fi ustal\u0131k kaynakl\u0131d\u0131r. Hal\u0131n\u0131n i\u00e7inde yer yer profesyonel eski tamirler mevcuttur. Ancak ya\u015f\u0131 ve kondisyonunu y\u00fckseltmek i\u00e7in yap\u0131lm\u0131\u015f bu m\u00fcdahaleler de\u011ferini artt\u0131rm\u0131\u015ft\u0131r.<\/p>\n<p>Bu Antik Ladik Hal\u0131s\u0131, sadece bir zemini \u00f6rtmekle kalmaz, ayn\u0131 zamanda Anadolu&#8217;nun ihti\u015faml\u0131 k\u00fclt\u00fcrel miras\u0131n\u0131n ve Ladik&#8217;in \u00f6zg\u00fcn dokuma sanat\u0131n\u0131n zamans\u0131z bir ifadesi olarak de\u011ferini art\u0131r\u0131r. Bu nadide eseri koleksiyonunuza dahil etmek, T\u00fcrk dokuma sanat\u0131n\u0131n derinliklerine yap\u0131lan sayg\u0131l\u0131 bir yolculuk.<\/p>\n","protected":false},"excerpt":{"rendered":"<p><strong>Men\u015fei:<\/strong> T\u00fcrkiye \/ Konya <strong>Kondisyon:<\/strong> M\u00fckemmel <strong>Dokuma Materyali ve Teknik:<\/strong> Y\u00fcne Y\u00fcn, %100 Kirman ipi, G\u00f6rdes (T\u00fcrk) D\u00fc\u011f\u00fcm\u00fc <strong>D\u00f6nem &#8211; Ya\u015f:<\/strong> 19. Y\u00fczy\u0131l.<\/p>\n","protected":false},"featured_media":7678,"comment_status":"closed","ping_status":"closed","template":"","meta":[],"product_brand":[],"product_cat":[336],"product_tag":[395,398,396,399,397,393,394],"class_list":{"0":"post-7677","1":"product","2":"type-product","3":"status-publish","4":"has-post-thumbnail","6":"product_cat-hali-ve-kilim","7":"product_tag-antika-hali","8":"product_tag-antika-hali-muzayedesi","9":"product_tag-antique-rug","10":"product_tag-antique-rug-online-auction","11":"product_tag-endemigo-auction","12":"product_tag-online-auction","13":"product_tag-online-muzayede","15":"first","16":"instock","17":"sold-individually","18":"product-type-auction"},"_links":{"self":[{"href":"https:\/\/endemigoauction.com\/en\/wp-json\/wp\/v2\/product\/7677","targetHints":{"allow":["GET"]}}],"collection":[{"href":"https:\/\/endemigoauction.com\/en\/wp-json\/wp\/v2\/product"}],"about":[{"href":"https:\/\/endemigoauction.com\/en\/wp-json\/wp\/v2\/types\/product"}],"replies":[{"embeddable":true,"href":"https:\/\/endemigoauction.com\/en\/wp-json\/wp\/v2\/comments?post=7677"}],"wp:featuredmedia":[{"embeddable":true,"href":"https:\/\/endemigoauction.com\/en\/wp-json\/wp\/v2\/media\/7678"}],"wp:attachment":[{"href":"https:\/\/endemigoauction.com\/en\/wp-json\/wp\/v2\/media?parent=7677"}],"wp:term":[{"taxonomy":"product_brand","embeddable":true,"href":"https:\/\/endemigoauction.com\/en\/wp-json\/wp\/v2\/product_brand?post=7677"},{"taxonomy":"product_cat","embeddable":true,"href":"https:\/\/endemigoauction.com\/en\/wp-json\/wp\/v2\/product_cat?post=7677"},{"taxonomy":"product_tag","embeddable":true,"href":"https:\/\/endemigoauction.com\/en\/wp-json\/wp\/v2\/product_tag?post=7677"}],"curies":[{"name":"wp","href":"https:\/\/api.w.org\/{rel}","templated":true}]}}