{"id":7671,"date":"2025-05-29T10:44:53","date_gmt":"2025-05-29T07:44:53","guid":{"rendered":"https:\/\/endemigoauction.com\/urun\/lot-60-antik-manastir-halisi-100-yas-110-x-152-cm\/"},"modified":"2025-06-01T16:12:04","modified_gmt":"2025-06-01T13:12:04","slug":"lot-60-antik-manastir-halisi-100-yas-110-x-152-cm","status":"publish","type":"product","link":"https:\/\/endemigoauction.com\/en\/urun\/lot-60-antik-manastir-halisi-100-yas-110-x-152-cm\/","title":{"rendered":"LOT.60 Antik Manast\u0131r Hal\u0131s\u0131 100+ Ya\u015f 110 x 152 cm"},"content":{"rendered":"<p><strong>Antik Manast\u0131r Hal\u0131s\u0131 100+ Ya\u015f 110 x 152 cm.<\/strong><\/p>\n<p>Balkanlar\u0131n dokuma miras\u0131n\u0131 yans\u0131tan bu 20. y\u00fczy\u0131l ba\u015f\u0131 antika Manast\u0131r hal\u0131s\u0131, y\u00fcz y\u0131l\u0131 a\u015fk\u0131n bir s\u00fcredir zarafetini koruyor. Yunanistan&#8217;\u0131n Manast\u0131r b\u00f6lgesinden (g\u00fcn\u00fcm\u00fczde Bitola, Kuzey Makedonya) gelen bu e\u015fsiz eser, %100 el e\u011firmesiyle \u00fcretilmi\u015f, do\u011fal k\u00f6k boyalar\u0131n s\u0131cak tonlar\u0131yla renklendirilmi\u015f kaliteli y\u00fcn iplikleriyle, geleneksel G\u00f6rdes (T\u00fcrk) d\u00fc\u011f\u00fcm tekni\u011fiyle hayat bulmu\u015f kal\u0131c\u0131 bir miras.Bu hal\u0131, Manast\u0131r b\u00f6lgesinin kendine \u00f6zg\u00fc estetik anlay\u0131\u015f\u0131n\u0131 ve Balkanlar&#8217;\u0131n dokuma sanat\u0131n\u0131n karakteristik \u00f6zelliklerini ta\u015f\u0131r.<\/p>\n<p>\u00c7ok iyi durumu ile dikkat \u00e7eken bu antika hal\u0131n\u0131n kenar sarg\u0131lar\u0131nda yer yer da\u011f\u0131lmalar mevcuttur. hafif hav kalitesinde d\u00fc\u015f\u00fc\u015fler olmas\u0131na ra\u011fmen antikli\u011fi ve tasar\u0131m\u0131yla d\u00f6nemin zanaatkarl\u0131k kalitesini g\u00fcn\u00fcm\u00fcze ta\u015f\u0131yor. Manast\u0131r hal\u0131lar\u0131n\u0131n karakteristik desenleri ve renk paleti, bu eserde de kendini g\u00f6steriyor. Y\u00f6renin k\u00fclt\u00fcrel motifleri ve sembolleri, hal\u0131n\u0131n y\u00fczeyinde zarif bir uyum i\u00e7inde dans ediyor.<\/p>\n<p>Bu 20. y\u00fczy\u0131l ba\u015f\u0131 Antik Manast\u0131r Hal\u0131s\u0131, sadece bir mekan\u0131 s\u00fcslemekle kalmaz, ayn\u0131 zamanda Balkanlar\u0131n zengin tarihine ve k\u00fclt\u00fcr\u00fcne dair bir f\u0131s\u0131lt\u0131y\u0131 da getirir. Bu nadide eseri koleksiyonunuza eklemek, farkl\u0131 bir co\u011frafyan\u0131n dokuma miras\u0131na yap\u0131lan sayg\u0131l\u0131 bir yolculuk ve zamans\u0131z bir estetik anlay\u0131\u015f\u0131na sahip olmak demektir.<\/p>\n","protected":false},"excerpt":{"rendered":"<p><strong>Men\u015fei:<\/strong> Makedonya <strong>Kondisyon:<\/strong> \u00c7ok \u0130yi <strong>Dokuma Materyali ve Teknik:<\/strong> Y\u00fcne Y\u00fcn, %100 Kirman ipi, G\u00f6rdes (T\u00fcrk) D\u00fc\u011f\u00fcm\u00fc <strong>D\u00f6nem &#8211; Ya\u015f:<\/strong> 20. Y\u00fczy\u0131l Ba\u015f\u0131 100+ ya\u015f<\/p>\n","protected":false},"featured_media":7672,"comment_status":"closed","ping_status":"closed","template":"","meta":[],"product_brand":[],"product_cat":[336],"product_tag":[395,398,396,399,397,393,394],"class_list":{"0":"post-7671","1":"product","2":"type-product","3":"status-publish","4":"has-post-thumbnail","6":"product_cat-hali-ve-kilim","7":"product_tag-antika-hali","8":"product_tag-antika-hali-muzayedesi","9":"product_tag-antique-rug","10":"product_tag-antique-rug-online-auction","11":"product_tag-endemigo-auction","12":"product_tag-online-auction","13":"product_tag-online-muzayede","15":"first","16":"instock","17":"sold-individually","18":"product-type-auction"},"_links":{"self":[{"href":"https:\/\/endemigoauction.com\/en\/wp-json\/wp\/v2\/product\/7671","targetHints":{"allow":["GET"]}}],"collection":[{"href":"https:\/\/endemigoauction.com\/en\/wp-json\/wp\/v2\/product"}],"about":[{"href":"https:\/\/endemigoauction.com\/en\/wp-json\/wp\/v2\/types\/product"}],"replies":[{"embeddable":true,"href":"https:\/\/endemigoauction.com\/en\/wp-json\/wp\/v2\/comments?post=7671"}],"wp:featuredmedia":[{"embeddable":true,"href":"https:\/\/endemigoauction.com\/en\/wp-json\/wp\/v2\/media\/7672"}],"wp:attachment":[{"href":"https:\/\/endemigoauction.com\/en\/wp-json\/wp\/v2\/media?parent=7671"}],"wp:term":[{"taxonomy":"product_brand","embeddable":true,"href":"https:\/\/endemigoauction.com\/en\/wp-json\/wp\/v2\/product_brand?post=7671"},{"taxonomy":"product_cat","embeddable":true,"href":"https:\/\/endemigoauction.com\/en\/wp-json\/wp\/v2\/product_cat?post=7671"},{"taxonomy":"product_tag","embeddable":true,"href":"https:\/\/endemigoauction.com\/en\/wp-json\/wp\/v2\/product_tag?post=7671"}],"curies":[{"name":"wp","href":"https:\/\/api.w.org\/{rel}","templated":true}]}}