{"id":7668,"date":"2025-05-29T10:44:53","date_gmt":"2025-05-29T07:44:53","guid":{"rendered":"https:\/\/endemigoauction.com\/urun\/lot-61-antik-zile-halisi-120-yas-105-x-156-cm\/"},"modified":"2025-06-01T16:15:58","modified_gmt":"2025-06-01T13:15:58","slug":"lot-61-antik-zile-halisi-120-yas-105-x-156-cm","status":"publish","type":"product","link":"https:\/\/endemigoauction.com\/en\/urun\/lot-61-antik-zile-halisi-120-yas-105-x-156-cm\/","title":{"rendered":"LOT.61 Antik Zile Hal\u0131s\u0131 120+ Ya\u015f 105 x 156 cm"},"content":{"rendered":"<p><strong>Antik Zile Hal\u0131s\u0131 120+ Ya\u015f 105 x 156 cm.<\/strong><\/p>\n<p>Yahyal\u0131&#8217;n\u0131n Kadim Zile K\u00f6ylerinden Bir Miras: 20. Y\u00fczy\u0131l Ba\u015f\u0131 Antik Hal\u0131G\u00fcn\u00fcm\u00fczde Tokat&#8217;a ba\u011fl\u0131 olsa da, yakla\u015f\u0131k bir as\u0131r \u00f6nce Kayseri&#8217;nin Yahyal\u0131 il\u00e7esinin kadim Zile k\u00f6ylerinden birinde dokunmu\u015f bu 120 y\u0131l\u0131 a\u015fk\u0131n antika hal\u0131, o d\u00f6nemin \u00f6zg\u00fcn k\u00fclt\u00fcrel ve sanatsal atmosferini yans\u0131t\u0131r. Bu topraklarda ya\u015fayan gayrim\u00fcslim ustalar\u0131n ellerinden \u00e7\u0131kan bu nadide eser, %100 el e\u011firmesiyle elde edilmi\u015f, do\u011fal k\u00f6k boyalar\u0131n dingin tonlar\u0131yla renklendirilmi\u015f se\u00e7kin y\u00fcn ipli\u011finin, geleneksel G\u00f6rdes (T\u00fcrk) d\u00fc\u011f\u00fcm\u00fcn\u00fcn sabr\u0131yla v\u00fccut buldu\u011fu kal\u0131c\u0131 bir mirast\u0131r.<\/p>\n<p>Bu hal\u0131, Yahyal\u0131&#8217;n\u0131n Zile k\u00f6ylerine has estetik anlay\u0131\u015f\u0131n\u0131 ve Anadolu&#8217;nun zengin motif d\u00fcnyas\u0131n\u0131 \u00f6zg\u00fcn bir \u015fekilde harmanlar. Bu nadide eser, klasik Yahyal\u0131 Zile hal\u0131lar\u0131n\u0131n tan\u0131d\u0131k ve sayg\u0131n renk paletini ta\u015f\u0131r. Derin lacivert tonlar\u0131n\u0131n hakim oldu\u011fu zeminin merkezinde, y\u00f6renin karakteristik madalyon g\u00f6be\u011fi yer al\u0131r. Bu geometrik kompozisyon, hal\u0131n\u0131n odak noktas\u0131n\u0131 olu\u015ftururken, simetrisi ve dengesiyle g\u00f6rsel bir ahenk sunar.Hal\u0131n\u0131n kenar bord\u00fcrlerini s\u00fcsleyen &#8220;T&#8221; tamgalar\u0131, bu esere ayr\u0131 bir anlam ve de\u011fer katar. Bu stilize semboller, bu co\u011frafyan\u0131n dokuma gelene\u011finde s\u0131kl\u0131kla rastlanan ve genellikle bereketi, devaml\u0131l\u0131\u011f\u0131 ve topluluk ba\u011flar\u0131n\u0131 simgeleyen kadim i\u015faretlerdir. Bu tamgalar, hal\u0131n\u0131n sadece estetik bir obje olmad\u0131\u011f\u0131n\u0131, ayn\u0131 zamanda ait oldu\u011fu toplulu\u011fun k\u00fclt\u00fcrel anlat\u0131s\u0131n\u0131 ta\u015f\u0131d\u0131\u011f\u0131n\u0131 da g\u00f6sterir.<\/p>\n<p>M\u00fckemmel kondisyonuyla dikkat \u00e7eken bu 120 y\u0131l\u0131 a\u015fk\u0131n antika hal\u0131, ge\u00e7mi\u015fin zanaatkarl\u0131k miras\u0131n\u0131 g\u00fcn\u00fcm\u00fcz\u00fcn be\u011fenisine sunar. Lacivert zemini, merkezi madalyonu ve bord\u00fcrlerindeki anlaml\u0131 &#8220;T&#8221; tamgalar\u0131yla, bulundu\u011fu mekana otantik bir Anadolu esintisi ve zamans\u0131z bir \u015f\u0131kl\u0131k katacakt\u0131r.<\/p>\n","protected":false},"excerpt":{"rendered":"<p><strong>Men\u015fei:<\/strong> T\u00fcrkiye \/ Kayseri <strong>Kondisyon:<\/strong> M\u00fckemmel <strong>Dokuma Materyali ve Teknik:<\/strong> Y\u00fcne Y\u00fcn, %100 Kirman ipi, G\u00f6rdes (T\u00fcrk) D\u00fc\u011f\u00fcm\u00fc <strong>D\u00f6nem &#8211; Ya\u015f:<\/strong> 20. Y\u00fczy\u0131l Ba\u015f\u0131 120+ ya\u015f.<\/p>\n","protected":false},"featured_media":7669,"comment_status":"closed","ping_status":"closed","template":"","meta":[],"product_brand":[],"product_cat":[336],"product_tag":[395,398,396,399,397,393,394],"class_list":{"0":"post-7668","1":"product","2":"type-product","3":"status-publish","4":"has-post-thumbnail","6":"product_cat-hali-ve-kilim","7":"product_tag-antika-hali","8":"product_tag-antika-hali-muzayedesi","9":"product_tag-antique-rug","10":"product_tag-antique-rug-online-auction","11":"product_tag-endemigo-auction","12":"product_tag-online-auction","13":"product_tag-online-muzayede","15":"first","16":"instock","17":"sold-individually","18":"product-type-auction"},"_links":{"self":[{"href":"https:\/\/endemigoauction.com\/en\/wp-json\/wp\/v2\/product\/7668","targetHints":{"allow":["GET"]}}],"collection":[{"href":"https:\/\/endemigoauction.com\/en\/wp-json\/wp\/v2\/product"}],"about":[{"href":"https:\/\/endemigoauction.com\/en\/wp-json\/wp\/v2\/types\/product"}],"replies":[{"embeddable":true,"href":"https:\/\/endemigoauction.com\/en\/wp-json\/wp\/v2\/comments?post=7668"}],"wp:featuredmedia":[{"embeddable":true,"href":"https:\/\/endemigoauction.com\/en\/wp-json\/wp\/v2\/media\/7669"}],"wp:attachment":[{"href":"https:\/\/endemigoauction.com\/en\/wp-json\/wp\/v2\/media?parent=7668"}],"wp:term":[{"taxonomy":"product_brand","embeddable":true,"href":"https:\/\/endemigoauction.com\/en\/wp-json\/wp\/v2\/product_brand?post=7668"},{"taxonomy":"product_cat","embeddable":true,"href":"https:\/\/endemigoauction.com\/en\/wp-json\/wp\/v2\/product_cat?post=7668"},{"taxonomy":"product_tag","embeddable":true,"href":"https:\/\/endemigoauction.com\/en\/wp-json\/wp\/v2\/product_tag?post=7668"}],"curies":[{"name":"wp","href":"https:\/\/api.w.org\/{rel}","templated":true}]}}