{"id":7665,"date":"2025-05-29T10:44:53","date_gmt":"2025-05-29T07:44:53","guid":{"rendered":"https:\/\/endemigoauction.com\/urun\/lot-62-antik-sivas-tarihli-mihrapli-hali-19-yuzyil-basi-81-x-147-cm\/"},"modified":"2025-06-01T16:15:12","modified_gmt":"2025-06-01T13:15:12","slug":"lot-62-antik-sivas-tarihli-mihrapli-hali-19-yuzyil-basi-81-x-147-cm","status":"publish","type":"product","link":"https:\/\/endemigoauction.com\/en\/urun\/lot-62-antik-sivas-tarihli-mihrapli-hali-19-yuzyil-basi-81-x-147-cm\/","title":{"rendered":"LOT.62 Antik Sivas 1900 Tarihli Mihrapl\u0131 Hal\u0131 81 x 147 cm"},"content":{"rendered":"<p><strong>Antik Sivas 1900 Tarihli Mihrapl\u0131 Hal\u0131 81 x 147 cm<\/strong><br \/>\n19. Y\u00fczy\u0131l\u0131n Sessiz An\u0131t\u0131. Zaman\u0131n \u00f6tesinde bir sanat eseri olarak kar\u015f\u0131m\u0131za \u00e7\u0131kan bu nadide Sivas hal\u0131s\u0131, yeni bir y\u00fczy\u0131l\u0131n ba\u015flang\u0131c\u0131na bir manifesto. Anadolu dokuma gelene\u011finin zarif bir an\u0131t\u0131. Hicri 1318, yani Miladi 1900 tarihli bu hal\u0131, yaln\u0131zca ya\u015f\u0131n\u0131 de\u011fil; ayn\u0131 zamanda y\u00fczy\u0131ll\u0131k bir estetik ve zanaat birikimini de \u00fczerinde ta\u015f\u0131maktad\u0131r.<\/p>\n<p>Hal\u0131n\u0131n ba\u015f d\u00f6nd\u00fcr\u00fcc\u00fc mihrab\u0131, nadir bulunan saf mavi bir renkle i\u015flenmi\u015f olup, Anadolu\u2019nun kadim ta\u015f an\u0131tlar\u0131n\u0131 and\u0131ran bir balbal ta\u015f\u0131 formunda y\u00fckselir. Bu ikonografik yakla\u015f\u0131m, yaln\u0131zca hal\u0131n\u0131n ibadet ba\u011flam\u0131n\u0131 de\u011fil; ayn\u0131 zamanda bir k\u00fclt\u00fcrel haf\u0131zay\u0131, ta\u015f\u0131n dilsizce anlatt\u0131\u011f\u0131 tarihi burada y\u00fcnle ve d\u00fc\u011f\u00fcmle dile getirmektedir. Mihrab\u0131n \u00fcst k\u0131sm\u0131nda yer alan yaz\u0131l\u0131 metinlerden biri, hal\u0131n\u0131n dokundu\u011fu tarihi a\u00e7\u0131k\u00e7a beyan ederken; di\u011fer metin, usta ellerin bu eseri ortaya koyarken ta\u015f\u0131d\u0131\u011f\u0131 niyetin, belki de bir duan\u0131n izini ta\u015f\u0131r. Mihrab\u0131n alt k\u0131sm\u0131na do\u011fru g\u00f6zlemlenen tatl\u0131 abraj, yani renk ge\u00e7i\u015fi, zamanla olu\u015fan do\u011fal bir gradyan olarak, hal\u0131n\u0131n ya\u015fanm\u0131\u015fl\u0131\u011f\u0131na \u015fiirsel bir derinlik kazand\u0131r\u0131r. \u0130nce bord\u00fcr tasar\u0131mlar\u0131, kompozisyonu \u00e7evreleyen zarif bir \u00e7er\u00e7eve olu\u015ftururken, renklerin uyumu ve teknik ustal\u0131k. Kirman ipli\u011fiyle dokunan bu hal\u0131y\u0131 sadece bir yer \u00f6rt\u00fcs\u00fc de\u011fil, ayn\u0131 zamanda bir k\u00fclt\u00fcrel belge ve estetik bir manifesto haline getiriyor.<\/p>\n<p>Sivas hal\u0131lar\u0131, \u00f6zellikle Kirman ipli\u011fi ve G\u00f6rdes d\u00fc\u011f\u00fcm\u00fc ile dokunan \u00f6rnekleri, d\u00fcnya genelindeki koleksiyonerler ve sanat tarih\u00e7ileri i\u00e7in \u00f6zel bir \u00f6neme sahiptir. Bu \u00f6rnek, ya\u015f\u0131na g\u00f6re ola\u011fan\u00fcst\u00fc bir kondisyon, \u00f6zg\u00fcn motifler ve nadirlik d\u00fczeyiyle bu gelenekte nadir g\u00f6r\u00fclen bir zirveyi temsil ediyor.<\/p>\n<p>E\u011fer koleksiyonunuzda sadece bir hal\u0131 de\u011fil, bir d\u00f6nemin ruhunu, bir ustan\u0131n eme\u011fini ve Anadolu\u2019nun zamana meydan okuyan sanat\u0131n\u0131 bar\u0131nd\u0131rmak istiyorsan\u0131z; bu eser tam da sizin i\u00e7in dokunmu\u015f olabilir.<\/p>\n","protected":false},"excerpt":{"rendered":"<p><strong>Men\u015fei:<\/strong> T\u00fcrkiye, Sivas <strong>Kondisyon:<\/strong> Ola\u011fan\u00fcst\u00fc <strong>Renk ve Boya:<\/strong> Do\u011fal ve k\u00f6k boyalarla renklendirilmi\u015f <strong>Dokuma Materyali ve Teknik:<\/strong> %100 Kirman Y\u00fcn\u00fc, G\u00f6rdes (T\u00fcrk) D\u00fc\u011f\u00fcm\u00fc <strong>D\u00f6nem &#8211; Ya\u015f:<\/strong> Hicri 1318 \/ Miladi 1900 &#8211; 125 Ya\u015f<\/p>\n","protected":false},"featured_media":7666,"comment_status":"closed","ping_status":"closed","template":"","meta":[],"product_brand":[],"product_cat":[336],"product_tag":[395,398,396,399,397,393,394],"class_list":{"0":"post-7665","1":"product","2":"type-product","3":"status-publish","4":"has-post-thumbnail","6":"product_cat-hali-ve-kilim","7":"product_tag-antika-hali","8":"product_tag-antika-hali-muzayedesi","9":"product_tag-antique-rug","10":"product_tag-antique-rug-online-auction","11":"product_tag-endemigo-auction","12":"product_tag-online-auction","13":"product_tag-online-muzayede","15":"first","16":"instock","17":"sold-individually","18":"product-type-auction"},"_links":{"self":[{"href":"https:\/\/endemigoauction.com\/en\/wp-json\/wp\/v2\/product\/7665","targetHints":{"allow":["GET"]}}],"collection":[{"href":"https:\/\/endemigoauction.com\/en\/wp-json\/wp\/v2\/product"}],"about":[{"href":"https:\/\/endemigoauction.com\/en\/wp-json\/wp\/v2\/types\/product"}],"replies":[{"embeddable":true,"href":"https:\/\/endemigoauction.com\/en\/wp-json\/wp\/v2\/comments?post=7665"}],"wp:featuredmedia":[{"embeddable":true,"href":"https:\/\/endemigoauction.com\/en\/wp-json\/wp\/v2\/media\/7666"}],"wp:attachment":[{"href":"https:\/\/endemigoauction.com\/en\/wp-json\/wp\/v2\/media?parent=7665"}],"wp:term":[{"taxonomy":"product_brand","embeddable":true,"href":"https:\/\/endemigoauction.com\/en\/wp-json\/wp\/v2\/product_brand?post=7665"},{"taxonomy":"product_cat","embeddable":true,"href":"https:\/\/endemigoauction.com\/en\/wp-json\/wp\/v2\/product_cat?post=7665"},{"taxonomy":"product_tag","embeddable":true,"href":"https:\/\/endemigoauction.com\/en\/wp-json\/wp\/v2\/product_tag?post=7665"}],"curies":[{"name":"wp","href":"https:\/\/api.w.org\/{rel}","templated":true}]}}