{"id":7662,"date":"2025-05-29T10:44:53","date_gmt":"2025-05-29T07:44:53","guid":{"rendered":"https:\/\/endemigoauction.com\/urun\/lot-63-antik-sivas-tarihli-yolluk-hali-19-yuzyil-123-x-423-cm\/"},"modified":"2025-06-01T16:14:17","modified_gmt":"2025-06-01T13:14:17","slug":"lot-63-antik-sivas-tarihli-yolluk-hali-19-yuzyil-123-x-423-cm","status":"publish","type":"product","link":"https:\/\/endemigoauction.com\/en\/urun\/lot-63-antik-sivas-tarihli-yolluk-hali-19-yuzyil-123-x-423-cm\/","title":{"rendered":"LOT.63 Antik Sivas Tarihli Yolluk Hal\u0131 19. Y\u00fczy\u0131l 123 x 423 cm"},"content":{"rendered":"<p><strong>Antik Sivas Tarihli Yolluk Hal\u0131 19. Y\u00fczy\u0131l 123 x 423 cm &#8211; Miladi 1889 Tarihli K\u00fclt\u00fcrel An\u0131t.<\/strong><\/p>\n<p>Bu e\u015fsiz yolluk formundaki hal\u0131, sadece Sivas hal\u0131c\u0131l\u0131\u011f\u0131n\u0131n 19. y\u00fczy\u0131ldaki zirve d\u00f6nemine de\u011fil, ayn\u0131 zamanda bir zanaatk\u00e2r\u0131n tarih ile kurdu\u011fu derin ba\u011f\u0131 da simgeliyor. Hal\u0131n\u0131n \u00fcst k\u0131sm\u0131nda yer alan &#8220;1889&#8221; ibaresi, yaln\u0131zca bir tarih de\u011fil, ayn\u0131 zamanda sanat\u00e7\u0131n\u0131n kendi d\u00f6nemini ilmek ilmek i\u015fledi\u011fi sessiz bir imza gibi.<\/p>\n<p>Tasar\u0131m ve Kompozisyon: Hal\u0131, ritmik panellerden olu\u015fan bir d\u00fczenlemeyle tasarlanm\u0131\u015f. Her panel, \u00f6zg\u00fcn \u00e7i\u00e7ek motifleri ve do\u011fan\u0131n soyutlamalar\u0131yla s\u00fcslenmi\u015f. Bu t\u00fcr d\u00fczenlemeler, sadece estetik bir yap\u0131 de\u011fil, ayn\u0131 zamanda mek\u00e2n\u0131 kutsama ve zaman\u0131 b\u00f6l\u00fcmlendirme gelene\u011finin bir yans\u0131mas\u0131. Tasar\u0131m\u0131 adeta bir an\u0131t gibi, zaman\u0131n tan\u0131\u011f\u0131 olarak kar\u015f\u0131m\u0131za \u00e7\u0131k\u0131yor. Siyaha do\u011fru koyu gece mavisi, zemin rengi olarak kullan\u0131ld\u0131\u011f\u0131nda zamanla derinli\u011fini kaybetmemi\u015ftir. Bu zemin \u00fczerine i\u015flenen canl\u0131 k\u0131rm\u0131z\u0131, nar \u00e7i\u00e7e\u011fi ve fildi\u015fi tonlar\u0131ndaki \u00e7i\u00e7ek motifleri, dokuman\u0131n optik canl\u0131l\u0131\u011f\u0131n\u0131 ve ritmik g\u00f6rsel zekas\u0131n\u0131 zirveye ta\u015f\u0131r.<\/p>\n<p>Sembolizm ve Motifler: Hal\u0131n\u0131n \u00fcst ve alt panellerinde yer alan simetrik \u00e7i\u00e7ek \u00f6bekleri, Sivas hal\u0131lar\u0131nda s\u0131k\u00e7a rastlanan bereket, dirlik ve sonsuzluk temalar\u0131n\u0131 ta\u015f\u0131r. Ana bord\u00fcrlerdeki stilize hayvan fig\u00fcrleri \u2013 \u00f6zellikle s\u0131rt s\u0131rta verilmi\u015f \u00e7ift ba\u015fl\u0131 yarat\u0131klar \u2013 koruyucu mitolojik semboller olarak yorumlanabilir. Orta Anadolu ve Sel\u00e7uklu ikonografisinde s\u0131k\u00e7a g\u00f6r\u00fclen bu fig\u00fcrler, bu hal\u0131y\u0131 sadece bir zanaat \u00fcr\u00fcn\u00fc de\u011fil, anlam katmanlar\u0131yla dolu bir anlat\u0131 nesnesi haline getirir. Bord\u00fcr yap\u0131s\u0131, k\u0131rm\u0131z\u0131 \u00fczerine do\u011fal bitkisel boya ile i\u015flenmi\u015f zengin bir repertuvara sahiptir: zambaklar, servi a\u011fa\u00e7lar\u0131, ko\u00e7 boynuzlar\u0131 ve geometrik ge\u00e7i\u015f motifleri, zaman-mek\u00e2n ili\u015fkisini dengeleyen bir \u00e7er\u00e7eve olu\u015fturur.<\/p>\n<p>Teknik Ustal\u0131k: %100 Kirman ipli\u011fi kullan\u0131m\u0131, hem ipeksi parlakl\u0131\u011f\u0131 hem de dayan\u0131kl\u0131l\u0131\u011f\u0131yla bu hal\u0131n\u0131n fiziksel \u00f6mr\u00fcn\u00fc uzatm\u0131\u015ft\u0131r. G\u00f6rdes (T\u00fcrk) d\u00fc\u011f\u00fcm\u00fc, Anadolu&#8217;nun en sa\u011flam ve rafine d\u00fc\u011f\u00fcm tekni\u011fidir. Bu teknikle at\u0131lm\u0131\u015f her d\u00fc\u011f\u00fcm, yaln\u0131zca bir ilmek de\u011fil; bilin\u00e7li bir tercihi ve teknik bir disiplini temsil eder.<\/p>\n<p>Sanatsal ve K\u00fclt\u00fcrel De\u011feri: Bu hal\u0131, sadece bir zemin \u00f6rt\u00fcs\u00fc de\u011fil; tarihsel bir tan\u0131kl\u0131k, k\u00fclt\u00fcrel bir g\u00f6nderme ve estetik bir manifestodur. \u00dczerindeki 1889 ibaresi, onu yaln\u0131zca ya\u015fl\u0131 de\u011fil, ayn\u0131 zamanda belgelenmi\u015f ve kimlikli bir obje haline getirir. Bug\u00fcn bir m\u00fczayede salonunda yer alan bu hal\u0131, bir zamanlar bir Anadolu evinin ya da ibadet mek\u00e2n\u0131n\u0131n kalbinde yer alm\u0131\u015f olabilir.<\/p>\n<p>Antik Sivas Yollu\u011fu, koleksiyonculu\u011fun yaln\u0131zca nadide olan\u0131 de\u011fil; anlaml\u0131 olan\u0131 da kapsad\u0131\u011f\u0131n\u0131 bilen se\u00e7ici zihinler i\u00e7in ger\u00e7ek bir k\u00fclt\u00fcrel define niteli\u011findedir.<\/p>\n","protected":false},"excerpt":{"rendered":"<p><strong>Men\u015fei:<\/strong> T\u00fcrkiye \/ Sivas D\u00f6nem: 19. Y\u00fczy\u0131l Sonu \u2013 Miladi 1889 (Hal\u0131n\u0131n \u00dczerinde A\u00e7\u0131k\u00e7a Yaz\u0131l\u0131d\u0131r) <strong>Teknik:<\/strong> Y\u00fcn \u00fczerine y\u00fcn; %100 do\u011fal Kirman ipli\u011fi; G\u00f6rdes (T\u00fcrk) d\u00fc\u011f\u00fcm\u00fc <strong>Kondisyon:<\/strong> Ola\u011fan\u00fcst\u00fc<\/p>\n","protected":false},"featured_media":7663,"comment_status":"closed","ping_status":"closed","template":"","meta":[],"product_brand":[],"product_cat":[336],"product_tag":[395,398,396,399,397,393,394],"class_list":{"0":"post-7662","1":"product","2":"type-product","3":"status-publish","4":"has-post-thumbnail","6":"product_cat-hali-ve-kilim","7":"product_tag-antika-hali","8":"product_tag-antika-hali-muzayedesi","9":"product_tag-antique-rug","10":"product_tag-antique-rug-online-auction","11":"product_tag-endemigo-auction","12":"product_tag-online-auction","13":"product_tag-online-muzayede","15":"first","16":"instock","17":"sold-individually","18":"product-type-auction"},"_links":{"self":[{"href":"https:\/\/endemigoauction.com\/en\/wp-json\/wp\/v2\/product\/7662","targetHints":{"allow":["GET"]}}],"collection":[{"href":"https:\/\/endemigoauction.com\/en\/wp-json\/wp\/v2\/product"}],"about":[{"href":"https:\/\/endemigoauction.com\/en\/wp-json\/wp\/v2\/types\/product"}],"replies":[{"embeddable":true,"href":"https:\/\/endemigoauction.com\/en\/wp-json\/wp\/v2\/comments?post=7662"}],"wp:featuredmedia":[{"embeddable":true,"href":"https:\/\/endemigoauction.com\/en\/wp-json\/wp\/v2\/media\/7663"}],"wp:attachment":[{"href":"https:\/\/endemigoauction.com\/en\/wp-json\/wp\/v2\/media?parent=7662"}],"wp:term":[{"taxonomy":"product_brand","embeddable":true,"href":"https:\/\/endemigoauction.com\/en\/wp-json\/wp\/v2\/product_brand?post=7662"},{"taxonomy":"product_cat","embeddable":true,"href":"https:\/\/endemigoauction.com\/en\/wp-json\/wp\/v2\/product_cat?post=7662"},{"taxonomy":"product_tag","embeddable":true,"href":"https:\/\/endemigoauction.com\/en\/wp-json\/wp\/v2\/product_tag?post=7662"}],"curies":[{"name":"wp","href":"https:\/\/api.w.org\/{rel}","templated":true}]}}