{"id":7659,"date":"2025-05-29T10:44:53","date_gmt":"2025-05-29T07:44:53","guid":{"rendered":"https:\/\/endemigoauction.com\/urun\/lot-64-antik-malatya-halisi-19-yuzyil-127-x-178-cm\/"},"modified":"2025-06-01T16:12:48","modified_gmt":"2025-06-01T13:12:48","slug":"lot-64-antik-malatya-halisi-19-yuzyil-127-x-178-cm","status":"publish","type":"product","link":"https:\/\/endemigoauction.com\/en\/urun\/lot-64-antik-malatya-halisi-19-yuzyil-127-x-178-cm\/","title":{"rendered":"LOT.64 Antik Malatya Hal\u0131s\u0131 19. Y\u00fczy\u0131l 127 x 178 cm"},"content":{"rendered":"<p><strong>Antik Malatya Hal\u0131s\u0131 19. Y\u00fczy\u0131l 127 x 178 cm.<\/strong><\/p>\n<p>Malatya, Anadolu&#8217;nun kadim medeniyetlerine ev sahipli\u011fi yapm\u0131\u015f bir \u015fehir olarak, zengin k\u00fclt\u00fcrel miras\u0131n\u0131 yans\u0131tan bu 19. y\u00fczy\u0131l sonu antika hal\u0131, yakla\u015f\u0131k 130 ila 150 y\u0131ll\u0131k bir ge\u00e7mi\u015fe sahip. Usta zanaatkarlar\u0131n elinden \u00e7\u0131kan bu eser, tamamen el e\u011firmesiyle \u00fcretilmi\u015f ve k\u00f6k boyalar\u0131n zamana meydan okuyan tonlar\u0131yla renklendirilmi\u015f se\u00e7kin Kirman ipli\u011fi kullan\u0131larak yap\u0131lm\u0131\u015f. Geleneksel G\u00f6rdes (T\u00fcrk) d\u00fc\u011f\u00fcm tekni\u011fiyle i\u015flenmi\u015f olan bu hal\u0131, Malatya&#8217;n\u0131n kendine \u00f6zg\u00fc dokuma gelene\u011finin estetik ve sembolik derinli\u011fini g\u00f6zler \u00f6n\u00fcne seriyor.<\/p>\n<p>Bu antikan\u0131n g\u00f6rsel mimarisi, y\u00fczeyinde s\u0131ralanan \u00fc\u00e7l\u00fc g\u00f6bek tasar\u0131m\u0131yla dikkat \u00e7ekiyor. Ancak bu kompozisyonu daha da \u00f6zel k\u0131lan, 127 x 178 cm&#8217;lik \u00f6l\u00e7\u00fclerinin alt\u0131n orana yak\u0131n bir dikd\u00f6rtgen sunmas\u0131. Bu t\u00fcr orant\u0131lar, tesad\u00fcfi olmaktan \u00e7ok, estetik bir idealin ve matematiksel bir uyum aray\u0131\u015f\u0131n\u0131n sonucudur; bu da hal\u0131y\u0131 ger\u00e7ekten nadir k\u0131lan bir \u00f6zellik. Renk paletindeki derin lacivert tonlar\u0131, k\u0131rm\u0131z\u0131 ve sar\u0131lar\u0131n s\u0131cakl\u0131\u011f\u0131yla m\u00fckemmel bir denge olu\u015fturuyor. Ancak bu hal\u0131n\u0131n koleksiyon de\u011feri a\u00e7\u0131s\u0131ndan en dikkat \u00e7ekici unsurlardan biri, y\u00fczeyinde hemen g\u00f6ze \u00e7arpan b\u00fcy\u00fck ve tribal tamgalar. Bu arkaik semboller, hal\u0131n\u0131n k\u00f6kenlerine ve ait oldu\u011fu toplulu\u011fun d\u00fcnya g\u00f6r\u00fc\u015f\u00fcne dair g\u00fc\u00e7l\u00fc ipu\u00e7lar\u0131 veriyor.<\/p>\n<p>Haki ve koyu renkli alanlardaki do\u011fal hav azalmas\u0131, bu antikan\u0131n zaman\u0131n izlerini ta\u015f\u0131d\u0131\u011f\u0131n\u0131 ve antikle\u015fme s\u00fcrecini g\u00f6zler \u00f6n\u00fcne seriyor. Hal\u0131ya ayr\u0131 bir \u00e7ekicilik ve otantik bir karakter kazand\u0131ran bu \u00f6zellik sanatsal ve antika de\u011ferine katk\u0131 sa\u011flarken hal\u0131n\u0131n ge\u00e7mi\u015fle kurdu\u011fu derin ba\u011f\u0131 ve uzun \u00f6mr\u00fcn\u00fc f\u0131s\u0131ld\u0131yor.<\/p>\n<p>Bu 19. y\u00fczy\u0131l sonu Antik Malatya Hal\u0131s\u0131, sadece bir mekan\u0131 \u00f6rtmekle kalm\u0131yor; ayn\u0131 zamanda \u00fczerindeki geometrik d\u00fczen, renk uyumu ve kadim sembollerle, oran\u0131n ritmini ve geometrinin ruhunu yans\u0131t\u0131yor. Bu nadir \u00f6l\u00e7eklere, tribal tamgalara ve zaman\u0131n dokunu\u015funa sahip bu e\u015fsiz eseri koleksiyonunuza katmak, Malatya&#8217;n\u0131n zengin k\u00fclt\u00fcrel miras\u0131na sayg\u0131l\u0131 bir yolculuk ve estetik bir ayr\u0131cal\u0131k sunuyor.<\/p>\n","protected":false},"excerpt":{"rendered":"<p><strong>Men\u015fei:<\/strong> T\u00fcrkiye \/ Malatya <strong>Kondisyon:<\/strong> M\u00fckemmel <strong>Dokuma Materyali ve Teknik:<\/strong> Y\u00fcne Y\u00fcn, %100 Kirman ipi, G\u00f6rdes (T\u00fcrk) D\u00fc\u011f\u00fcm\u00fc <strong>D\u00f6nem &#8211; Ya\u015f:<\/strong> 19. Y\u00fczy\u0131l Sonu 130- 150 ya\u015f<\/p>\n","protected":false},"featured_media":7660,"comment_status":"closed","ping_status":"closed","template":"","meta":[],"product_brand":[],"product_cat":[336],"product_tag":[395,398,396,399,397,393,394],"class_list":{"0":"post-7659","1":"product","2":"type-product","3":"status-publish","4":"has-post-thumbnail","6":"product_cat-hali-ve-kilim","7":"product_tag-antika-hali","8":"product_tag-antika-hali-muzayedesi","9":"product_tag-antique-rug","10":"product_tag-antique-rug-online-auction","11":"product_tag-endemigo-auction","12":"product_tag-online-auction","13":"product_tag-online-muzayede","15":"first","16":"instock","17":"sold-individually","18":"product-type-auction"},"_links":{"self":[{"href":"https:\/\/endemigoauction.com\/en\/wp-json\/wp\/v2\/product\/7659","targetHints":{"allow":["GET"]}}],"collection":[{"href":"https:\/\/endemigoauction.com\/en\/wp-json\/wp\/v2\/product"}],"about":[{"href":"https:\/\/endemigoauction.com\/en\/wp-json\/wp\/v2\/types\/product"}],"replies":[{"embeddable":true,"href":"https:\/\/endemigoauction.com\/en\/wp-json\/wp\/v2\/comments?post=7659"}],"wp:featuredmedia":[{"embeddable":true,"href":"https:\/\/endemigoauction.com\/en\/wp-json\/wp\/v2\/media\/7660"}],"wp:attachment":[{"href":"https:\/\/endemigoauction.com\/en\/wp-json\/wp\/v2\/media?parent=7659"}],"wp:term":[{"taxonomy":"product_brand","embeddable":true,"href":"https:\/\/endemigoauction.com\/en\/wp-json\/wp\/v2\/product_brand?post=7659"},{"taxonomy":"product_cat","embeddable":true,"href":"https:\/\/endemigoauction.com\/en\/wp-json\/wp\/v2\/product_cat?post=7659"},{"taxonomy":"product_tag","embeddable":true,"href":"https:\/\/endemigoauction.com\/en\/wp-json\/wp\/v2\/product_tag?post=7659"}],"curies":[{"name":"wp","href":"https:\/\/api.w.org\/{rel}","templated":true}]}}