{"id":7656,"date":"2025-05-29T10:44:32","date_gmt":"2025-05-29T07:44:32","guid":{"rendered":"https:\/\/endemigoauction.com\/urun\/lot-65-konya-halisi-reproduksiyon-18-yuzyil-sokuntu-hasir-ve-ip\/"},"modified":"2025-06-01T16:36:00","modified_gmt":"2025-06-01T13:36:00","slug":"lot-65-konya-halisi-reproduksiyon-18-yuzyil-sokuntu-hasir-ve-ip","status":"publish","type":"product","link":"https:\/\/endemigoauction.com\/en\/urun\/lot-65-konya-halisi-reproduksiyon-18-yuzyil-sokuntu-hasir-ve-ip\/","title":{"rendered":"LOT.65 Konya Hal\u0131s\u0131 Reprod\u00fcksiyon 18. Y\u00fczy\u0131l S\u00f6k\u00fcnt\u00fc Has\u0131r ve \u0130p"},"content":{"rendered":"<p><strong>Konya Hal\u0131s\u0131 Reprod\u00fcksiyon 18. Y\u00fczy\u0131l S\u00f6k\u00fcnt\u00fc Has\u0131r ve \u0130p 125 x 212 cm.<\/strong><\/p>\n<p>Bu reprod\u00fcksiyon hal\u0131, ge\u00e7mi\u015fteki nadir antika hal\u0131n\u0131n tasar\u0131mlar\u0131n\u0131 ve kalitesini birebir yeniden canland\u0131r\u0131larak \u00f6zenle \u00fcretilmi\u015ftir. Bu hal\u0131, antika hal\u0131lardan al\u0131nan eski ipliklerle dokundu. Bu hal\u0131, art\u0131k kullan\u0131lmaz durumda olan, eski par\u00e7alara ait \u00e7ok a\u015f\u0131nd\u0131\u011f\u0131 i\u00e7in estetik de\u011ferini kaybetmi\u015f, sadece kuma\u015f benzeri bir yap\u0131ya d\u00f6n\u00fc\u015fm\u00fc\u015f hal\u0131lardan elde edilen iplerle dokunmu\u015ftur. Unutulmu\u015f bu eski par\u00e7alar, \u015fimdi dikkatlice yeniden bir araya getirilerek, hem gelene\u011fe sayg\u0131 g\u00f6steren hem de geri d\u00f6n\u00fc\u015f\u00fcm sanat\u0131n\u0131 i\u00e7eren bir s\u00fcre\u00e7le yeniden hayat buldu.<\/p>\n<p>Bu kalitedeki orijinal antika hal\u0131lar 300.000 ila 500.000 dolar aras\u0131nda bir fiyatla sat\u0131labilirken, bu reprod\u00fcksiyon ayn\u0131 ola\u011fan\u00fcst\u00fc kaliteyi ve sanat\u0131 \u00e7ok daha uygun fiyatla sunuyor. Ancak s\u00fcre\u00e7, basit bir i\u015f de\u011fildir. Bu i\u015f, yaln\u0131zca Anadolu\u2019da birka\u00e7 usta taraf\u0131ndan yap\u0131labilen e\u015fsiz bir beceri ve ustal\u0131k gerektirir. G\u00fcn\u00fcm\u00fczde bu ustalar\u0131 bulmak neredeyse imkans\u0131zd\u0131r \u00e7\u00fcnk\u00fc bu geleneksel el sanatlar\u0131 giderek kaybolmaktad\u0131r.<\/p>\n<p>Bu i\u015f, sadece hal\u0131 dokumaktan \u00e7ok daha karma\u015f\u0131k ve zahmetli bir s\u00fcre\u00e7tir. Do\u011fru malzemeleri se\u00e7mek, eski dokuma \u00fczerine s\u00f6k\u00fcnt\u00fc ipliklerini d\u00fc\u011f\u00fcmlemek ve yeni bir sanat eseri olu\u015fturmak, normal bir hal\u0131 dokumaktan \u00e7ok daha uzun ve zahmetli bir i\u015ftir. Bu hal\u0131, eski bir hal\u0131y\u0131 par\u00e7alayarak yeni bir hal\u0131 yapmakla de\u011fil, bu eski malzemelere ikinci bir hayat vererek yap\u0131l\u0131r. Bu, tarihine sayg\u0131 duyan bir geri d\u00f6n\u00fc\u015f\u00fcm \u015feklidir. Ortaya \u00e7\u0131kan sonu\u00e7, orijinal sanat ve zanaat anlay\u0131\u015f\u0131n\u0131 koruyarak de\u011ferli ve nadir bir reprod\u00fcksiyon hal\u0131d\u0131r ve koleksiyoncular ile merakl\u0131lar\u0131 i\u00e7in uygun fiyatl\u0131 bir se\u00e7enek sunar.<\/p>\n","protected":false},"excerpt":{"rendered":"<p><strong>Men\u015fei:<\/strong> T\u00fcrkiye \/ Konya<\/p>\n","protected":false},"featured_media":7657,"comment_status":"closed","ping_status":"closed","template":"","meta":[],"product_brand":[],"product_cat":[336],"product_tag":[395,398,396,399,397,393,394],"class_list":{"0":"post-7656","1":"product","2":"type-product","3":"status-publish","4":"has-post-thumbnail","6":"product_cat-hali-ve-kilim","7":"product_tag-antika-hali","8":"product_tag-antika-hali-muzayedesi","9":"product_tag-antique-rug","10":"product_tag-antique-rug-online-auction","11":"product_tag-endemigo-auction","12":"product_tag-online-auction","13":"product_tag-online-muzayede","15":"first","16":"instock","17":"sold-individually","18":"product-type-auction"},"_links":{"self":[{"href":"https:\/\/endemigoauction.com\/en\/wp-json\/wp\/v2\/product\/7656","targetHints":{"allow":["GET"]}}],"collection":[{"href":"https:\/\/endemigoauction.com\/en\/wp-json\/wp\/v2\/product"}],"about":[{"href":"https:\/\/endemigoauction.com\/en\/wp-json\/wp\/v2\/types\/product"}],"replies":[{"embeddable":true,"href":"https:\/\/endemigoauction.com\/en\/wp-json\/wp\/v2\/comments?post=7656"}],"wp:featuredmedia":[{"embeddable":true,"href":"https:\/\/endemigoauction.com\/en\/wp-json\/wp\/v2\/media\/7657"}],"wp:attachment":[{"href":"https:\/\/endemigoauction.com\/en\/wp-json\/wp\/v2\/media?parent=7656"}],"wp:term":[{"taxonomy":"product_brand","embeddable":true,"href":"https:\/\/endemigoauction.com\/en\/wp-json\/wp\/v2\/product_brand?post=7656"},{"taxonomy":"product_cat","embeddable":true,"href":"https:\/\/endemigoauction.com\/en\/wp-json\/wp\/v2\/product_cat?post=7656"},{"taxonomy":"product_tag","embeddable":true,"href":"https:\/\/endemigoauction.com\/en\/wp-json\/wp\/v2\/product_tag?post=7656"}],"curies":[{"name":"wp","href":"https:\/\/api.w.org\/{rel}","templated":true}]}}