{"id":7653,"date":"2025-05-29T10:44:32","date_gmt":"2025-05-29T07:44:32","guid":{"rendered":"https:\/\/endemigoauction.com\/urun\/lot-66-antik-kirsehir-sal-yolluk-hali-19-yuzyil-135-x-325-cm\/"},"modified":"2025-06-01T16:37:06","modified_gmt":"2025-06-01T13:37:06","slug":"lot-66-antik-kirsehir-sal-yolluk-hali-19-yuzyil-135-x-325-cm","status":"publish","type":"product","link":"https:\/\/endemigoauction.com\/en\/urun\/lot-66-antik-kirsehir-sal-yolluk-hali-19-yuzyil-135-x-325-cm\/","title":{"rendered":"LOT.66 Antik K\u0131r\u015fehir \u015eal Yolluk Hal\u0131 19. Y\u00fczy\u0131l 135 x 325 cm"},"content":{"rendered":"<p><strong>Antik K\u0131r\u015fehir \u015eal Yolluk Hal\u0131 19. Y\u00fczy\u0131l 135 x 325 cm.<\/strong><\/p>\n<p>K\u0131r\u015fehir 19. Y\u00fczy\u0131l Yolluk Hal\u0131s\u0131 Zamans\u0131zl\u0131\u011f\u0131n Desenleri&#8230; Anadolu&#8217;nun kalbinden, K\u0131r\u015fehir&#8217;in kendine \u00f6zg\u00fc dokuma gelene\u011finden do\u011fan bu 19. y\u00fczy\u0131l yollu\u011fu, y\u00fczy\u0131llar boyunca s\u00fcz\u00fclen bir estetik ve d\u00fc\u015f\u00fcnce ak\u0131\u015f\u0131n\u0131 g\u00f6zler \u00f6n\u00fcne seriyor. Usta zanaatkarlar\u0131n ellerinde, %100 el e\u011firmesiyle elde edilen, k\u00f6k boyalar\u0131n huzur veren paletiyle renklendirilmi\u015f se\u00e7kin Kirman ipli\u011fi, geleneksel G\u00f6rdes (T\u00fcrk) d\u00fc\u011f\u00fcm\u00fcn\u00fcn sabr\u0131yla bu uzun soluklu hikayeye d\u00f6n\u00fc\u015f\u00fcyor. K\u0131r\u015fehir hal\u0131lar\u0131n\u0131n d\u00fcnya \u00e7ap\u0131ndaki \u00fcn\u00fc, bu eserin bar\u0131nd\u0131rd\u0131\u011f\u0131 zarif sanat ve derin anlam katmanlar\u0131ndan besleniyor.<\/p>\n<p>Bu yollu\u011fun kendine has poetikas\u0131, y\u00fczeyinde akan &#8220;\u015fal&#8221; deseni arac\u0131l\u0131\u011f\u0131yla kendini g\u00f6steriyor. Uzunlamas\u0131na tekrarlanan motifler, sadece g\u00f6rsel bir uyum yaratmakla kalm\u0131yor, ayn\u0131 zamanda varolu\u015fun ak\u0131\u015fkanl\u0131\u011f\u0131na dair meditatif bir d\u00fc\u015f\u00fcnceye davet ediyor. Her bir paralel \u015ferit i\u00e7inde ilerleyen &#8220;su yolu&#8221; motifi, g\u00fcne\u015fin d\u00f6ng\u00fcsel hareketi \u00fczerinden zaman\u0131n ge\u00e7icili\u011fini ve s\u00fcreklili\u011fini simgeliyor.<\/p>\n<p>Ancak bu yollu\u011fu \u00f6zel k\u0131lan, her bir \u015feritteki bu ak\u0131\u015f\u0131n, farkl\u0131 renkler ve sembollerle yeniden yorumlanmas\u0131. Bu varyasyon, evrenin d\u00f6ng\u00fcsel yap\u0131s\u0131n\u0131 ve her bir d\u00f6ng\u00fcde tezah\u00fcr eden benzersiz ya\u015fam deneyimlerini metaforik olarak ifade eder. Her yeni ba\u015flang\u0131c\u0131n, bir \u00f6ncekinden daha zengin ve anlaml\u0131 olmas\u0131 aray\u0131\u015f\u0131n\u0131n bir ifadesi olarak bu incelikli motifler dokunmu\u015ftur. Sar\u0131 tonlar\u0131n hakim oldu\u011fu bu renk c\u00fcmb\u00fc\u015f\u00fcnde, \u00e7ok say\u0131da renk, birbirine sayg\u0131l\u0131 bir denge i\u00e7inde var olurken, hal\u0131n\u0131n b\u00fct\u00fcn\u00fcne dingin ve olgun bir estetik katmaktad\u0131r. Ya\u015f\u0131na ra\u011fmen korudu\u011fu ola\u011fan\u00fcst\u00fc kondisyon, bu nadide eserin zaman\u0131n y\u0131prat\u0131c\u0131 etkisine kar\u015f\u0131 direncinin bir kan\u0131t\u0131d\u0131r.<\/p>\n<p>Bu Antik K\u0131r\u015fehir Yolluk Hal\u0131s\u0131, sadece bir mekan\u0131 tan\u0131mlamakla kalmaz, ayn\u0131 zamanda \u00fczerinde ta\u015f\u0131d\u0131\u011f\u0131 semboller arac\u0131l\u0131\u011f\u0131yla zaman\u0131n, d\u00f6ng\u00fcselli\u011fin ve ya\u015fam\u0131n anlam\u0131 \u00fczerine derin bir tefekk\u00fcre zemin haz\u0131rlar. Bu e\u015fsiz sanat eserini koleksiyonunuza dahil etmek, K\u0131r\u015fehir&#8217;in zengin k\u00fclt\u00fcrel miras\u0131na yap\u0131lan sayg\u0131l\u0131 bir yolculuk ve zamans\u0131z bir d\u00fc\u015f\u00fcnce bi\u00e7imine yap\u0131lan bir yat\u0131r\u0131md\u0131r.<\/p>\n","protected":false},"excerpt":{"rendered":"<p><strong>Men\u015fei:<\/strong> T\u00fcrkiye \/ K\u0131r\u015fehir <strong>Kondisyon:<\/strong> Ola\u011fan\u00fcst\u00fc <strong>Dokuma Materyali ve Teknik:<\/strong> Y\u00fcne Y\u00fcn, %100 Kirman ipi, G\u00f6rdes (T\u00fcrk) D\u00fc\u011f\u00fcm\u00fc <strong>D\u00f6nem &#8211; Ya\u015f:<\/strong> 19. Y\u00fczy\u0131l 130- 150 ya\u015f<\/p>\n","protected":false},"featured_media":7654,"comment_status":"closed","ping_status":"closed","template":"","meta":[],"product_brand":[],"product_cat":[336],"product_tag":[395,398,396,399,397,393,394],"class_list":{"0":"post-7653","1":"product","2":"type-product","3":"status-publish","4":"has-post-thumbnail","6":"product_cat-hali-ve-kilim","7":"product_tag-antika-hali","8":"product_tag-antika-hali-muzayedesi","9":"product_tag-antique-rug","10":"product_tag-antique-rug-online-auction","11":"product_tag-endemigo-auction","12":"product_tag-online-auction","13":"product_tag-online-muzayede","15":"first","16":"instock","17":"sold-individually","18":"product-type-auction"},"_links":{"self":[{"href":"https:\/\/endemigoauction.com\/en\/wp-json\/wp\/v2\/product\/7653","targetHints":{"allow":["GET"]}}],"collection":[{"href":"https:\/\/endemigoauction.com\/en\/wp-json\/wp\/v2\/product"}],"about":[{"href":"https:\/\/endemigoauction.com\/en\/wp-json\/wp\/v2\/types\/product"}],"replies":[{"embeddable":true,"href":"https:\/\/endemigoauction.com\/en\/wp-json\/wp\/v2\/comments?post=7653"}],"wp:featuredmedia":[{"embeddable":true,"href":"https:\/\/endemigoauction.com\/en\/wp-json\/wp\/v2\/media\/7654"}],"wp:attachment":[{"href":"https:\/\/endemigoauction.com\/en\/wp-json\/wp\/v2\/media?parent=7653"}],"wp:term":[{"taxonomy":"product_brand","embeddable":true,"href":"https:\/\/endemigoauction.com\/en\/wp-json\/wp\/v2\/product_brand?post=7653"},{"taxonomy":"product_cat","embeddable":true,"href":"https:\/\/endemigoauction.com\/en\/wp-json\/wp\/v2\/product_cat?post=7653"},{"taxonomy":"product_tag","embeddable":true,"href":"https:\/\/endemigoauction.com\/en\/wp-json\/wp\/v2\/product_tag?post=7653"}],"curies":[{"name":"wp","href":"https:\/\/api.w.org\/{rel}","templated":true}]}}