{"id":7650,"date":"2025-05-29T10:44:32","date_gmt":"2025-05-29T07:44:32","guid":{"rendered":"https:\/\/endemigoauction.com\/urun\/lot-67-antik-saricicek-yaylasi-halisi-19-yuzyil-133-x-174-cm\/"},"modified":"2025-06-01T16:37:55","modified_gmt":"2025-06-01T13:37:55","slug":"lot-67-antik-saricicek-yaylasi-halisi-19-yuzyil-133-x-174-cm","status":"publish","type":"product","link":"https:\/\/endemigoauction.com\/en\/urun\/lot-67-antik-saricicek-yaylasi-halisi-19-yuzyil-133-x-174-cm\/","title":{"rendered":"LOT.67 Antik Sar\u0131\u00e7i\u00e7ek Yaylas\u0131 Hal\u0131s\u0131 19. Y\u00fczy\u0131l 133 x 174 cm"},"content":{"rendered":"<p><strong>Antik Sar\u0131\u00e7i\u00e7ek Yaylas\u0131 Hal\u0131s\u0131 19. Y\u00fczy\u0131l 133 x 174 cm.<\/strong><\/p>\n<p>Orta Anadolu&#8217;nun y\u00fcksek ve endemik bitki \u00f6rt\u00fcs\u00fcyle s\u00fcslenmi\u015f Sar\u0131\u00e7i\u00e7ek Yaylas\u0131&#8217;n\u0131n e\u015fsiz ruhunu yans\u0131tan bu nadide antika, b\u00f6lgenin kendine \u00f6zg\u00fc karakterini ve y\u00fczy\u0131llar boyunca s\u00fcregelen bir dokuma gelene\u011finin zarafetini g\u00f6zler \u00f6n\u00fcne seriyor. Yakla\u015f\u0131k 150 ila 175 y\u0131ll\u0131k bir ge\u00e7mi\u015fe sahip olan bu eser, tamamen el e\u011firmesiyle \u00fcretilmi\u015f, k\u00f6k boyalarla renklendirilmi\u015f se\u00e7kin Kirman ipli\u011finin, geleneksel G\u00f6rdes (T\u00fcrk) d\u00fc\u011f\u00fcm\u00fcyle y\u00fcne d\u00f6n\u00fc\u015ft\u00fc\u011f\u00fc, e\u015fsiz bir sanatsal ifade bi\u00e7imidir.<\/p>\n<p>Sar\u0131\u00e7i\u00e7ek Yaylas\u0131&#8217;n\u0131n biyo\u00e7e\u015fitlili\u011finden ilham alan bu hal\u0131, ait oldu\u011fu topraklar\u0131n k\u00fclt\u00fcrel derinli\u011fini ve sembolik zenginli\u011fini ta\u015f\u0131r.Bu hal\u0131n\u0131n kendine has kimli\u011fi, sar\u0131 renk zemin \u00fczerine ustaca i\u015flenmi\u015f art\u0131 \u015feklindeki k\u00fc\u00e7\u00fck tamgalar\u0131n olu\u015fturdu\u011fu &#8220;sinekli mihrap&#8221; tasar\u0131m\u0131nda belirginle\u015fiyor. Geni\u015f ve ayd\u0131nl\u0131k mihrap, hal\u0131ya derinlemesine n\u00fcfuz eden, kendine \u00f6zg\u00fc bir aura kazand\u0131r\u0131yor. Mihrap aynalar\u0131nda kullan\u0131lan k\u0131rm\u0131z\u0131 zemin \u00fczerindeki k\u00fc\u00e7\u00fck tamgalar ise, bu sembolik dilin katmanlar\u0131n\u0131 derinle\u015ftiriyor. Bu art\u0131 formundaki kadim semboller, g\u00fcne\u015fin enerjisini, ya\u015fam\u0131n d\u00f6ng\u00fcsel do\u011fas\u0131n\u0131 ve insan\u0131n sonsuzluk aray\u0131\u015f\u0131n\u0131 f\u0131s\u0131ld\u0131yor.<\/p>\n<p>D\u0131\u015f bord\u00fcrdeki tribal sekiz \u015feritli kompozisyonda dikkat \u00e7eken ok tamgalar\u0131, bu nadide eserin O\u011fuz boylar\u0131n\u0131n dokuma gelene\u011fiyle olan g\u00fc\u00e7l\u00fc ba\u011f\u0131n\u0131 a\u00e7\u0131k\u00e7a ortaya koyuyor. Bu semboller, hal\u0131n\u0131n k\u00fclt\u00fcrel k\u00f6kenlerine dair de\u011ferli bir bilgi sunuyor. Mihrab\u0131n hemen \u00fczerinde, sol k\u0131s\u0131mda yer alan &#8220;g\u00fcne\u015f k\u00fcpesi&#8221; motifi ise, bu benzersiz esere ki\u015fisel bir imza niteli\u011fi ta\u015f\u0131r; ait oldu\u011fu soyun veya toplulu\u011fun distingtif bir i\u015faretini bar\u0131nd\u0131r\u0131r. Ola\u011fan\u00fcst\u00fc canl\u0131l\u0131\u011fa sahip do\u011fal ve k\u00f6k boya renklerinin zamana meydan okuyan g\u00fczelli\u011fi, ya\u015f\u0131na g\u00f6re \u015fa\u015f\u0131rt\u0131c\u0131 derecede iyi korunmu\u015f kondisyonuyla birle\u015fti\u011finde, bu hal\u0131 salt bir antika olmaktan \u00e7\u0131kar, paha bi\u00e7ilemez bir k\u00fclt\u00fcrel ve sanatsal varl\u0131\u011fa d\u00f6n\u00fc\u015f\u00fcr.<\/p>\n<p>Bu 19. y\u00fczy\u0131l Antik Sar\u0131\u00e7i\u00e7ek Yaylas\u0131 Hal\u0131s\u0131, sar\u0131 zeminin sembolik derinli\u011fi ve \u00fczerindeki kadim i\u015faretlerin k\u00fclt\u00fcrel anlat\u0131s\u0131yla, bulundu\u011fu mekana benzersiz bir ruh ve anlam katacakt\u0131r. Bu emsalsiz sanat eserini koleksiyonunuza dahil etmek, nadir bir estetik anlay\u0131\u015f\u0131na sahip olmak ve Anadolu&#8217;nun zengin k\u00fclt\u00fcrel miras\u0131na sayg\u0131l\u0131 bir yolculuktur.<\/p>\n","protected":false},"excerpt":{"rendered":"<p><strong>Men\u015fei:<\/strong> T\u00fcrkiye \/ Orta Anadolu <strong>Kondisyon:<\/strong> Ola\u011fan\u00fcst\u00fc <strong>Dokuma Materyali ve Teknik:<\/strong> Y\u00fcne Y\u00fcn, %100 Kirman ipi, G\u00f6rdes (T\u00fcrk) D\u00fc\u011f\u00fcm\u00fc <strong>D\u00f6nem &#8211; Ya\u015f:<\/strong> 19. Y\u00fczy\u0131l 150- 175 ya\u015f<\/p>\n","protected":false},"featured_media":7651,"comment_status":"closed","ping_status":"closed","template":"","meta":[],"product_brand":[],"product_cat":[336],"product_tag":[395,398,396,399,397,393,394],"class_list":{"0":"post-7650","1":"product","2":"type-product","3":"status-publish","4":"has-post-thumbnail","6":"product_cat-hali-ve-kilim","7":"product_tag-antika-hali","8":"product_tag-antika-hali-muzayedesi","9":"product_tag-antique-rug","10":"product_tag-antique-rug-online-auction","11":"product_tag-endemigo-auction","12":"product_tag-online-auction","13":"product_tag-online-muzayede","15":"first","16":"instock","17":"sold-individually","18":"product-type-auction"},"_links":{"self":[{"href":"https:\/\/endemigoauction.com\/en\/wp-json\/wp\/v2\/product\/7650","targetHints":{"allow":["GET"]}}],"collection":[{"href":"https:\/\/endemigoauction.com\/en\/wp-json\/wp\/v2\/product"}],"about":[{"href":"https:\/\/endemigoauction.com\/en\/wp-json\/wp\/v2\/types\/product"}],"replies":[{"embeddable":true,"href":"https:\/\/endemigoauction.com\/en\/wp-json\/wp\/v2\/comments?post=7650"}],"wp:featuredmedia":[{"embeddable":true,"href":"https:\/\/endemigoauction.com\/en\/wp-json\/wp\/v2\/media\/7651"}],"wp:attachment":[{"href":"https:\/\/endemigoauction.com\/en\/wp-json\/wp\/v2\/media?parent=7650"}],"wp:term":[{"taxonomy":"product_brand","embeddable":true,"href":"https:\/\/endemigoauction.com\/en\/wp-json\/wp\/v2\/product_brand?post=7650"},{"taxonomy":"product_cat","embeddable":true,"href":"https:\/\/endemigoauction.com\/en\/wp-json\/wp\/v2\/product_cat?post=7650"},{"taxonomy":"product_tag","embeddable":true,"href":"https:\/\/endemigoauction.com\/en\/wp-json\/wp\/v2\/product_tag?post=7650"}],"curies":[{"name":"wp","href":"https:\/\/api.w.org\/{rel}","templated":true}]}}