{"id":7647,"date":"2025-05-29T10:44:32","date_gmt":"2025-05-29T07:44:32","guid":{"rendered":"https:\/\/endemigoauction.com\/urun\/lot-68-antik-saricicek-yaylasi-halisi-19-yuzyil-122-x-163-cm\/"},"modified":"2025-06-01T16:38:49","modified_gmt":"2025-06-01T13:38:49","slug":"lot-68-antik-saricicek-yaylasi-halisi-19-yuzyil-122-x-163-cm","status":"publish","type":"product","link":"https:\/\/endemigoauction.com\/en\/urun\/lot-68-antik-saricicek-yaylasi-halisi-19-yuzyil-122-x-163-cm\/","title":{"rendered":"LOT.68 Antik Sar\u0131\u00e7i\u00e7ek Yaylas\u0131 Hal\u0131s\u0131 19. Y\u00fczy\u0131l 122 x 163 cm"},"content":{"rendered":"<p><strong>Antik Sar\u0131\u00e7i\u00e7ek Yaylas\u0131 Hal\u0131s\u0131 19. Y\u00fczy\u0131l 122 x 163 cm.<\/strong><\/p>\n<p>Bir Endemik Renk Senfonisi: 19. Y\u00fczy\u0131l Antik Sar\u0131\u00e7i\u00e7ek Yaylas\u0131 Hal\u0131s\u0131Kar\u015f\u0131n\u0131zda duran bu e\u015fsiz hal\u0131, co\u011frafya ve tarihin i\u00e7 i\u00e7e ge\u00e7ti\u011fi, Orta Anadolu&#8217;nun y\u00fckseklerinde yer alan Sar\u0131\u00e7i\u00e7ek Yaylas\u0131&#8217;n\u0131n mistik atmosferinden do\u011fmu\u015ftur. Malatya-Arapgir&#8217;in kuzeyi, Sivas-Divri\u011fi&#8217;nin g\u00fcneyi ve Erzincan-E\u011fin&#8217;in s\u0131n\u0131rlar\u0131na yak\u0131n bu \u00f6zg\u00fcn co\u011frafya, ad\u0131n\u0131 endemik sar\u0131 \u00e7i\u00e7eklerinden alman\u0131n yan\u0131 s\u0131ra, yakla\u015f\u0131k 222 \u00e7e\u015fit benzersiz bitki t\u00fcr\u00fcn\u00fcn yaratt\u0131\u011f\u0131 e\u015fsiz renk paletine de ev sahipli\u011fi yapar. Antik \u0130pek Yolu&#8217;nun izlerini ta\u015f\u0131yan bu kadim topraklar, sadece do\u011fal g\u00fczellikleriyle de\u011fil, ayn\u0131 zamanda derin tarihi katmanlar\u0131yla da b\u00fcy\u00fcler.<\/p>\n<p>Bu antika, Ladik hal\u0131lar\u0131n\u0131n zarafetini an\u0131msatan mihrap \u00fcst\u00fc sand\u0131k b\u00f6l\u00fcm\u00fc, mihrap i\u00e7indeki sembolik motiflerin ve tamgalar\u0131n zenginli\u011fi ile g\u00f6z al\u0131yor. Dokuma kalitesinin \u00fcst d\u00fczey i\u015f\u00e7ili\u011fi ise ger\u00e7ekten hayranl\u0131k uyand\u0131r\u0131yor. Ya\u015f\u0131na g\u00f6re ola\u011fan\u00fcst\u00fc kondisyonu, bu eserin zaman\u0131n y\u0131prat\u0131c\u0131 etkisine nas\u0131l meydan okudu\u011funu g\u00f6steriyor. K\u0131rm\u0131z\u0131 tonlar\u0131n\u0131n ustal\u0131kla kullan\u0131ld\u0131\u011f\u0131 tasar\u0131mda, di\u011fer renkler hal\u0131n\u0131n derinli\u011fini ve asaletini zarif bir \u015fekilde art\u0131r\u0131yor.<\/p>\n<p>G\u00fcne\u015f \u00e7i\u00e7ekleriyle s\u00fcslenmi\u015f bord\u00fcr, tamgal\u0131 ve sand\u0131kl\u0131 motiflerle zenginle\u015ftirilmi\u015f mihrap kompozisyonu, adeta dillere destan bir sanat eserini ortaya \u00e7\u0131kar\u0131yor. Bu hal\u0131, sadece bir zemin \u00f6rt\u00fcs\u00fc de\u011fil, Sar\u0131\u00e7i\u00e7ek Yaylas\u0131&#8217;n\u0131n do\u011fal ve k\u00fclt\u00fcrel zenginli\u011finin, anonim bir ustan\u0131n ellerinden \u00e7\u0131km\u0131\u015f, zamans\u0131z bir \u015fiiridir. Bu e\u015fsiz eseri koleksiyonunuza katmak, nadir bir g\u00fczelli\u011fe sahip olmak ve Anadolu&#8217;nun derin sanat gelene\u011fine sayg\u0131 duru\u015funda bulunmak demektir. \u0130\u015fte bu zengin biyolojik \u00e7e\u015fitlili\u011fin ve k\u00fclt\u00fcrel miras\u0131n kesi\u015fim noktas\u0131nda, 19. y\u00fczy\u0131lda, tahmini olarak 150 ila 175 y\u0131l \u00f6nce, y\u00fcne y\u00fcn ve %100 Kirman ipi kullan\u0131larak, geleneksel G\u00f6rdes (T\u00fcrk) d\u00fc\u011f\u00fcm\u00fc tekni\u011fiyle dokunmu\u015f bu nadir hal\u0131, Sar\u0131\u00e7i\u00e7ek Yaylas\u0131&#8217;n\u0131n ula\u015f\u0131lmas\u0131 g\u00fc\u00e7 sanatsal yetene\u011finin bir kan\u0131t\u0131d\u0131r.<\/p>\n<p>Malatya, Sivas ve Erzincan gibi \u00f6nemli hal\u0131 dokuma merkezlerinin ustal\u0131klar\u0131n\u0131n adeta birle\u015fti\u011fi bu yaylada \u00fcretilen bu t\u00fcr hal\u0131lar, d\u00fcnya \u00fczerinde e\u015fsiz \u00f6rnekler olarak kabul edilir. Bu nedenle, bu m\u00fczayedede hemen al fiyat\u0131 bulunmamaktad\u0131r; \u00e7\u00fcnk\u00fc de\u011feri, sadece maddi \u00f6l\u00e7\u00fctlerle ifade edilemez.<\/p>\n","protected":false},"excerpt":{"rendered":"<p><strong>Men\u015fei:<\/strong> T\u00fcrkiye \/ Orta Anadolu <strong>Kondisyon:<\/strong> Ola\u011fan\u00fcst\u00fc <strong>Dokuma Materyali ve Teknik:<\/strong> Y\u00fcne Y\u00fcn, %100 Kirman ipi, G\u00f6rdes (T\u00fcrk) D\u00fc\u011f\u00fcm\u00fc <strong>D\u00f6nem &#8211; Ya\u015f:<\/strong> 19. Y\u00fczy\u0131l 150- 175 ya\u015f<\/p>\n","protected":false},"featured_media":7648,"comment_status":"closed","ping_status":"closed","template":"","meta":[],"product_brand":[],"product_cat":[336],"product_tag":[395,398,396,399,397,393,394],"class_list":{"0":"post-7647","1":"product","2":"type-product","3":"status-publish","4":"has-post-thumbnail","6":"product_cat-hali-ve-kilim","7":"product_tag-antika-hali","8":"product_tag-antika-hali-muzayedesi","9":"product_tag-antique-rug","10":"product_tag-antique-rug-online-auction","11":"product_tag-endemigo-auction","12":"product_tag-online-auction","13":"product_tag-online-muzayede","15":"first","16":"instock","17":"sold-individually","18":"product-type-auction"},"_links":{"self":[{"href":"https:\/\/endemigoauction.com\/en\/wp-json\/wp\/v2\/product\/7647","targetHints":{"allow":["GET"]}}],"collection":[{"href":"https:\/\/endemigoauction.com\/en\/wp-json\/wp\/v2\/product"}],"about":[{"href":"https:\/\/endemigoauction.com\/en\/wp-json\/wp\/v2\/types\/product"}],"replies":[{"embeddable":true,"href":"https:\/\/endemigoauction.com\/en\/wp-json\/wp\/v2\/comments?post=7647"}],"wp:featuredmedia":[{"embeddable":true,"href":"https:\/\/endemigoauction.com\/en\/wp-json\/wp\/v2\/media\/7648"}],"wp:attachment":[{"href":"https:\/\/endemigoauction.com\/en\/wp-json\/wp\/v2\/media?parent=7647"}],"wp:term":[{"taxonomy":"product_brand","embeddable":true,"href":"https:\/\/endemigoauction.com\/en\/wp-json\/wp\/v2\/product_brand?post=7647"},{"taxonomy":"product_cat","embeddable":true,"href":"https:\/\/endemigoauction.com\/en\/wp-json\/wp\/v2\/product_cat?post=7647"},{"taxonomy":"product_tag","embeddable":true,"href":"https:\/\/endemigoauction.com\/en\/wp-json\/wp\/v2\/product_tag?post=7647"}],"curies":[{"name":"wp","href":"https:\/\/api.w.org\/{rel}","templated":true}]}}