{"id":7644,"date":"2025-05-29T10:44:32","date_gmt":"2025-05-29T07:44:32","guid":{"rendered":"https:\/\/endemigoauction.com\/urun\/lot-69-antik-bergama-halisi-19-yuzyil-ilk-yari-95-x-127-cm\/"},"modified":"2025-06-01T16:39:40","modified_gmt":"2025-06-01T13:39:40","slug":"lot-69-antik-bergama-halisi-19-yuzyil-ilk-yari-95-x-127-cm","status":"publish","type":"product","link":"https:\/\/endemigoauction.com\/en\/urun\/lot-69-antik-bergama-halisi-19-yuzyil-ilk-yari-95-x-127-cm\/","title":{"rendered":"LOT.69 Antik Bergama Hal\u0131s\u0131 19. Y\u00fczy\u0131l \u0130lk Yar\u0131 95 x 127 cm"},"content":{"rendered":"<p><strong>Antik Bergama Hal\u0131s\u0131 19. Y\u00fczy\u0131l \u0130lk Yar\u0131 95 x 127 cm.<\/strong><\/p>\n<p>Anadolu Dokuma Sanat\u0131n\u0131n Zirvesi: 19. Y\u00fczy\u0131l \u0130lk Yar\u0131s\u0131 Antik Bergama Hal\u0131s\u0131Zaman\u0131n \u00f6tesinden gelen bu e\u015fsiz Bergama hal\u0131s\u0131, 19. y\u00fczy\u0131l\u0131n ilk yar\u0131s\u0131nda Bat\u0131 Anadolu&#8217;nun kadim dokuma gelene\u011finin en zarif \u00f6rneklerinden biri olarak kar\u015f\u0131m\u0131za \u00e7\u0131k\u0131yor. Yakla\u015f\u0131k 175 ila 200 y\u0131ll\u0131k bir ge\u00e7mi\u015fe sahip olan bu eser, %100 el e\u011firmesi Kirman ipinin ustaca uygulanan G\u00f6rdes (T\u00fcrk) d\u00fc\u011f\u00fcm\u00fc tekni\u011fiyle y\u00fcne hayat buldu\u011fu nadide bir yarat\u0131m. Bu hal\u0131, sadece bir tekstil \u00fcr\u00fcn\u00fc de\u011fil, ayn\u0131 zamanda ait oldu\u011fu d\u00f6nemin estetik anlay\u0131\u015f\u0131n\u0131n ve zanaatkarl\u0131k becerisinin e\u015fsiz bir yans\u0131mas\u0131d\u0131r.<\/p>\n<p>Bu Bergama dokumas\u0131n\u0131 di\u011ferlerinden ay\u0131ran en belirgin \u00f6zelliklerden biri, Kuzeybat\u0131 Anadolu&#8217;ya \u00f6zg\u00fc motifleri bar\u0131nd\u0131rmas\u0131d\u0131r. Orta alandaki \u00e7ift g\u00f6bekli ve ok motifi olarak adland\u0131r\u0131lan kompozisyon, derin bir sembolik anlat\u0131 ta\u015f\u0131rken, b\u00f6lgenin k\u00fclt\u00fcrel kodlar\u0131n\u0131 da yans\u0131t\u0131yor. Hal\u0131n\u0131n renk paleti ise adeta bir sanat\u00e7\u0131n\u0131n f\u0131r\u00e7as\u0131ndan \u00e7\u0131km\u0131\u015f gibi. Derin ve \u00f6zel bir lacivert tonu, mistik \u00f6rdek ba\u015f\u0131 ye\u015fili ile uyum i\u00e7inde dans ederken, canl\u0131 k\u0131rm\u0131z\u0131 ve onun daha a\u00e7\u0131k tonlar\u0131 tasar\u0131ma dinamizm ve s\u0131cakl\u0131k kat\u0131yor. Bu renklerin ustaca kullan\u0131m\u0131, iplerin boyanmas\u0131nda y\u00fcksek bir bilgi birikimine ve hal\u0131n\u0131n dokunmas\u0131nda deneyimli bir zanaatkar\u0131n maharetine i\u015faret ediyor.<\/p>\n<p>Bu antika Bergama hal\u0131s\u0131, benzerlerinden \u00e7ok daha \u00f6ne \u00e7\u0131kan bir tasar\u0131m ve dokuma kalitesine sahip. &#8220;E\u015fsiz&#8221; olarak tan\u0131mlanabilecek bu otantik eser, t\u00fcr\u00fcn\u00fcn tek \u00f6rne\u011fi olma \u00f6zelli\u011fi ta\u015f\u0131yor. Ebatlar\u0131 m\u00fctevaz\u0131 olsa da (95&#215;127 cm), hal\u0131n\u0131n g\u00f6z al\u0131c\u0131 tasar\u0131m\u0131 ve zengin kompozisyonu ger\u00e7ekten hayranl\u0131k uyand\u0131r\u0131yor. Kilimlik k\u0131sm\u0131nda yer alan, nazarl\u0131k i\u015flevi g\u00f6rd\u00fc\u011f\u00fcne inan\u0131lan kabartma hav detay\u0131, adeta bir imza gibi olup, hal\u0131n\u0131n kalitesine zarif bir dokunu\u015f kat\u0131yor. Belki de en dikkat \u00e7ekici \u00f6zelliklerinden biri, bord\u00fcrlerinde g\u00f6r\u00fclen ve K\u00fcfi yaz\u0131lara benzeyen Sel\u00e7uklu d\u00f6nemi motiflerinin varl\u0131\u011f\u0131. Bu stilize bord\u00fcr, bu tarz antika hal\u0131larda olduk\u00e7a nadir rastlanabilecek bir \u00f6zellik ve esere tarihi bir derinlik kazand\u0131r\u0131yor. Minimum say\u0131da renk kullanarak b\u00f6yle katmanl\u0131, derinlikli ve estetik bir ba\u015fyap\u0131t yaratmak, ancak usta bir zanaatkar\u0131n vizyonuyla m\u00fcmk\u00fcn olabiliyor.<\/p>\n<p>Bu 19. y\u00fczy\u0131l\u0131n ilk yar\u0131s\u0131na ait Antik Bergama Hal\u0131s\u0131, sadece bir mekan\u0131 s\u00fcslemekle kalmayacak, ayn\u0131 zamanda koleksiyonunuza de\u011ferli bir entelekt\u00fcel katk\u0131 sa\u011flayacakt\u0131r. Bu nadir ve otantik eseri edinmek, Anadolu&#8217;nun zengin dokuma miras\u0131na yap\u0131lan sayg\u0131l\u0131 bir yolculu\u011fun ba\u015flang\u0131c\u0131d\u0131r.<\/p>\n","protected":false},"excerpt":{"rendered":"<p><strong>Men\u015fei:<\/strong> T\u00fcrkiye \/ Bat\u0131 Anadolu <strong>Kondisyon:<\/strong> Ola\u011fan\u00fcst\u00fc <strong>Dokuma Materyali ve Teknik:<\/strong> Y\u00fcne Y\u00fcn, %100 Kirman ipi, G\u00f6rdes (T\u00fcrk) D\u00fc\u011f\u00fcm\u00fc <strong>D\u00f6nem &#8211; Ya\u015f:<\/strong> 19. Y\u00fczy\u0131l ilk yar\u0131 175 &#8211; 200 ya\u015f<\/p>\n","protected":false},"featured_media":7645,"comment_status":"closed","ping_status":"closed","template":"","meta":[],"product_brand":[],"product_cat":[336],"product_tag":[395,398,396,399,397,393,394],"class_list":{"0":"post-7644","1":"product","2":"type-product","3":"status-publish","4":"has-post-thumbnail","6":"product_cat-hali-ve-kilim","7":"product_tag-antika-hali","8":"product_tag-antika-hali-muzayedesi","9":"product_tag-antique-rug","10":"product_tag-antique-rug-online-auction","11":"product_tag-endemigo-auction","12":"product_tag-online-auction","13":"product_tag-online-muzayede","15":"first","16":"instock","17":"sold-individually","18":"product-type-auction"},"_links":{"self":[{"href":"https:\/\/endemigoauction.com\/en\/wp-json\/wp\/v2\/product\/7644","targetHints":{"allow":["GET"]}}],"collection":[{"href":"https:\/\/endemigoauction.com\/en\/wp-json\/wp\/v2\/product"}],"about":[{"href":"https:\/\/endemigoauction.com\/en\/wp-json\/wp\/v2\/types\/product"}],"replies":[{"embeddable":true,"href":"https:\/\/endemigoauction.com\/en\/wp-json\/wp\/v2\/comments?post=7644"}],"wp:featuredmedia":[{"embeddable":true,"href":"https:\/\/endemigoauction.com\/en\/wp-json\/wp\/v2\/media\/7645"}],"wp:attachment":[{"href":"https:\/\/endemigoauction.com\/en\/wp-json\/wp\/v2\/media?parent=7644"}],"wp:term":[{"taxonomy":"product_brand","embeddable":true,"href":"https:\/\/endemigoauction.com\/en\/wp-json\/wp\/v2\/product_brand?post=7644"},{"taxonomy":"product_cat","embeddable":true,"href":"https:\/\/endemigoauction.com\/en\/wp-json\/wp\/v2\/product_cat?post=7644"},{"taxonomy":"product_tag","embeddable":true,"href":"https:\/\/endemigoauction.com\/en\/wp-json\/wp\/v2\/product_tag?post=7644"}],"curies":[{"name":"wp","href":"https:\/\/api.w.org\/{rel}","templated":true}]}}