{"id":7641,"date":"2025-05-29T10:44:32","date_gmt":"2025-05-29T07:44:32","guid":{"rendered":"https:\/\/endemigoauction.com\/urun\/lot-70-kula-manzarali-hali-19-yuzyil-133-x-220-cm\/"},"modified":"2025-06-12T01:47:50","modified_gmt":"2025-06-11T22:47:50","slug":"lot-70-kula-manzarali-hali-19-yuzyil-133-x-220-cm","status":"publish","type":"product","link":"https:\/\/endemigoauction.com\/en\/urun\/lot-70-kula-manzarali-hali-19-yuzyil-133-x-220-cm\/","title":{"rendered":"LOT.70 Kula Manzaral\u0131 Hal\u0131 19. Y\u00fczy\u0131l 133 x 220 cm"},"content":{"rendered":"<p><strong>Kula Manzaral\u0131 Hal\u0131 19. Y\u00fczy\u0131l 133 x 220 cm.<\/strong><\/p>\n<p>Bir Zamalar\u0131n Asaletli Tan\u0131\u011f\u0131, Bir Estetik Manifestosu: 19. Y\u00fczy\u0131l \u0130kinci Yar\u0131s\u0131 Antik Manzaral\u0131 Kula Hal\u0131s\u0131Kar\u015f\u0131m\u0131zda duran bu e\u015fsiz eser, Manisa-Kula&#8217;n\u0131n bereketli topraklar\u0131n\u0131n ve kadim dokuma sanat\u0131n\u0131n 19. y\u00fczy\u0131l\u0131n ikinci yar\u0131s\u0131ndaki en olgun hali. %100 el e\u011firmesiyle \u00fcretilmi\u015f, k\u00f6k boyalarla renklendirilmi\u015f se\u00e7kin Kirman ipli\u011fi, geleneksel G\u00f6rdes (T\u00fcrk) d\u00fc\u011f\u00fcm\u00fc tekni\u011fiyle y\u00fcne ustal\u0131kla i\u015flenmi\u015f. Bu hal\u0131, sadece bir tekstil \u00fcr\u00fcn\u00fc de\u011fil, ayn\u0131 zamanda d\u00f6nemin sosyo-k\u00fclt\u00fcrel ve estetik anlay\u0131\u015f\u0131n\u0131n somut bir yans\u0131mas\u0131.&#8221;Manzaral\u0131&#8221; s\u0131fat\u0131n\u0131 sonuna kadar hak eden mihrap kompozisyonu, al\u0131\u015f\u0131lm\u0131\u015f\u0131n d\u0131\u015f\u0131nda bir anlat\u0131m sunuyor. Alt alta s\u0131ralanm\u0131\u015f stilize k\u00f6y evi tasvirleri, pastoral bir idilin sembolik bir yans\u0131mas\u0131 olarak de\u011ferlendirilebilir. Bu tercih, Kula hal\u0131 gelene\u011finde nadir g\u00f6r\u00fclen bir ikonografik yenilik ve d\u00f6nemin sanatsal e\u011filimlerine dair \u00f6nemli ipu\u00e7lar\u0131 sunuyor.<\/p>\n<p>Yo\u011fun k\u0131rm\u0131z\u0131 zemin, adeta bir tuval gibi, sar\u0131 ve mor tonlar\u0131n\u0131n cesur ve dengeli etkile\u015fimine zemin haz\u0131rl\u0131yor. Renk paletindeki bu se\u00e7kin uyum, hal\u0131n\u0131n g\u00f6rsel derinli\u011fini art\u0131r\u0131rken, \u0131\u015f\u0131k ve g\u00f6lge oyunlar\u0131yla \u00fc\u00e7 boyutlu bir alg\u0131 yarat\u0131yor. Tasar\u0131m\u0131n her bir unsuru, en ince ayr\u0131nt\u0131s\u0131na kadar d\u00fc\u015f\u00fcn\u00fclm\u00fc\u015f bir kompozisyonel zeka \u00f6rne\u011fi; bu da eseri, adeta bir ya\u011fl\u0131 boya tablonun zamana meydan okuyan dinginli\u011fine ta\u015f\u0131yor.<\/p>\n<p>Ya\u015f\u0131na ra\u011fmen sergiledi\u011fi ola\u011fan\u00fcst\u00fc kondisyon, bu antikan\u0131n titizlikle korundu\u011funu ve ne kadar de\u011ferli g\u00f6r\u00fcld\u00fc\u011f\u00fcn\u00fc a\u00e7\u0131k\u00e7a ortaya koyuyor. \u00dcretimindeki y\u00fcksek zanaatkarl\u0131k d\u00fczeyi, kullan\u0131lan malzemenin kalitesi ve dokuma tekni\u011findeki kusursuzluk, bu hal\u0131y\u0131 sadece bir antika de\u011fil, ayn\u0131 zamanda koleksiyonerler i\u00e7in arzu edilen bir nesne haline getiriyor.<\/p>\n<p>Bu 19. y\u00fczy\u0131l\u0131n ikinci yar\u0131s\u0131na ait Antik Manzaral\u0131 Kula Hal\u0131s\u0131, sadece bir alan\u0131 kaplamakla kalmayacak, ayn\u0131 zamanda bulundu\u011fu mek\u00e2na entelekt\u00fcel bir derinlik ve estetik bir zarafet katacakt\u0131r. Bu nadir ve de\u011ferli eseri koleksiyonunuza eklemek, ge\u00e7mi\u015fle anlaml\u0131 bir ba\u011f kurman\u0131n yan\u0131 s\u0131ra sanata yap\u0131lan k\u0131ymetli bir yat\u0131r\u0131m anlam\u0131na geliyor.<\/p>\n","protected":false},"excerpt":{"rendered":"<p><strong>Men\u015fei:<\/strong> T\u00fcrkiye \/ Manisa, Kula <strong>Kondisyon:<\/strong> Ola\u011fan\u00fcst\u00fc <strong>Dokuma Materyali ve Teknik:<\/strong> Y\u00fcne Y\u00fcn, %100 Kirman ipi, G\u00f6rdes (T\u00fcrk) D\u00fc\u011f\u00fcm\u00fc <strong>D\u00f6nem &#8211; Ya\u015f:<\/strong> 19. Y\u00fczy\u0131l ikinci yar\u0131<\/p>\n","protected":false},"featured_media":7642,"comment_status":"closed","ping_status":"closed","template":"","meta":[],"product_brand":[],"product_cat":[336],"product_tag":[395,398,396,399,397,393,394],"class_list":{"0":"post-7641","1":"product","2":"type-product","3":"status-publish","4":"has-post-thumbnail","6":"product_cat-hali-ve-kilim","7":"product_tag-antika-hali","8":"product_tag-antika-hali-muzayedesi","9":"product_tag-antique-rug","10":"product_tag-antique-rug-online-auction","11":"product_tag-endemigo-auction","12":"product_tag-online-auction","13":"product_tag-online-muzayede","15":"first","16":"instock","17":"sold-individually","18":"product-type-auction"},"_links":{"self":[{"href":"https:\/\/endemigoauction.com\/en\/wp-json\/wp\/v2\/product\/7641","targetHints":{"allow":["GET"]}}],"collection":[{"href":"https:\/\/endemigoauction.com\/en\/wp-json\/wp\/v2\/product"}],"about":[{"href":"https:\/\/endemigoauction.com\/en\/wp-json\/wp\/v2\/types\/product"}],"replies":[{"embeddable":true,"href":"https:\/\/endemigoauction.com\/en\/wp-json\/wp\/v2\/comments?post=7641"}],"wp:featuredmedia":[{"embeddable":true,"href":"https:\/\/endemigoauction.com\/en\/wp-json\/wp\/v2\/media\/7642"}],"wp:attachment":[{"href":"https:\/\/endemigoauction.com\/en\/wp-json\/wp\/v2\/media?parent=7641"}],"wp:term":[{"taxonomy":"product_brand","embeddable":true,"href":"https:\/\/endemigoauction.com\/en\/wp-json\/wp\/v2\/product_brand?post=7641"},{"taxonomy":"product_cat","embeddable":true,"href":"https:\/\/endemigoauction.com\/en\/wp-json\/wp\/v2\/product_cat?post=7641"},{"taxonomy":"product_tag","embeddable":true,"href":"https:\/\/endemigoauction.com\/en\/wp-json\/wp\/v2\/product_tag?post=7641"}],"curies":[{"name":"wp","href":"https:\/\/api.w.org\/{rel}","templated":true}]}}