{"id":7638,"date":"2025-05-29T10:44:32","date_gmt":"2025-05-29T07:44:32","guid":{"rendered":"https:\/\/endemigoauction.com\/urun\/lot-71-antik-selvili-kula-halisi-120-yas-130-x-191-cm\/"},"modified":"2025-06-01T16:35:20","modified_gmt":"2025-06-01T13:35:20","slug":"lot-71-antik-selvili-kula-halisi-120-yas-130-x-191-cm","status":"publish","type":"product","link":"https:\/\/endemigoauction.com\/en\/urun\/lot-71-antik-selvili-kula-halisi-120-yas-130-x-191-cm\/","title":{"rendered":"LOT.71 Antik Selvili Kula Hal\u0131s\u0131 120+ Ya\u015f 130 x 191 cm"},"content":{"rendered":"<p><strong>Antik Selvili Kula Hal\u0131s\u0131 120+ Ya\u015f 130 x 191 cm.<\/strong><\/p>\n<p>Manisa&#8217;n\u0131n tarihi dokusuyla \u015fekillenen Kula y\u00f6resinden gelen bu ola\u011fan\u00fcst\u00fc antika hal\u0131, 120 y\u0131l\u0131 a\u015fk\u0131n bir ge\u00e7mi\u015fe sahip ve zarafeti ile nadir tasar\u0131m\u0131yla g\u00f6z kama\u015ft\u0131r\u0131yor. 20. y\u00fczy\u0131l\u0131n ba\u015flar\u0131nda, ustalar\u0131n elinde y\u00fcn dokunarak ve %100 Kirman ipinin kalitesiyle hayat bulmu\u015f bu Selvili Kula hal\u0131s\u0131, G\u00f6rdes (T\u00fcrk) d\u00fc\u011f\u00fcm\u00fc tekni\u011finin inceliklerini yans\u0131t\u0131yor. Ola\u011fan\u00fcst\u00fc durumu, bu antika eserin de\u011ferini kat kat art\u0131r\u0131yor.<\/p>\n<p>Bord\u00fcr\u00fcnde beyaz zemin \u00fczerinde canl\u0131 nar\u00e7i\u00e7e\u011fi motifleri par\u0131ldarken, mihrap i\u00e7indeki lacivert zemin, selvili motiflerle s\u00fcslenerek hal\u0131ya kendine \u00f6zg\u00fc, asil bir hava kat\u0131yor. \u00d6zellikle Bat\u0131 aristokrasisinin ge\u00e7mi\u015fte b\u00fcy\u00fck ilgi g\u00f6sterdi\u011fi Selvili Kula hal\u0131lar\u0131, bu \u00f6rnekteki muhte\u015fem tasar\u0131m\u0131 ve korunmu\u015f durumu ile dikkat \u00e7ekiyor.<\/p>\n<p>Bu antika Selvili Kula hal\u0131s\u0131, sadece bir hal\u0131 olman\u0131n \u00f6tesinde, Kula&#8217;n\u0131n geleneksel sanat\u0131n\u0131n ve zarafetinin bir yans\u0131mas\u0131d\u0131r. Nadir selvili motifleri, g\u00f6z al\u0131c\u0131 renkleri ve kusursuz durumu ile koleksiyonunuzun en de\u011ferli par\u00e7alar\u0131ndan biri olmaya aday. Bu e\u015fsiz tarihi eseri ka\u00e7\u0131rmay\u0131n!<\/p>\n","protected":false},"excerpt":{"rendered":"<p><strong>Men\u015fei:<\/strong> T\u00fcrkiye \/ Manisa, Kula <strong>Kondisyon:<\/strong> Ola\u011fan\u00fcst\u00fc <strong>Dokuma Materyali ve Teknik:<\/strong> Y\u00fcne Y\u00fcn, %100 Kirman ipi, G\u00f6rdes (T\u00fcrk) D\u00fc\u011f\u00fcm\u00fc <strong>D\u00f6nem &#8211; Ya\u015f:<\/strong> 20. Y\u00fczy\u0131l Ba\u015f\u0131 120+ ya\u015f.<\/p>\n","protected":false},"featured_media":7639,"comment_status":"closed","ping_status":"closed","template":"","meta":[],"product_brand":[],"product_cat":[336],"product_tag":[395,398,396,399,397,393,394],"class_list":{"0":"post-7638","1":"product","2":"type-product","3":"status-publish","4":"has-post-thumbnail","6":"product_cat-hali-ve-kilim","7":"product_tag-antika-hali","8":"product_tag-antika-hali-muzayedesi","9":"product_tag-antique-rug","10":"product_tag-antique-rug-online-auction","11":"product_tag-endemigo-auction","12":"product_tag-online-auction","13":"product_tag-online-muzayede","15":"first","16":"instock","17":"sold-individually","18":"product-type-auction"},"_links":{"self":[{"href":"https:\/\/endemigoauction.com\/en\/wp-json\/wp\/v2\/product\/7638","targetHints":{"allow":["GET"]}}],"collection":[{"href":"https:\/\/endemigoauction.com\/en\/wp-json\/wp\/v2\/product"}],"about":[{"href":"https:\/\/endemigoauction.com\/en\/wp-json\/wp\/v2\/types\/product"}],"replies":[{"embeddable":true,"href":"https:\/\/endemigoauction.com\/en\/wp-json\/wp\/v2\/comments?post=7638"}],"wp:featuredmedia":[{"embeddable":true,"href":"https:\/\/endemigoauction.com\/en\/wp-json\/wp\/v2\/media\/7639"}],"wp:attachment":[{"href":"https:\/\/endemigoauction.com\/en\/wp-json\/wp\/v2\/media?parent=7638"}],"wp:term":[{"taxonomy":"product_brand","embeddable":true,"href":"https:\/\/endemigoauction.com\/en\/wp-json\/wp\/v2\/product_brand?post=7638"},{"taxonomy":"product_cat","embeddable":true,"href":"https:\/\/endemigoauction.com\/en\/wp-json\/wp\/v2\/product_cat?post=7638"},{"taxonomy":"product_tag","embeddable":true,"href":"https:\/\/endemigoauction.com\/en\/wp-json\/wp\/v2\/product_tag?post=7638"}],"curies":[{"name":"wp","href":"https:\/\/api.w.org\/{rel}","templated":true}]}}