{"id":7635,"date":"2025-05-29T10:44:32","date_gmt":"2025-05-29T07:44:32","guid":{"rendered":"https:\/\/endemigoauction.com\/urun\/lot-72-antik-taspinar-halisi-110-yas-101-x-160-cm\/"},"modified":"2025-06-01T18:00:21","modified_gmt":"2025-06-01T15:00:21","slug":"lot-72-antik-taspinar-halisi-110-yas-101-x-160-cm","status":"publish","type":"product","link":"https:\/\/endemigoauction.com\/en\/urun\/lot-72-antik-taspinar-halisi-110-yas-101-x-160-cm\/","title":{"rendered":"LOT.72 Antik Ta\u015fp\u0131nar Hal\u0131s\u0131 110+ Ya\u015f 101 x 160 cm"},"content":{"rendered":"<p><strong>Antik Ta\u015fp\u0131nar Hal\u0131s\u0131 Bademli Bord\u00fcr 110+ Ya\u015f 101 x 160 cm.<\/strong><\/p>\n<p>Do\u011frudan Orta Anadolu&#8217;nun kalbinden, g\u00fcn\u00fcm\u00fczde co\u011frafi i\u015faret tesciliyle ta\u00e7lanm\u0131\u015f kadim Ta\u015fp\u0131nar y\u00f6resinden \u00e7\u0131kan bu 110 y\u0131l\u0131 a\u015fk\u0131n nadide eser, ge\u00e7mi\u015fin zarafetini g\u00fcn\u00fcm\u00fcze ta\u015f\u0131yor. 20. Y\u00fczy\u0131l\u0131n ba\u015flar\u0131nda, ustalar\u0131n maharetli ellerinde hayat bulan bu antik hal\u0131, y\u00fcne y\u00fcn dokumas\u0131 ve %100 Kirman ipinin do\u011fal \u0131\u015f\u0131lt\u0131s\u0131yla g\u00f6z kama\u015ft\u0131r\u0131yor. G\u00f6rdes (T\u00fcrk) d\u00fc\u011f\u00fcm\u00fc tekni\u011fiyle ilmek ilmek dokunan bu hal\u0131, ola\u011fan\u00fcst\u00fc kondisyonuyla adeta zaman\u0131n \u00f6tesinden geliyor.<\/p>\n<p>Lacivert tonlar\u0131n\u0131n derinli\u011fiyle huzur veren madalyon g\u00f6be\u011fi, bord\u00fcrlerindeki zarif ve nadir badem motifleriyle e\u015fsiz bir tasar\u0131m sergiliyor. Koleksiyonerler i\u00e7in bu hal\u0131y\u0131 cazip k\u0131lan \u00f6zellikler saymakla bitmiyor: nadir rastlanan badem motifli bord\u00fcrleri, kusursuz denebilecek ola\u011fan\u00fcst\u00fc kondisyonu ve zamana meydan okuyan k\u00f6k boya ile elde edilmi\u015f do\u011fal renkleri.<\/p>\n<p>Bu hatas\u0131z antika Ta\u015fp\u0131nar hal\u0131s\u0131, sadece bir zemin \u00f6rt\u00fcs\u00fc de\u011fil, ayn\u0131 zamanda Anadolu&#8217;nun zengin k\u00fclt\u00fcrel miras\u0131n\u0131n ve usta i\u015f\u00e7ili\u011finin bir yans\u0131mas\u0131d\u0131r. Koleksiyonunuzun en de\u011ferli par\u00e7alar\u0131ndan biri olmaya aday bu nadir eseri ka\u00e7\u0131rmay\u0131n!<\/p>\n","protected":false},"excerpt":{"rendered":"<p><strong>Men\u015fei:<\/strong> T\u00fcrkiye \/ Aksaray &#8211; Orta Anadolu <strong>Kondisyon:<\/strong> Ola\u011fan\u00fcst\u00fc <strong>Dokuma Materyali ve Teknik:<\/strong> Y\u00fcne Y\u00fcn, %100 Kirman ipi, G\u00f6rdes (T\u00fcrk) D\u00fc\u011f\u00fcm\u00fc <strong>D\u00f6nem &#8211; Ya\u015f:<\/strong> 20. Y\u00fczy\u0131l Ba\u015f\u0131 110+ ya\u015f<\/p>\n","protected":false},"featured_media":7636,"comment_status":"closed","ping_status":"closed","template":"","meta":[],"product_brand":[],"product_cat":[336],"product_tag":[395,398,396,399,397,393,394],"class_list":{"0":"post-7635","1":"product","2":"type-product","3":"status-publish","4":"has-post-thumbnail","6":"product_cat-hali-ve-kilim","7":"product_tag-antika-hali","8":"product_tag-antika-hali-muzayedesi","9":"product_tag-antique-rug","10":"product_tag-antique-rug-online-auction","11":"product_tag-endemigo-auction","12":"product_tag-online-auction","13":"product_tag-online-muzayede","15":"first","16":"instock","17":"sold-individually","18":"product-type-auction"},"_links":{"self":[{"href":"https:\/\/endemigoauction.com\/en\/wp-json\/wp\/v2\/product\/7635","targetHints":{"allow":["GET"]}}],"collection":[{"href":"https:\/\/endemigoauction.com\/en\/wp-json\/wp\/v2\/product"}],"about":[{"href":"https:\/\/endemigoauction.com\/en\/wp-json\/wp\/v2\/types\/product"}],"replies":[{"embeddable":true,"href":"https:\/\/endemigoauction.com\/en\/wp-json\/wp\/v2\/comments?post=7635"}],"wp:featuredmedia":[{"embeddable":true,"href":"https:\/\/endemigoauction.com\/en\/wp-json\/wp\/v2\/media\/7636"}],"wp:attachment":[{"href":"https:\/\/endemigoauction.com\/en\/wp-json\/wp\/v2\/media?parent=7635"}],"wp:term":[{"taxonomy":"product_brand","embeddable":true,"href":"https:\/\/endemigoauction.com\/en\/wp-json\/wp\/v2\/product_brand?post=7635"},{"taxonomy":"product_cat","embeddable":true,"href":"https:\/\/endemigoauction.com\/en\/wp-json\/wp\/v2\/product_cat?post=7635"},{"taxonomy":"product_tag","embeddable":true,"href":"https:\/\/endemigoauction.com\/en\/wp-json\/wp\/v2\/product_tag?post=7635"}],"curies":[{"name":"wp","href":"https:\/\/api.w.org\/{rel}","templated":true}]}}