{"id":7632,"date":"2025-05-29T10:44:32","date_gmt":"2025-05-29T07:44:32","guid":{"rendered":"https:\/\/endemigoauction.com\/urun\/lot-73-antik-konya-halisi-19-yuzyil-basi-100-x-123-cm\/"},"modified":"2025-06-01T16:33:51","modified_gmt":"2025-06-01T13:33:51","slug":"lot-73-antik-konya-halisi-19-yuzyil-basi-100-x-123-cm","status":"publish","type":"product","link":"https:\/\/endemigoauction.com\/en\/urun\/lot-73-antik-konya-halisi-19-yuzyil-basi-100-x-123-cm\/","title":{"rendered":"LOT.73 Antik Konya Hal\u0131s\u0131 19. Y\u00fczy\u0131l Ba\u015f\u0131 100 x 123 cm"},"content":{"rendered":"<p><strong>Antik Konya Hal\u0131s\u0131 19. Y\u00fczy\u0131l Ba\u015f\u0131 100 x 123 cm.<\/strong><\/p>\n<p>Bu Antik Konya Hal\u0131s\u0131, Orta Anadolu\u2019nun k\u00f6kl\u00fc dokuma gelene\u011fini yans\u0131tan, tam koleksiyonluk boyutlarda (k\u00fc\u00e7\u00fck ebatl\u0131) bir par\u00e7a. Ya\u015f\u0131na ra\u011fmen g\u00fcn\u00fcm\u00fcze ula\u015fmay\u0131 ba\u015faran nadir \u00f6rneklerden biri. \u0130lkel motifler, semboller ve do\u011fal boyalar\u0131n olu\u015fturdu\u011fu renk dengesiyle dikkat \u00e7eken bu eser, otantik Anadolu hal\u0131c\u0131l\u0131\u011f\u0131n\u0131n \u00f6z\u00fcn\u00fc ta\u015f\u0131makta.<\/p>\n<p>Hal\u0131da zamanla olu\u015fan \u00e7e\u015fitli y\u0131pranmalar ve hav azalmas\u0131 gibi do\u011fal ya\u015flanma izleri, profesyonel restorasyon i\u015flemleriyle \u00f6zenle onar\u0131lm\u0131\u015f. Bu restorasyonlar, hal\u0131n\u0131n dokusunu ve desen b\u00fct\u00fcnl\u00fc\u011f\u00fcn\u00fc koruyarak koleksiyon de\u011ferini art\u0131racak \u015fekilde ger\u00e7ekle\u015ftirilmi\u015ftir.<\/p>\n<p>Ya\u015f\u0131, k\u00f6keni ve geleneksel sembolleriyle dikkat \u00e7eken bu Konya hal\u0131s\u0131, koleksiyonerler i\u00e7in hem tarihsel hem de sanatsal a\u00e7\u0131dan y\u00fcksek bir de\u011fer ta\u015f\u0131yan bir par\u00e7a olarak \u00f6ne \u00e7\u0131k\u0131yor.<\/p>\n","protected":false},"excerpt":{"rendered":"<p><strong>Men\u015fei:<\/strong> T\u00fcrkiye \/ Konya \u2013 Orta Anadolu <strong>Kondisyon:<\/strong> \u00c7ok \u0130yi <strong>Dokuma Materyali ve Teknik:<\/strong> Y\u00fcne Y\u00fcn, %100 Kirman ipi, G\u00f6rdes (T\u00fcrk) D\u00fc\u011f\u00fcm\u00fc <strong>D\u00f6nem &#8211; Ya\u015f:<\/strong> 19. Y\u00fczy\u0131l Ba\u015f\u0131 (175\u2013200 ya\u015f aras\u0131)<\/p>\n","protected":false},"featured_media":7633,"comment_status":"closed","ping_status":"closed","template":"","meta":[],"product_brand":[],"product_cat":[336],"product_tag":[395,398,396,399,397,393,394],"class_list":{"0":"post-7632","1":"product","2":"type-product","3":"status-publish","4":"has-post-thumbnail","6":"product_cat-hali-ve-kilim","7":"product_tag-antika-hali","8":"product_tag-antika-hali-muzayedesi","9":"product_tag-antique-rug","10":"product_tag-antique-rug-online-auction","11":"product_tag-endemigo-auction","12":"product_tag-online-auction","13":"product_tag-online-muzayede","15":"first","16":"instock","17":"sold-individually","18":"product-type-auction"},"_links":{"self":[{"href":"https:\/\/endemigoauction.com\/en\/wp-json\/wp\/v2\/product\/7632","targetHints":{"allow":["GET"]}}],"collection":[{"href":"https:\/\/endemigoauction.com\/en\/wp-json\/wp\/v2\/product"}],"about":[{"href":"https:\/\/endemigoauction.com\/en\/wp-json\/wp\/v2\/types\/product"}],"replies":[{"embeddable":true,"href":"https:\/\/endemigoauction.com\/en\/wp-json\/wp\/v2\/comments?post=7632"}],"wp:featuredmedia":[{"embeddable":true,"href":"https:\/\/endemigoauction.com\/en\/wp-json\/wp\/v2\/media\/7633"}],"wp:attachment":[{"href":"https:\/\/endemigoauction.com\/en\/wp-json\/wp\/v2\/media?parent=7632"}],"wp:term":[{"taxonomy":"product_brand","embeddable":true,"href":"https:\/\/endemigoauction.com\/en\/wp-json\/wp\/v2\/product_brand?post=7632"},{"taxonomy":"product_cat","embeddable":true,"href":"https:\/\/endemigoauction.com\/en\/wp-json\/wp\/v2\/product_cat?post=7632"},{"taxonomy":"product_tag","embeddable":true,"href":"https:\/\/endemigoauction.com\/en\/wp-json\/wp\/v2\/product_tag?post=7632"}],"curies":[{"name":"wp","href":"https:\/\/api.w.org\/{rel}","templated":true}]}}