{"id":7629,"date":"2025-05-29T10:44:32","date_gmt":"2025-05-29T07:44:32","guid":{"rendered":"https:\/\/endemigoauction.com\/urun\/lot-74-antik-ada-milas-halisi-19-yuzyil-127-x-180-cm\/"},"modified":"2025-06-01T16:33:20","modified_gmt":"2025-06-01T13:33:20","slug":"lot-74-antik-ada-milas-halisi-19-yuzyil-127-x-180-cm","status":"publish","type":"product","link":"https:\/\/endemigoauction.com\/en\/urun\/lot-74-antik-ada-milas-halisi-19-yuzyil-127-x-180-cm\/","title":{"rendered":"LOT.74 Antik Ada Milas Hal\u0131s\u0131 19. Y\u00fczy\u0131l 127 x 180 cm"},"content":{"rendered":"<p><strong>Antik Ada Milas Hal\u0131s\u0131 19. Y\u00fczy\u0131l 127 x 180 cm.<\/strong><\/p>\n<p>Bat\u0131 Anadolu\u2019nun hal\u0131c\u0131l\u0131k gelene\u011finde \u00f6zel bir yere sahip olan Ada Milas dokumalar\u0131, zarafeti ve \u00f6zg\u00fcn motif diliyle dikkat \u00e7eker. Bu eser, barok tarz\u0131 desen anlay\u0131\u015f\u0131 ve seccade \u00f6l\u00e7\u00fcleri ile d\u00f6nemin sanatsal ruhunu m\u00fckemmel bir \u015fekilde yans\u0131t\u0131r. Tamamen k\u00f6k ve do\u011fal boyalarla renklendirilmi\u015f olmas\u0131, hem estetik zenginli\u011fini hem de sa\u011fl\u0131kl\u0131 ya\u015flanma s\u00fcrecini garanti eder.<\/p>\n<p>Kirman y\u00fcn\u00fcnden dokunan bu hal\u0131, G\u00f6rdes d\u00fc\u011f\u00fcm\u00fc sayesinde s\u0131k dokusu ve sa\u011flam yap\u0131s\u0131yla \u00f6ne \u00e7\u0131kar. Ya\u015f\u0131na ba\u011fl\u0131 olarak hav (y\u00fczey t\u00fcy\u00fc) kalitesinde bir miktar d\u00fc\u015f\u00fc\u015f g\u00f6zlemlense de, bu durum hal\u0131n\u0131n motif derinli\u011fi ve genel kondisyonuna hi\u00e7bir zarar vermemi\u015ftir. Aksine, bu do\u011fal a\u015f\u0131nma, hal\u0131ya antik bir karakter ve tarihsel bir dokunu\u015f katmaktad\u0131r.<\/p>\n<p>Ada Milas hal\u0131lar\u0131, hem yerli hem de uluslararas\u0131 koleksiyonerlerin ilgisini \u00e7eken, y\u00fcksek talep g\u00f6ren nadir \u00f6rneklerdir.<\/p>\n","protected":false},"excerpt":{"rendered":"<p><strong>Men\u015fei:<\/strong> T\u00fcrkiye \/ Bat\u0131 Anadolu, Mu\u011fla <strong>Kondisyon:<\/strong> M\u00fckemmel <strong>Dokuma Materyali ve Teknik:<\/strong> Y\u00fcne Y\u00fcn, %100 Kirman ipi, G\u00f6rdes (T\u00fcrk) D\u00fc\u011f\u00fcm\u00fc <strong>D\u00f6nem &#8211; Ya\u015f:<\/strong> 19. Y\u00fczy\u0131l \u0130kinci Yar\u0131s\u0131 (140\u2013170 ya\u015f)<\/p>\n","protected":false},"featured_media":7630,"comment_status":"closed","ping_status":"closed","template":"","meta":[],"product_brand":[],"product_cat":[336],"product_tag":[395,398,396,399,397,393,394],"class_list":{"0":"post-7629","1":"product","2":"type-product","3":"status-publish","4":"has-post-thumbnail","6":"product_cat-hali-ve-kilim","7":"product_tag-antika-hali","8":"product_tag-antika-hali-muzayedesi","9":"product_tag-antique-rug","10":"product_tag-antique-rug-online-auction","11":"product_tag-endemigo-auction","12":"product_tag-online-auction","13":"product_tag-online-muzayede","15":"first","16":"instock","17":"sold-individually","18":"product-type-auction"},"_links":{"self":[{"href":"https:\/\/endemigoauction.com\/en\/wp-json\/wp\/v2\/product\/7629","targetHints":{"allow":["GET"]}}],"collection":[{"href":"https:\/\/endemigoauction.com\/en\/wp-json\/wp\/v2\/product"}],"about":[{"href":"https:\/\/endemigoauction.com\/en\/wp-json\/wp\/v2\/types\/product"}],"replies":[{"embeddable":true,"href":"https:\/\/endemigoauction.com\/en\/wp-json\/wp\/v2\/comments?post=7629"}],"wp:featuredmedia":[{"embeddable":true,"href":"https:\/\/endemigoauction.com\/en\/wp-json\/wp\/v2\/media\/7630"}],"wp:attachment":[{"href":"https:\/\/endemigoauction.com\/en\/wp-json\/wp\/v2\/media?parent=7629"}],"wp:term":[{"taxonomy":"product_brand","embeddable":true,"href":"https:\/\/endemigoauction.com\/en\/wp-json\/wp\/v2\/product_brand?post=7629"},{"taxonomy":"product_cat","embeddable":true,"href":"https:\/\/endemigoauction.com\/en\/wp-json\/wp\/v2\/product_cat?post=7629"},{"taxonomy":"product_tag","embeddable":true,"href":"https:\/\/endemigoauction.com\/en\/wp-json\/wp\/v2\/product_tag?post=7629"}],"curies":[{"name":"wp","href":"https:\/\/api.w.org\/{rel}","templated":true}]}}