{"id":7626,"date":"2025-05-29T10:44:10","date_gmt":"2025-05-29T07:44:10","guid":{"rendered":"https:\/\/endemigoauction.com\/urun\/lot-75-antik-kapadokya-halisi-19-yuzyil-2-yari-113-x-204-cm\/"},"modified":"2025-06-12T02:13:11","modified_gmt":"2025-06-11T23:13:11","slug":"lot-75-antik-kapadokya-halisi-19-yuzyil-2-yari-113-x-204-cm","status":"publish","type":"product","link":"https:\/\/endemigoauction.com\/en\/urun\/lot-75-antik-kapadokya-halisi-19-yuzyil-2-yari-113-x-204-cm\/","title":{"rendered":"LOT.75 Antik Kapadokya Hal\u0131s\u0131 19. Y\u00fczy\u0131l 2. Yar\u0131 113 x 204 cm"},"content":{"rendered":"<p><strong>Antik Kapadokya Hal\u0131s\u0131 19. Y\u00fczy\u0131l 2. Yar\u0131 113 x 204 cm.<\/strong><\/p>\n<p>Kapadokya\u2019n\u0131n kadim ta\u015f dokusu ve do\u011fal renk paleti, bu muhte\u015fem hal\u0131n\u0131n zeminine adeta i\u015flenmi\u015f. 19. y\u00fczy\u0131l\u0131n ikinci yar\u0131s\u0131nda \u00fcretildi\u011fi d\u00fc\u015f\u00fcn\u00fclen bu nadide eser, hem renk uyumu hem de m\u00fckemmel durumu ile g\u00f6z al\u0131yor.<\/p>\n<p>Hal\u0131n\u0131n, b\u00f6lgedeki Rum ustalar\u0131n elinden \u00e7\u0131km\u0131\u015f olabilece\u011fi d\u00fc\u015f\u00fcn\u00fcl\u00fcyor; bu da esere \u00e7ok k\u00fclt\u00fcrl\u00fc bir teknik ve estetik derinlik kat\u0131yor. Tamamen do\u011fal boyalarla renklendirilmi\u015f ve %100 kirman y\u00fcn\u00fc kullan\u0131larak dokunmu\u015f. Uygulanan G\u00f6rdes d\u00fc\u011f\u00fcm\u00fc, d\u00fc\u011f\u00fcm yo\u011funlu\u011fu ve simetrisiyle hal\u0131n\u0131n dayan\u0131kl\u0131l\u0131\u011f\u0131na ve uzun \u00f6mr\u00fcne katk\u0131da bulunmu\u015f.<\/p>\n<p>Uzman ekspertiz raporlar\u0131nda hi\u00e7bir tamir ya da restorasyon izi bulunmamas\u0131, bu hal\u0131n\u0131n 150 y\u0131l\u0131 a\u015fk\u0131n \u00f6mr\u00fcne ra\u011fmen orijinalli\u011fini korudu\u011funun en g\u00fc\u00e7l\u00fc kan\u0131t\u0131. Kapadokya\u2019n\u0131n zamana meydan okuyan kaya olu\u015fumlar\u0131 gibi, bu hal\u0131 da do\u011fan\u0131n ve insan\u0131n birlikte yaratt\u0131\u011f\u0131 e\u015fsiz bir sanatsal ifadedir. Koleksiyoncular ve hal\u0131 tutkunlar\u0131 i\u00e7in paha bi\u00e7ilmez bir par\u00e7a, m\u00fczayedenin en nadide eserlerinden biri.<\/p>\n","protected":false},"excerpt":{"rendered":"<p><strong>Men\u015fei:<\/strong> T\u00fcrkiye \/ Orta Anadolu, Kapadokya <strong>Kondisyon:<\/strong> Ola\u011fan\u00fcst\u00fc <strong>Dokuma Materyali ve Teknik:<\/strong> Y\u00fcne Y\u00fcn, %100 Kirman ipi, G\u00f6rdes (T\u00fcrk) D\u00fc\u011f\u00fcm\u00fc <strong>D\u00f6nem &#8211; Ya\u015f:<\/strong> 19. Y\u00fczy\u0131l \u0130kinci Yar\u0131s\u0131 (150\u2013175 ya\u015f)<\/p>\n","protected":false},"featured_media":7627,"comment_status":"closed","ping_status":"closed","template":"","meta":[],"product_brand":[],"product_cat":[336],"product_tag":[395,398,396,399,397,393,394],"class_list":{"0":"post-7626","1":"product","2":"type-product","3":"status-publish","4":"has-post-thumbnail","6":"product_cat-hali-ve-kilim","7":"product_tag-antika-hali","8":"product_tag-antika-hali-muzayedesi","9":"product_tag-antique-rug","10":"product_tag-antique-rug-online-auction","11":"product_tag-endemigo-auction","12":"product_tag-online-auction","13":"product_tag-online-muzayede","15":"first","16":"instock","17":"sold-individually","18":"product-type-auction"},"_links":{"self":[{"href":"https:\/\/endemigoauction.com\/en\/wp-json\/wp\/v2\/product\/7626","targetHints":{"allow":["GET"]}}],"collection":[{"href":"https:\/\/endemigoauction.com\/en\/wp-json\/wp\/v2\/product"}],"about":[{"href":"https:\/\/endemigoauction.com\/en\/wp-json\/wp\/v2\/types\/product"}],"replies":[{"embeddable":true,"href":"https:\/\/endemigoauction.com\/en\/wp-json\/wp\/v2\/comments?post=7626"}],"wp:featuredmedia":[{"embeddable":true,"href":"https:\/\/endemigoauction.com\/en\/wp-json\/wp\/v2\/media\/7627"}],"wp:attachment":[{"href":"https:\/\/endemigoauction.com\/en\/wp-json\/wp\/v2\/media?parent=7626"}],"wp:term":[{"taxonomy":"product_brand","embeddable":true,"href":"https:\/\/endemigoauction.com\/en\/wp-json\/wp\/v2\/product_brand?post=7626"},{"taxonomy":"product_cat","embeddable":true,"href":"https:\/\/endemigoauction.com\/en\/wp-json\/wp\/v2\/product_cat?post=7626"},{"taxonomy":"product_tag","embeddable":true,"href":"https:\/\/endemigoauction.com\/en\/wp-json\/wp\/v2\/product_tag?post=7626"}],"curies":[{"name":"wp","href":"https:\/\/api.w.org\/{rel}","templated":true}]}}