{"id":7623,"date":"2025-05-29T10:44:10","date_gmt":"2025-05-29T07:44:10","guid":{"rendered":"https:\/\/endemigoauction.com\/urun\/lot-76-konya-halisi-19-yuzyil-2-yari-132-x-200-cm\/"},"modified":"2025-06-12T02:10:57","modified_gmt":"2025-06-11T23:10:57","slug":"lot-76-konya-halisi-19-yuzyil-2-yari-132-x-200-cm","status":"publish","type":"product","link":"https:\/\/endemigoauction.com\/en\/urun\/lot-76-konya-halisi-19-yuzyil-2-yari-132-x-200-cm\/","title":{"rendered":"LOT.76 Konya Hal\u0131s\u0131 19. Y\u00fczy\u0131l 2. Yar\u0131 132 x 200 cm"},"content":{"rendered":"<p><strong>Konya Hal\u0131s\u0131 19. Y\u00fczy\u0131l 2. Yar\u0131 132 x 200 cm.<\/strong><\/p>\n<p>Bu Antik Konya hal\u0131s\u0131, Orta Anadolu\u2019nun hal\u0131c\u0131l\u0131kta zirveye ula\u015ft\u0131\u011f\u0131 d\u00f6nemin izlerini ta\u015f\u0131yor. Ya\u015f\u0131na ra\u011fmen ola\u011fan\u00fcst\u00fc bir kondisyon ve estetik \u00fcst\u00fcnl\u00fck sergileyen bu eser, koleksiyoncular i\u00e7in ger\u00e7ekten de\u011ferli bir par\u00e7a.Y\u00fcksek hav kalitesi, tamamen do\u011fal ve k\u00f6k boyalarla elde edilen renk derinli\u011fiyle birle\u015fiyor. \u00d6zellikle Konya sar\u0131s\u0131 ve Konya k\u0131rm\u0131z\u0131s\u0131 gibi b\u00f6lgeye \u00f6zg\u00fc pigmentlerin parlakl\u0131\u011f\u0131 ve doygunlu\u011fu, hal\u0131ya e\u015fsiz bir g\u00f6rsel etki kazand\u0131r\u0131yor.<\/p>\n<p>Hal\u0131n\u0131n merkezinde yer alan sekizgen g\u00f6bek formu i\u00e7inde stilize edilmi\u015f alevli sand\u0131k motifi, ta\u015f\u0131d\u0131\u011f\u0131 sembolizmle dikkat \u00e7ekiyor. Sand\u0131k, ge\u00e7mi\u015fin s\u0131rlar\u0131n\u0131 ve k\u00fclt\u00fcrel haf\u0131zay\u0131 temsil ederken; etraf\u0131ndaki alev formu, bu bilgeli\u011fin kutsal ve korunmas\u0131 gereken bir de\u011fer oldu\u011funu simgeliyor.G\u00f6be\u011fin iki ucundaki yar\u0131m mihrap tasar\u0131mlar\u0131, hal\u0131ya ibadet ve y\u00f6n duygusu kazand\u0131r\u0131yor. Hal\u0131n\u0131n u\u00e7lar\u0131nda yer alan \u00e7oklu safl\u0131 mihrap desenleri ise bu y\u00f6nelimi tamaml\u0131yor. Kenar bord\u00fcrlerindeki Kafkas k\u00f6kenli geometrik motifler, Anadolu\u2019nun farkl\u0131 k\u00fclt\u00fcrel etkilerle zenginle\u015fen hal\u0131 gelene\u011fine i\u015faret ediyor.<\/p>\n<p>Yap\u0131m\u0131nda kullan\u0131lan G\u00f6rdes d\u00fc\u011f\u00fcm\u00fc (T\u00fcrk d\u00fc\u011f\u00fcm\u00fc) ve %100 kirman y\u00fcn\u00fc, bu eserin sadece bir dekoratif hal\u0131 de\u011fil, ayn\u0131 zamanda etnografik ve sanatsal bir de\u011fer ta\u015f\u0131yan, m\u00fczeye lay\u0131k bir antika oldu\u011funu g\u00f6steriyor.<\/p>\n","protected":false},"excerpt":{"rendered":"<p><strong>Men\u015fei:<\/strong> T\u00fcrkiye \/ Orta Anadolu, Konya <strong>Kondisyon:<\/strong> Ola\u011fan\u00fcst\u00fc <strong>Dokuma Materyali ve Teknik:<\/strong> Y\u00fcne Y\u00fcn, %100 Kirman ipi, G\u00f6rdes (T\u00fcrk) D\u00fc\u011f\u00fcm\u00fc <strong>D\u00f6nem &#8211; Ya\u015f:<\/strong> 19. Y\u00fczy\u0131l \u0130kinci Yar\u0131s\u0131 (150\u2013175 ya\u015f)<\/p>\n","protected":false},"featured_media":7624,"comment_status":"closed","ping_status":"closed","template":"","meta":[],"product_brand":[],"product_cat":[336],"product_tag":[395,398,396,399,397,393,394],"class_list":{"0":"post-7623","1":"product","2":"type-product","3":"status-publish","4":"has-post-thumbnail","6":"product_cat-hali-ve-kilim","7":"product_tag-antika-hali","8":"product_tag-antika-hali-muzayedesi","9":"product_tag-antique-rug","10":"product_tag-antique-rug-online-auction","11":"product_tag-endemigo-auction","12":"product_tag-online-auction","13":"product_tag-online-muzayede","15":"first","16":"instock","17":"sold-individually","18":"product-type-auction"},"_links":{"self":[{"href":"https:\/\/endemigoauction.com\/en\/wp-json\/wp\/v2\/product\/7623","targetHints":{"allow":["GET"]}}],"collection":[{"href":"https:\/\/endemigoauction.com\/en\/wp-json\/wp\/v2\/product"}],"about":[{"href":"https:\/\/endemigoauction.com\/en\/wp-json\/wp\/v2\/types\/product"}],"replies":[{"embeddable":true,"href":"https:\/\/endemigoauction.com\/en\/wp-json\/wp\/v2\/comments?post=7623"}],"wp:featuredmedia":[{"embeddable":true,"href":"https:\/\/endemigoauction.com\/en\/wp-json\/wp\/v2\/media\/7624"}],"wp:attachment":[{"href":"https:\/\/endemigoauction.com\/en\/wp-json\/wp\/v2\/media?parent=7623"}],"wp:term":[{"taxonomy":"product_brand","embeddable":true,"href":"https:\/\/endemigoauction.com\/en\/wp-json\/wp\/v2\/product_brand?post=7623"},{"taxonomy":"product_cat","embeddable":true,"href":"https:\/\/endemigoauction.com\/en\/wp-json\/wp\/v2\/product_cat?post=7623"},{"taxonomy":"product_tag","embeddable":true,"href":"https:\/\/endemigoauction.com\/en\/wp-json\/wp\/v2\/product_tag?post=7623"}],"curies":[{"name":"wp","href":"https:\/\/api.w.org\/{rel}","templated":true}]}}