{"id":7620,"date":"2025-05-29T10:44:10","date_gmt":"2025-05-29T07:44:10","guid":{"rendered":"https:\/\/endemigoauction.com\/urun\/lot-77-antik-kula-halisi-19-yuzyil-basi-125-x-198-cm\/"},"modified":"2025-06-01T16:56:01","modified_gmt":"2025-06-01T13:56:01","slug":"lot-77-antik-kula-halisi-19-yuzyil-basi-125-x-198-cm","status":"publish","type":"product","link":"https:\/\/endemigoauction.com\/en\/urun\/lot-77-antik-kula-halisi-19-yuzyil-basi-125-x-198-cm\/","title":{"rendered":"LOT.77 Antik Kula Hal\u0131s\u0131 19. Y\u00fczy\u0131l Ba\u015f\u0131 125 x 198 cm"},"content":{"rendered":"<p><strong>Antik Kula Hal\u0131s\u0131 19. Y\u00fczy\u0131l Ba\u015f\u0131 125 x 198 cm.<\/strong><\/p>\n<p>Bu 200 ya\u015f\u0131ndaki Kula hal\u0131s\u0131, Anadolu hal\u0131c\u0131l\u0131\u011f\u0131n\u0131n en de\u011ferli tarih\u00ee \u00f6rneklerinden biri olarak \u00f6ne \u00e7\u0131k\u0131yor. D\u00f6nemin sanat ve maneviyat anlay\u0131\u015f\u0131n\u0131 yans\u0131tan Selvili mihrap tasar\u0131m\u0131yla dikkat \u00e7ekiyor. Selvi a\u011fac\u0131, \u00f6l\u00fcms\u00fczl\u00fc\u011f\u00fc ve ya\u015fam\u0131n s\u00fcreklili\u011fini simgelerken, hal\u0131n\u0131n i\u00e7 d\u00fczenindeki bu simge, mihrap formuyla birle\u015ferek mistik ve sembolik bir kompozisyon olu\u015fturuyor.<\/p>\n<p>Kenar bord\u00fcrleri, Konya Ladik hal\u0131lar\u0131n\u0131n geleneksel desenlerini and\u0131ran zengin detaylarla dolu. Bu durum, eserin yaln\u0131zca Kula dokumas\u0131 olmad\u0131\u011f\u0131n\u0131, ayn\u0131 zamanda Anadolu\u2019nun farkl\u0131 hal\u0131 merkezleriyle etkile\u015fim i\u00e7inde oldu\u011funu da g\u00f6steriyor.<\/p>\n<p>Zamanla ya\u015fad\u0131\u011f\u0131 rape (d\u00fc\u011f\u00fcm \u00fcst\u00fc hav kayb\u0131) nedeniyle motifler, adeta ta\u015f bask\u0131 netli\u011finde y\u00fczeye oturmu\u015f. Bu da hal\u0131ya antik bir g\u00f6rsel doku ve derinlik kazand\u0131rm\u0131\u015f. \u00d6zellikle ba\u015f k\u0131s\u0131mlar\u0131ndaki eksilmeler, ya\u015f\u0131n\u0131n do\u011fal bir sonucu olup, hal\u0131n\u0131n tarihi kimli\u011fine zarar vermiyor.<\/p>\n<p>Koleksiyonel korunumu sa\u011flamak amac\u0131yla profesyonel tekstil uzmanlar\u0131 taraf\u0131ndan temizlenmi\u015f, g\u00fc\u00e7lendirilmi\u015f ve \u00f6zel keten bez \u00fczerine monte edilerek sergilemeye haz\u0131r h\u00e2le getirilmi\u015f. Bu nadide Kula hal\u0131s\u0131, sadece bir dekoratif unsur de\u011fil, ayn\u0131 zamanda iki y\u00fczy\u0131l\u0131 a\u015fan Anadolu hal\u0131c\u0131l\u0131k tarihinin ya\u015fayan bir tan\u0131\u011f\u0131 olarak k\u00fclt\u00fcrel miras niteli\u011fi ta\u015f\u0131yor.<\/p>\n","protected":false},"excerpt":{"rendered":"<p><strong>Men\u015fei:<\/strong> T\u00fcrkiye \/ Manisa, Kula <strong>Kondisyon:<\/strong> \u0130yi <strong>Dokuma Materyali ve Teknik:<\/strong> Y\u00fcne Y\u00fcn, %100 Kirman ipi <strong>D\u00f6nem &#8211; Ya\u015f:<\/strong> 19. Y\u00fczy\u0131l Ba\u015f\u0131 (200 ya\u015f)<\/p>\n","protected":false},"featured_media":7621,"comment_status":"closed","ping_status":"closed","template":"","meta":[],"product_brand":[],"product_cat":[336],"product_tag":[395,398,396,399,397,393,394],"class_list":{"0":"post-7620","1":"product","2":"type-product","3":"status-publish","4":"has-post-thumbnail","6":"product_cat-hali-ve-kilim","7":"product_tag-antika-hali","8":"product_tag-antika-hali-muzayedesi","9":"product_tag-antique-rug","10":"product_tag-antique-rug-online-auction","11":"product_tag-endemigo-auction","12":"product_tag-online-auction","13":"product_tag-online-muzayede","15":"first","16":"instock","17":"sold-individually","18":"product-type-auction"},"_links":{"self":[{"href":"https:\/\/endemigoauction.com\/en\/wp-json\/wp\/v2\/product\/7620","targetHints":{"allow":["GET"]}}],"collection":[{"href":"https:\/\/endemigoauction.com\/en\/wp-json\/wp\/v2\/product"}],"about":[{"href":"https:\/\/endemigoauction.com\/en\/wp-json\/wp\/v2\/types\/product"}],"replies":[{"embeddable":true,"href":"https:\/\/endemigoauction.com\/en\/wp-json\/wp\/v2\/comments?post=7620"}],"wp:featuredmedia":[{"embeddable":true,"href":"https:\/\/endemigoauction.com\/en\/wp-json\/wp\/v2\/media\/7621"}],"wp:attachment":[{"href":"https:\/\/endemigoauction.com\/en\/wp-json\/wp\/v2\/media?parent=7620"}],"wp:term":[{"taxonomy":"product_brand","embeddable":true,"href":"https:\/\/endemigoauction.com\/en\/wp-json\/wp\/v2\/product_brand?post=7620"},{"taxonomy":"product_cat","embeddable":true,"href":"https:\/\/endemigoauction.com\/en\/wp-json\/wp\/v2\/product_cat?post=7620"},{"taxonomy":"product_tag","embeddable":true,"href":"https:\/\/endemigoauction.com\/en\/wp-json\/wp\/v2\/product_tag?post=7620"}],"curies":[{"name":"wp","href":"https:\/\/api.w.org\/{rel}","templated":true}]}}