{"id":7617,"date":"2025-05-29T10:44:10","date_gmt":"2025-05-29T07:44:10","guid":{"rendered":"https:\/\/endemigoauction.com\/urun\/lot-78-antik-antalya-dosemealti-halisi-100-yas-77-x-112-cm\/"},"modified":"2025-06-01T16:56:37","modified_gmt":"2025-06-01T13:56:37","slug":"lot-78-antik-antalya-dosemealti-halisi-100-yas-77-x-112-cm","status":"publish","type":"product","link":"https:\/\/endemigoauction.com\/en\/urun\/lot-78-antik-antalya-dosemealti-halisi-100-yas-77-x-112-cm\/","title":{"rendered":"LOT.78 Antik Antalya D\u00f6\u015femealt\u0131 Hal\u0131s\u0131 100+ Ya\u015f 77 x 112 cm"},"content":{"rendered":"<p><strong>Antik Antalya D\u00f6\u015femealt\u0131 Hal\u0131s\u0131 100+ Ya\u015f 77 x 112 cm.<\/strong><\/p>\n<p>Antalya&#8217;n\u0131n D\u00f6\u015femealt\u0131 b\u00f6lgesine ait bu e\u015fsiz par\u00e7a, hem tasar\u0131m\u0131 hem de i\u015flevi a\u00e7\u0131s\u0131ndan Anadolu hal\u0131c\u0131l\u0131\u011f\u0131nda olduk\u00e7a nadir bulunan bir t\u00fcr olan \u00e7ocuk hal\u0131s\u0131 kategorisine giriyor. 100 y\u0131ll\u0131k ge\u00e7mi\u015fiyle, bu sadece bir \u00e7ocuk hal\u0131s\u0131 de\u011fil; ayn\u0131 zamanda bir d\u00f6nemin k\u00fclt\u00fcrel ya\u015fam tarz\u0131n\u0131 ve sevgi anlay\u0131\u015f\u0131n\u0131 yans\u0131tan nostaljik bir eser.<\/p>\n<p>Hal\u0131n\u0131n sa\u00e7a\u011f\u0131nda yer alan orijinal boncuk s\u00fcslemesi, ona ne\u015feli ve canl\u0131 bir karakter kazand\u0131r\u0131rken, baz\u0131 sa\u00e7aklarda kullan\u0131lan do\u011fal kahverengi koyun y\u00fcn\u00fc, b\u00f6lgenin dokuma geleneklerine dair \u00f6nemli ipu\u00e7lar\u0131 sunuyor. K\u00f6k boya kullan\u0131m\u0131, \u00f6zellikle i\u00e7 mekan tasar\u0131m\u0131nda beliren ye\u015file \u00e7alan sar\u0131 tonlarla birle\u015fti\u011finde, esere \u0131\u015f\u0131\u011fa g\u00f6re de\u011fi\u015fen zengin bir derinlik kat\u0131yor.<\/p>\n<p>Ortada yer alan madalyon g\u00f6bekli tasar\u0131m, k\u00fc\u00e7\u00fck \u00e7ocuklar\u0131n g\u00fcvenle oturup oynayabilece\u011fi \u015fekilde tasarlanm\u0131\u015f; bu da hem i\u015flevsel hem de estetik a\u00e7\u0131dan dengeli bir yap\u0131 sunuyor. Kirman ipli\u011fiyle y\u00fcksek s\u0131k\u0131l\u0131kta ve sab\u0131rla dokunan bu hal\u0131, Anadolu&#8217;da sevgiyle \u00fcretilmi\u015f nadide \u00e7ocuk hal\u0131lar\u0131n\u0131n ya\u015fayan bir \u00f6rne\u011fi.<\/p>\n<p>Koleksiyon d\u00fcnyas\u0131nda, bu t\u00fcr orijinal kondisyondaki D\u00f6\u015femealt\u0131 \u00e7ocuk hal\u0131lar\u0131 son derece nadir bulunuyor. Bu par\u00e7a, sadece antik bir tekstil \u00fcr\u00fcn\u00fc de\u011fil, ayn\u0131 zamanda k\u00fclt\u00fcrel bir hikaye, duygusal bir ba\u011f ve gelecek nesillere aktar\u0131lacak bir miras niteli\u011finde.<\/p>\n","protected":false},"excerpt":{"rendered":"<p><strong>Men\u015fei:<\/strong> T\u00fcrkiye \/ Antalya, D\u00f6\u015femealt\u0131 <strong>Kondisyon:<\/strong> Ola\u011fan\u00fcst\u00fc <strong>Dokuma Materyali ve Teknik:<\/strong> Y\u00fcne Y\u00fcn, %100 <strong>Kirman ipi D\u00f6nem &#8211; Ya\u015f:<\/strong> 20. Y\u00fczy\u0131l Ba\u015f\u0131 (100 ya\u015f)<\/p>\n","protected":false},"featured_media":7618,"comment_status":"closed","ping_status":"closed","template":"","meta":[],"product_brand":[],"product_cat":[336],"product_tag":[395,398,396,399,397,393,394],"class_list":{"0":"post-7617","1":"product","2":"type-product","3":"status-publish","4":"has-post-thumbnail","6":"product_cat-hali-ve-kilim","7":"product_tag-antika-hali","8":"product_tag-antika-hali-muzayedesi","9":"product_tag-antique-rug","10":"product_tag-antique-rug-online-auction","11":"product_tag-endemigo-auction","12":"product_tag-online-auction","13":"product_tag-online-muzayede","15":"first","16":"instock","17":"sold-individually","18":"product-type-auction"},"_links":{"self":[{"href":"https:\/\/endemigoauction.com\/en\/wp-json\/wp\/v2\/product\/7617","targetHints":{"allow":["GET"]}}],"collection":[{"href":"https:\/\/endemigoauction.com\/en\/wp-json\/wp\/v2\/product"}],"about":[{"href":"https:\/\/endemigoauction.com\/en\/wp-json\/wp\/v2\/types\/product"}],"replies":[{"embeddable":true,"href":"https:\/\/endemigoauction.com\/en\/wp-json\/wp\/v2\/comments?post=7617"}],"wp:featuredmedia":[{"embeddable":true,"href":"https:\/\/endemigoauction.com\/en\/wp-json\/wp\/v2\/media\/7618"}],"wp:attachment":[{"href":"https:\/\/endemigoauction.com\/en\/wp-json\/wp\/v2\/media?parent=7617"}],"wp:term":[{"taxonomy":"product_brand","embeddable":true,"href":"https:\/\/endemigoauction.com\/en\/wp-json\/wp\/v2\/product_brand?post=7617"},{"taxonomy":"product_cat","embeddable":true,"href":"https:\/\/endemigoauction.com\/en\/wp-json\/wp\/v2\/product_cat?post=7617"},{"taxonomy":"product_tag","embeddable":true,"href":"https:\/\/endemigoauction.com\/en\/wp-json\/wp\/v2\/product_tag?post=7617"}],"curies":[{"name":"wp","href":"https:\/\/api.w.org\/{rel}","templated":true}]}}