{"id":7614,"date":"2025-05-29T10:44:10","date_gmt":"2025-05-29T07:44:10","guid":{"rendered":"https:\/\/endemigoauction.com\/urun\/lot-79-antik-taspinar-yastik-100-yas-52-x-114-cm\/"},"modified":"2025-06-01T16:57:12","modified_gmt":"2025-06-01T13:57:12","slug":"lot-79-antik-taspinar-yastik-100-yas-52-x-114-cm","status":"publish","type":"product","link":"https:\/\/endemigoauction.com\/en\/urun\/lot-79-antik-taspinar-yastik-100-yas-52-x-114-cm\/","title":{"rendered":"LOT.79 Antik Ta\u015fp\u0131nar Yast\u0131k 100+ Ya\u015f 52 x 114 cm"},"content":{"rendered":"<p><strong>Antik Ta\u015fp\u0131nar Yast\u0131k 100+ Ya\u015f 52 x 114 cm.<\/strong><\/p>\n<p>Aksaray&#8217;\u0131n Ta\u015fp\u0131nar b\u00f6lgesi, Anadolu hal\u0131c\u0131l\u0131\u011f\u0131n\u0131n en se\u00e7kin merkezlerinden biri olarak bilinir ve bu yast\u0131k hal\u0131s\u0131, o gelene\u011fin hem teknik hem de estetik a\u00e7\u0131dan zirve noktalar\u0131ndan birini temsil ediyor. Scarlet k\u0131rm\u0131z\u0131s\u0131 zemin rengiyle g\u00f6z al\u0131c\u0131 bir \u015fekilde \u00f6ne \u00e7\u0131kan bu eser, sadece g\u00f6rsel bir \u015f\u00f6len sunmakla kalm\u0131yor, ayn\u0131 zamanda duygusal bir etki de yarat\u0131yor; \u00e7\u00fcnk\u00fc bu renk, hem canl\u0131l\u0131\u011f\u0131 hem de asaleti simgeliyor.<\/p>\n<p>Kullan\u0131lan %100 Kirman ipinden e\u011frilmi\u015f y\u00fcnler, zamanla adeta ipeksi bir parlakl\u0131k kazanm\u0131\u015f ve hal\u0131ya \u0131\u015f\u0131lt\u0131l\u0131 bir dokunu\u015f katm\u0131\u015ft\u0131r. Bu parlakl\u0131k, malzeme kalitesinin yan\u0131 s\u0131ra ustal\u0131kl\u0131 dokuman\u0131n da bir g\u00f6stergesi. Hal\u0131n\u0131n her santimetresi, Ta\u015fp\u0131nar ustalar\u0131n\u0131n sab\u0131rla ilmek ilmek i\u015fledi\u011fi bir sanat eseri gibi.<\/p>\n<p>Kompakt boyutu, bu par\u00e7ay\u0131 hem dekoratif hem de koleksiyon de\u011feri a\u00e7\u0131s\u0131ndan \u00e7ok y\u00f6nl\u00fc bir yat\u0131r\u0131m haline getiriyor. \u00d6zellikle, bu t\u00fcr antik yast\u0131k hal\u0131lar\u0131n\u0131n tam kondisyonlu ve renk canl\u0131l\u0131\u011f\u0131 korunmu\u015f \u00f6rnekleri olduk\u00e7a nadir bulunuyor.<\/p>\n<p>Estetik, tarih ve zanaatin bulu\u015ftu\u011fu bu eser, Anadolu hal\u0131c\u0131l\u0131\u011f\u0131n\u0131n y\u00fcz ak\u0131 olarak kabul edilen Ta\u015fp\u0131nar dokumalar\u0131n\u0131n nadide bir temsilcisidir. Bu sadece bir yast\u0131k de\u011fil, ayn\u0131 zamanda zaman\u0131 ilmek ilmek dokuyan bir k\u00fclt\u00fcr miras\u0131d\u0131r.<\/p>\n","protected":false},"excerpt":{"rendered":"<p><strong>Men\u015fei:<\/strong> T\u00fcrkiye \/ Aksaray, Ta\u015fp\u0131nar <strong>Kondisyon:<\/strong> Ola\u011fan\u00fcst\u00fc <strong>Dokuma Materyali ve Teknik:<\/strong> Y\u00fcne Y\u00fcn, %100 <strong>Kirman ipi D\u00f6nem &#8211; Ya\u015f:<\/strong> 20. Y\u00fczy\u0131l Ba\u015f\u0131 (100 ya\u015f)<\/p>\n","protected":false},"featured_media":7615,"comment_status":"closed","ping_status":"closed","template":"","meta":[],"product_brand":[],"product_cat":[336],"product_tag":[395,398,396,399,397,393,394],"class_list":{"0":"post-7614","1":"product","2":"type-product","3":"status-publish","4":"has-post-thumbnail","6":"product_cat-hali-ve-kilim","7":"product_tag-antika-hali","8":"product_tag-antika-hali-muzayedesi","9":"product_tag-antique-rug","10":"product_tag-antique-rug-online-auction","11":"product_tag-endemigo-auction","12":"product_tag-online-auction","13":"product_tag-online-muzayede","15":"first","16":"instock","17":"sold-individually","18":"product-type-auction"},"_links":{"self":[{"href":"https:\/\/endemigoauction.com\/en\/wp-json\/wp\/v2\/product\/7614","targetHints":{"allow":["GET"]}}],"collection":[{"href":"https:\/\/endemigoauction.com\/en\/wp-json\/wp\/v2\/product"}],"about":[{"href":"https:\/\/endemigoauction.com\/en\/wp-json\/wp\/v2\/types\/product"}],"replies":[{"embeddable":true,"href":"https:\/\/endemigoauction.com\/en\/wp-json\/wp\/v2\/comments?post=7614"}],"wp:featuredmedia":[{"embeddable":true,"href":"https:\/\/endemigoauction.com\/en\/wp-json\/wp\/v2\/media\/7615"}],"wp:attachment":[{"href":"https:\/\/endemigoauction.com\/en\/wp-json\/wp\/v2\/media?parent=7614"}],"wp:term":[{"taxonomy":"product_brand","embeddable":true,"href":"https:\/\/endemigoauction.com\/en\/wp-json\/wp\/v2\/product_brand?post=7614"},{"taxonomy":"product_cat","embeddable":true,"href":"https:\/\/endemigoauction.com\/en\/wp-json\/wp\/v2\/product_cat?post=7614"},{"taxonomy":"product_tag","embeddable":true,"href":"https:\/\/endemigoauction.com\/en\/wp-json\/wp\/v2\/product_tag?post=7614"}],"curies":[{"name":"wp","href":"https:\/\/api.w.org\/{rel}","templated":true}]}}