{"id":7611,"date":"2025-05-29T10:44:10","date_gmt":"2025-05-29T07:44:10","guid":{"rendered":"https:\/\/endemigoauction.com\/urun\/lot-80-antik-turkmen-cicim-canta-19-yuzyil-basi-33-x-44-cm\/"},"modified":"2025-06-01T16:30:01","modified_gmt":"2025-06-01T13:30:01","slug":"lot-80-antik-turkmen-cicim-canta-19-yuzyil-basi-33-x-44-cm","status":"publish","type":"product","link":"https:\/\/endemigoauction.com\/en\/urun\/lot-80-antik-turkmen-cicim-canta-19-yuzyil-basi-33-x-44-cm\/","title":{"rendered":"LOT.80 Antik T\u00fcrkmen Cicim \u00c7anta 19. Y\u00fczy\u0131l Ba\u015f\u0131 33 x 44 cm"},"content":{"rendered":"<p><strong>Antik T\u00fcrkmen Teke Cicim \u00c7anta 19. Y\u00fczy\u0131l Ba\u015f\u0131 33 x 44 cm.<\/strong><\/p>\n<p>Orta Asya\u2019n\u0131n en k\u00f6kl\u00fc g\u00f6\u00e7ebe topluluklar\u0131ndan biri olan T\u00fcrkmen Teke boyuna ait bu Cicim dokuma \u00e7anta, hem i\u015flevselli\u011fi hem de k\u00fclt\u00fcrel derinli\u011fi ile dikkat \u00e7ekiyor. 19. y\u00fczy\u0131l\u0131n ortalar\u0131na tarihlenen bu par\u00e7a, yakla\u015f\u0131k 170 y\u0131ll\u0131k bir ge\u00e7mi\u015fe sahip ve T\u00fcrkmen hal\u0131 sanat\u0131n\u0131n \u00f6zg\u00fcn formlar\u0131ndan biri olarak \u00f6ne \u00e7\u0131k\u0131yor.<\/p>\n<p>Dokumas\u0131nda kullan\u0131lan %100 Kirman ipi, \u00e7antan\u0131n dayan\u0131kl\u0131l\u0131\u011f\u0131n\u0131 art\u0131r\u0131rken, tamamen k\u00f6k boyalarla renklendirilmi\u015f k\u0131rm\u0131z\u0131 zemin, d\u00f6nemin do\u011fal boya tekniklerini g\u00fcn\u00fcm\u00fcze ta\u015f\u0131yan nadide \u00f6rneklerden biri. Bu g\u00fc\u00e7l\u00fc k\u0131rm\u0131z\u0131 ton, T\u00fcrkmen hal\u0131 gelene\u011finde koruyucu ve ya\u015fam\u0131 simgeleyen bir anlam ta\u015f\u0131yor.<\/p>\n<p>\u00dczerindeki cicim i\u015fleme detaylar\u0131, zamanla kullan\u0131mdan dolay\u0131 bir miktar erimi\u015f ve y\u0131pranm\u0131\u015f olsa da, bu durum par\u00e7aya ya\u015fanm\u0131\u015fl\u0131k, tarihsel derinlik ve estetik bir de\u011fer kat\u0131yor. Kullan\u0131lm\u0131\u015f ve ya\u015fanm\u0131\u015f dokular, bu t\u00fcr antik e\u015fyalarda sadece birer eskime de\u011fil, ayn\u0131 zamanda g\u00f6\u00e7ebe hayat\u0131n izleri ve haf\u0131zas\u0131d\u0131r.Cicim dokuma, d\u00fcz dokuma teknikleri aras\u0131nda yer al\u0131r ve genellikle ekstra atk\u0131 iplikleriyle motif olu\u015fturularak yap\u0131l\u0131r. Bu \u00e7antada da o d\u00f6nemin ince i\u015f\u00e7ili\u011fi, sadelik i\u00e7indeki zarafet ve sembolik dil a\u00e7\u0131k\u00e7a g\u00f6r\u00fcl\u00fcyor.33&#215;44 cm boyutundaki bu \u00e7anta, ta\u015f\u0131nabilir etno-antik koleksiyonluk par\u00e7alar aras\u0131nda nadide bir \u00f6rnek. T\u00fcrkmen g\u00f6\u00e7ebe ya\u015fam\u0131n\u0131n bir yans\u0131mas\u0131 olan bu eser, fonksiyonel zanaat anlay\u0131\u015f\u0131n\u0131n 19. y\u00fczy\u0131ldaki en g\u00fc\u00e7l\u00fc \u00f6rneklerinden biri.<\/p>\n","protected":false},"excerpt":{"rendered":"<p><strong>Men\u015fei:<\/strong> T\u00fcrkmenistan \/ Buhara <strong>Kondisyon:<\/strong> \u0130yi <strong>Dokuma Materyali ve Teknik:<\/strong> Y\u00fcne Y\u00fcn, %100 Kirman ipi <strong>D\u00f6nem &#8211; Ya\u015f:<\/strong> 19. Y\u00fczy\u0131l Ortas\u0131 (170+ ya\u015f)<\/p>\n","protected":false},"featured_media":7612,"comment_status":"closed","ping_status":"closed","template":"","meta":[],"product_brand":[],"product_cat":[336],"product_tag":[395,398,396,399,397,393,394],"class_list":{"0":"post-7611","1":"product","2":"type-product","3":"status-publish","4":"has-post-thumbnail","6":"product_cat-hali-ve-kilim","7":"product_tag-antika-hali","8":"product_tag-antika-hali-muzayedesi","9":"product_tag-antique-rug","10":"product_tag-antique-rug-online-auction","11":"product_tag-endemigo-auction","12":"product_tag-online-auction","13":"product_tag-online-muzayede","15":"first","16":"instock","17":"sold-individually","18":"product-type-auction"},"_links":{"self":[{"href":"https:\/\/endemigoauction.com\/en\/wp-json\/wp\/v2\/product\/7611","targetHints":{"allow":["GET"]}}],"collection":[{"href":"https:\/\/endemigoauction.com\/en\/wp-json\/wp\/v2\/product"}],"about":[{"href":"https:\/\/endemigoauction.com\/en\/wp-json\/wp\/v2\/types\/product"}],"replies":[{"embeddable":true,"href":"https:\/\/endemigoauction.com\/en\/wp-json\/wp\/v2\/comments?post=7611"}],"wp:featuredmedia":[{"embeddable":true,"href":"https:\/\/endemigoauction.com\/en\/wp-json\/wp\/v2\/media\/7612"}],"wp:attachment":[{"href":"https:\/\/endemigoauction.com\/en\/wp-json\/wp\/v2\/media?parent=7611"}],"wp:term":[{"taxonomy":"product_brand","embeddable":true,"href":"https:\/\/endemigoauction.com\/en\/wp-json\/wp\/v2\/product_brand?post=7611"},{"taxonomy":"product_cat","embeddable":true,"href":"https:\/\/endemigoauction.com\/en\/wp-json\/wp\/v2\/product_cat?post=7611"},{"taxonomy":"product_tag","embeddable":true,"href":"https:\/\/endemigoauction.com\/en\/wp-json\/wp\/v2\/product_tag?post=7611"}],"curies":[{"name":"wp","href":"https:\/\/api.w.org\/{rel}","templated":true}]}}