{"id":7608,"date":"2025-05-29T10:44:10","date_gmt":"2025-05-29T07:44:10","guid":{"rendered":"https:\/\/endemigoauction.com\/urun\/lot-81-antik-bergama-derili-heybe-19-yuzyil-sonu-39-x-113-cm\/"},"modified":"2025-06-12T01:51:20","modified_gmt":"2025-06-11T22:51:20","slug":"lot-81-antik-bergama-derili-heybe-19-yuzyil-sonu-39-x-113-cm","status":"publish","type":"product","link":"https:\/\/endemigoauction.com\/en\/urun\/lot-81-antik-bergama-derili-heybe-19-yuzyil-sonu-39-x-113-cm\/","title":{"rendered":"LOT.81 Antik Bergama Derili Heybe 19. Y\u00fczy\u0131l Sonu 39 x 113 cm"},"content":{"rendered":"<p><strong>Bergama Derili Heybe 19. Y\u00fczy\u0131l Sonu 39 x 113 cm.<\/strong><\/p>\n<p>Bu nadide par\u00e7a, Ya\u011fc\u0131bedir a\u015firetinin Bergama b\u00f6lgesinde dokudu\u011fu ender \u00f6rneklerden biridir. G\u00f6\u00e7ebe ya\u015fam\u0131n izlerini ta\u015f\u0131yan, bir yandan i\u015flevsel bir e\u015fya olan, di\u011fer yandan ise bir estetik ve k\u00fclt\u00fcr objesi olarak de\u011fer kazanan bu heybe, dokuma sanat\u0131 ile deri i\u015f\u00e7ili\u011fini ustaca birle\u015ftirmektedir.<\/p>\n<p>Heybenin d\u0131\u015f \u00e7er\u00e7evesini saran deri kaplama, yaln\u0131zca dekoratif de\u011fil ayn\u0131 zamanda koruyucu bir unsur olarak kullan\u0131lm\u0131\u015ft\u0131r. Deri kenarl\u0131klar, heybenin dokusunu koruyarak ya\u015f\u0131na ra\u011fmen ola\u011fan\u00fcst\u00fc bir kondisyonla g\u00fcn\u00fcm\u00fcze ula\u015fmas\u0131n\u0131 sa\u011flam\u0131\u015ft\u0131r. Derinin bir k\u0131sm\u0131nda, ya\u015f\u0131na ba\u011fl\u0131 olarak k\u00fc\u00e7\u00fck bir y\u0131rt\u0131lma g\u00f6r\u00fclse de bu, eserin b\u00fct\u00fcnl\u00fc\u011f\u00fcn\u00fc ve de\u011ferini azaltmamaktad\u0131r. Dokuma y\u00fczeyi ise tamamen entakt, yani eksiksiz ve orijinaldir.<\/p>\n<p>Desen kompozisyonunda, yo\u011fun k\u0131rm\u0131z\u0131 tonlar\u0131n aras\u0131nda nadir bulunan sar\u0131 \u00e7i\u00e7ek motifleri ve nokta \u015feklinde yerle\u015ftirilmi\u015f tamgalar dikkat \u00e7eker. Bu semboller, sadece estetik unsurlar de\u011fil, anlam y\u00fckl\u00fc k\u00fclt\u00fcrel i\u015faretlerdir. Nokta tamgalar\u0131 genellikle birlik, devaml\u0131l\u0131k ve ya\u015fam d\u00f6ng\u00fcs\u00fc gibi temalar\u0131 temsil ederken; \u00e7i\u00e7ek motifleri, do\u011fa ile kurulan uyumu simgeler.<\/p>\n<p>Ya\u011fc\u0131bedir a\u015firetinin Bergama\u2019da dokudu\u011fu heybeler, hem b\u00f6lgesel dokuma karakteri hem de renk diliyle ayr\u0131\u015f\u0131r. Bu \u00f6rnek ise hem form hem i\u015f\u00e7ilik hem de korunmu\u015fluk d\u00fczeyi a\u00e7\u0131s\u0131ndan m\u00fczayede d\u00fcnyas\u0131nda ender rastlanan bir par\u00e7a olma \u00f6zelli\u011fini ta\u015f\u0131r.Bu heybe, yaln\u0131zca bir koleksiyon objesi de\u011fil, ayn\u0131 zamanda Anadolu&#8217;nun g\u00f6\u00e7ebe k\u00fclt\u00fcr\u00fcn\u00fcn ve ustal\u0131k gelene\u011finin canl\u0131 bir temsilcisidir.<\/p>\n","protected":false},"excerpt":{"rendered":"<p><strong>Men\u015fei:<\/strong> T\u00fcrkiye \/ Bergama <strong>Kondisyon:<\/strong> Ola\u011fan\u00fcst\u00fc <strong>Dokuma Materyali ve Teknik:<\/strong> Y\u00fcne Y\u00fcn, %100 Kirman ipi <strong>D\u00f6nem &#8211; Ya\u015f:<\/strong> 19. Y\u00fczy\u0131l Sonu -20. Y\u00fczy\u0131l Ba\u015f\u0131 (130+ ya\u015f)<\/p>\n","protected":false},"featured_media":7609,"comment_status":"closed","ping_status":"closed","template":"","meta":[],"product_brand":[],"product_cat":[336],"product_tag":[395,398,396,399,397,393,394],"class_list":{"0":"post-7608","1":"product","2":"type-product","3":"status-publish","4":"has-post-thumbnail","6":"product_cat-hali-ve-kilim","7":"product_tag-antika-hali","8":"product_tag-antika-hali-muzayedesi","9":"product_tag-antique-rug","10":"product_tag-antique-rug-online-auction","11":"product_tag-endemigo-auction","12":"product_tag-online-auction","13":"product_tag-online-muzayede","15":"first","16":"instock","17":"sold-individually","18":"product-type-auction"},"_links":{"self":[{"href":"https:\/\/endemigoauction.com\/en\/wp-json\/wp\/v2\/product\/7608","targetHints":{"allow":["GET"]}}],"collection":[{"href":"https:\/\/endemigoauction.com\/en\/wp-json\/wp\/v2\/product"}],"about":[{"href":"https:\/\/endemigoauction.com\/en\/wp-json\/wp\/v2\/types\/product"}],"replies":[{"embeddable":true,"href":"https:\/\/endemigoauction.com\/en\/wp-json\/wp\/v2\/comments?post=7608"}],"wp:featuredmedia":[{"embeddable":true,"href":"https:\/\/endemigoauction.com\/en\/wp-json\/wp\/v2\/media\/7609"}],"wp:attachment":[{"href":"https:\/\/endemigoauction.com\/en\/wp-json\/wp\/v2\/media?parent=7608"}],"wp:term":[{"taxonomy":"product_brand","embeddable":true,"href":"https:\/\/endemigoauction.com\/en\/wp-json\/wp\/v2\/product_brand?post=7608"},{"taxonomy":"product_cat","embeddable":true,"href":"https:\/\/endemigoauction.com\/en\/wp-json\/wp\/v2\/product_cat?post=7608"},{"taxonomy":"product_tag","embeddable":true,"href":"https:\/\/endemigoauction.com\/en\/wp-json\/wp\/v2\/product_tag?post=7608"}],"curies":[{"name":"wp","href":"https:\/\/api.w.org\/{rel}","templated":true}]}}