{"id":7605,"date":"2025-05-29T10:44:10","date_gmt":"2025-05-29T07:44:10","guid":{"rendered":"https:\/\/endemigoauction.com\/urun\/lot-82-antik-bergama-renkli-heybe-120-yas-43-x-127-cm\/"},"modified":"2025-06-01T16:31:18","modified_gmt":"2025-06-01T13:31:18","slug":"lot-82-antik-bergama-renkli-heybe-120-yas-43-x-127-cm","status":"publish","type":"product","link":"https:\/\/endemigoauction.com\/en\/urun\/lot-82-antik-bergama-renkli-heybe-120-yas-43-x-127-cm\/","title":{"rendered":"LOT.82 Antik Bergama Renkli Heybe 120+ Ya\u015f 43 x 127 cm"},"content":{"rendered":"<p><strong>Antik Bergama Renkli Heybe 120+ Ya\u015f 43 x 127 cm.<\/strong><\/p>\n<p>Anadolu&#8217;nun kadim g\u00f6\u00e7 yollar\u0131ndan biri olan Bergama b\u00f6lgesinden \u00e7\u0131kan bu ola\u011fan\u00fcst\u00fc kondisyondaki heybe, sadece bir ta\u015f\u0131ma arac\u0131 de\u011fil; ayn\u0131 zamanda bir ya\u015fam tarz\u0131n\u0131n, bir g\u00f6\u00e7ebe k\u00fclt\u00fcr\u00fcn\u00fcn ve bir zanaatk\u00e2r ruhun sessiz tan\u0131\u011f\u0131d\u0131r.<\/p>\n<p>Heybeler, \u00fcretildikleri d\u00f6nemde g\u00fcndelik ya\u015fam\u0131n ayr\u0131lmaz bir par\u00e7as\u0131 olarak i\u015flev g\u00f6rm\u00fc\u015f, hem y\u00fck ta\u015f\u0131mada hem de sembolik anlamlarda kullan\u0131lm\u0131\u015flard\u0131r. Bu sebeple, y\u00fczy\u0131l\u0131 a\u015fk\u0131n s\u00fcredir sa\u011flam kalabilmi\u015f \u00f6rnekler olduk\u00e7a nadirdir. \u00d6zellikle Bergama y\u00f6resine ait bu \u00f6rnek, \u00e7ok renkli yap\u0131s\u0131 ve y\u00fcksek korunmu\u015flu\u011fu ile e\u015fsizdir.Bu heybenin en dikkat \u00e7eken \u00f6zelli\u011fi, renk kompozisyonundaki zenginliktir. Genellikle \u00c7anakkale s\u0131n\u0131r\u0131na yak\u0131n b\u00f6lgelerde dokunan Bergama heybeleri, renk skalas\u0131 a\u00e7\u0131s\u0131ndan daha canl\u0131 ve \u00e7e\u015fitlidir. Bu par\u00e7a da o b\u00f6lgelere \u00f6zg\u00fc karakteristi\u011fi ta\u015f\u0131r. Do\u011fal k\u00f6k boyalarla renklendirilmi\u015f Kirman iplikler, \u00f6zellikle sar\u0131 tonlarda yo\u011funla\u015farak heybenin estetik derinli\u011fini art\u0131rm\u0131\u015ft\u0131r.<\/p>\n<p>Heybenin orta g\u00f6be\u011finde yer alan &#8220;S&#8221; bi\u00e7imli \u00e7engel tamgas\u0131, yaln\u0131zca s\u00fcsleme de\u011fil; anlam y\u00fckl\u00fc bir simgedir. Bu eski T\u00fcrk tamgas\u0131, ba\u011fl\u0131l\u0131\u011f\u0131, bilgeli\u011fi ve do\u011fa ile uyumu temsil eder. Bu sembol, g\u00f6\u00e7ebe halklar\u0131n do\u011fayla kurdu\u011fu ili\u015fkideki derin felsefi duru\u015fu yans\u0131t\u0131r.<\/p>\n<p>Dokuma tekni\u011fi, desen dengesi ve renk se\u00e7imiyle bu heybe yaln\u0131zca bir etnografik obje de\u011fil; sanat de\u011feri ta\u015f\u0131yan bir k\u00fclt\u00fcr varl\u0131\u011f\u0131d\u0131r. Zanaatk\u00e2r\u0131n\u0131n elinden \u00e7\u0131kan her d\u00fc\u011f\u00fcmde Anadolu&#8217;nun sesini, g\u00f6\u00e7 yollar\u0131n\u0131n izini ve bir halk\u0131n belle\u011fini ta\u015f\u0131r. Bug\u00fcn bu nadide eser, koleksiyonerler ve k\u00fclt\u00fcrel mirasa k\u0131ymet veren sanatseverler i\u00e7in e\u015fsiz bir al\u0131m f\u0131rsat\u0131d\u0131r.<\/p>\n","protected":false},"excerpt":{"rendered":"<p><strong>Men\u015fei:<\/strong> T\u00fcrkiye \/ Bergama <strong>Kondisyon:<\/strong> Ola\u011fan\u00fcst\u00fc <strong>Dokuma Materyali ve Teknik:<\/strong> Y\u00fcne Y\u00fcn, %100 Kirman ipi <strong>D\u00f6nem &#8211; Ya\u015f:<\/strong> 20. Y\u00fczy\u0131l Ba\u015f\u0131 (120+ ya\u015f)<\/p>\n","protected":false},"featured_media":7606,"comment_status":"closed","ping_status":"closed","template":"","meta":[],"product_brand":[],"product_cat":[336],"product_tag":[395,398,396,399,397,393,394],"class_list":{"0":"post-7605","1":"product","2":"type-product","3":"status-publish","4":"has-post-thumbnail","6":"product_cat-hali-ve-kilim","7":"product_tag-antika-hali","8":"product_tag-antika-hali-muzayedesi","9":"product_tag-antique-rug","10":"product_tag-antique-rug-online-auction","11":"product_tag-endemigo-auction","12":"product_tag-online-auction","13":"product_tag-online-muzayede","15":"first","16":"instock","17":"sold-individually","18":"product-type-auction"},"_links":{"self":[{"href":"https:\/\/endemigoauction.com\/en\/wp-json\/wp\/v2\/product\/7605","targetHints":{"allow":["GET"]}}],"collection":[{"href":"https:\/\/endemigoauction.com\/en\/wp-json\/wp\/v2\/product"}],"about":[{"href":"https:\/\/endemigoauction.com\/en\/wp-json\/wp\/v2\/types\/product"}],"replies":[{"embeddable":true,"href":"https:\/\/endemigoauction.com\/en\/wp-json\/wp\/v2\/comments?post=7605"}],"wp:featuredmedia":[{"embeddable":true,"href":"https:\/\/endemigoauction.com\/en\/wp-json\/wp\/v2\/media\/7606"}],"wp:attachment":[{"href":"https:\/\/endemigoauction.com\/en\/wp-json\/wp\/v2\/media?parent=7605"}],"wp:term":[{"taxonomy":"product_brand","embeddable":true,"href":"https:\/\/endemigoauction.com\/en\/wp-json\/wp\/v2\/product_brand?post=7605"},{"taxonomy":"product_cat","embeddable":true,"href":"https:\/\/endemigoauction.com\/en\/wp-json\/wp\/v2\/product_cat?post=7605"},{"taxonomy":"product_tag","embeddable":true,"href":"https:\/\/endemigoauction.com\/en\/wp-json\/wp\/v2\/product_tag?post=7605"}],"curies":[{"name":"wp","href":"https:\/\/api.w.org\/{rel}","templated":true}]}}