{"id":7599,"date":"2025-05-29T10:44:10","date_gmt":"2025-05-29T07:44:10","guid":{"rendered":"https:\/\/endemigoauction.com\/urun\/lot-84-antik-taspinar-zincirli-yastik-120-yas-59-x-103-cm\/"},"modified":"2025-06-01T16:32:41","modified_gmt":"2025-06-01T13:32:41","slug":"lot-84-antik-taspinar-zincirli-yastik-120-yas-59-x-103-cm","status":"publish","type":"product","link":"https:\/\/endemigoauction.com\/en\/urun\/lot-84-antik-taspinar-zincirli-yastik-120-yas-59-x-103-cm\/","title":{"rendered":"LOT.84 Antik Ta\u015fp\u0131nar Zincirli Yast\u0131k 120+ Ya\u015f 59 x 103 cm"},"content":{"rendered":"<p><strong>Antik Ta\u015fp\u0131nar Zincirli Yast\u0131k 120+ Ya\u015f 59 x 103 cm.<\/strong><\/p>\n<p>Bu zarif yast\u0131k hal\u0131s\u0131, Anadolu\u2019nun hal\u0131c\u0131l\u0131k gelene\u011fiyle \u00f6zde\u015fle\u015fen Ta\u015fp\u0131nar b\u00f6lgesinin \u00f6zg\u00fcn dokuma anlay\u0131\u015f\u0131n\u0131 yans\u0131tan ender bir \u00f6rnektir. Ustaca kullan\u0131lan do\u011fal k\u00f6k boyalarla elde edilmi\u015f bordo, lacivert, fildi\u015fi ve alt\u0131n tonlar\u0131, hal\u0131ya hem derinlik hem de zaman\u00fcst\u00fc bir ifade kazand\u0131r\u0131r.<\/p>\n<p>Hal\u0131n\u0131n ortas\u0131nda yer alan madalyon, zengin bir bitkisel kompozisyonla bezeli olup ya\u015fam a\u011fac\u0131na \u00f6yk\u00fcnen yap\u0131s\u0131yla do\u011fum, hayat ve \u00f6l\u00fcms\u00fczl\u00fck d\u00f6ng\u00fcs\u00fcne g\u00f6nderme yapar. Ancak bu hal\u0131y\u0131 di\u011ferlerinden ay\u0131ran temel \u00f6zellik, madalyonun her iki yan\u0131nda yer alan, a\u015fa\u011f\u0131ya do\u011fru uzanan simetrik ve kesikli \u00e7izgilerdir. Bu \u00e7izgiler, yerel dokuma gelene\u011finde \u201czincir\u201d olarak adland\u0131r\u0131l\u0131r ve hal\u0131ya da ad\u0131n\u0131 verir. Zincir motifi, birlik, s\u00fcreklilik ve korunma anlamlar\u0131 ta\u015f\u0131r; ayn\u0131 zamanda ata yadig\u00e2r\u0131 de\u011ferlerin ku\u015faktan ku\u015fa\u011fa aktar\u0131ld\u0131\u011f\u0131 g\u00fc\u00e7l\u00fc ba\u011flar\u0131 simgeler.<\/p>\n<p>D\u0131\u015f bord\u00fcrdeki ritmik desenler, evrenin \u00e7evrimsel do\u011fas\u0131na at\u0131fta bulunan bir \u00e7er\u00e7eve niteli\u011findedir. Bu \u00e7er\u00e7eve, i\u00e7teki kompozisyonun b\u00fct\u00fcnl\u00fc\u011f\u00fcn\u00fc koruyan sembolik bir s\u0131n\u0131r i\u015flevi g\u00f6r\u00fcr. Ayn\u0131 zamanda bu t\u00fcr bord\u00fcrler, g\u00f6\u00e7ebe ya\u015famda \u00e7ad\u0131r \u00e7evresini koruyan kutsal \u00e7ember metaforuyla da ili\u015fkilendirilir.<\/p>\n<p>Hal\u0131n\u0131n hem sanatsal b\u00fct\u00fcnl\u00fc\u011f\u00fc hem de y\u00fcksek kalitedeki el i\u015fi, onun yaln\u0131zca estetik de\u011fil; ayn\u0131 zamanda k\u00fclt\u00fcrel ve simgesel bir anlat\u0131 ta\u015f\u0131d\u0131\u011f\u0131n\u0131 ortaya koyar. Zincirli Ta\u015fp\u0131nar Yast\u0131k Hal\u0131s\u0131, bir zamanlar \u00e7ad\u0131rlar\u0131n duvar\u0131nda bir koruyucu t\u0131ls\u0131m gibi as\u0131l\u0131 duran nadide bir eser olarak, bug\u00fcn koleksiyonerler ve k\u00fclt\u00fcr merakl\u0131lar\u0131 i\u00e7in k\u0131ymetli bir hat\u0131rad\u0131r.<\/p>\n","protected":false},"excerpt":{"rendered":"<p><strong>Men\u015fei:<\/strong> T\u00fcrkiye \/ Aksaray &#8211; Ta\u015fp\u0131nar <strong>Kondisyon:<\/strong> Ola\u011fan\u00fcst\u00fc <strong>Dokuma Materyali ve Teknik:<\/strong> Y\u00fcne Y\u00fcn, %100 Kirman ipi <strong>D\u00f6nem &#8211; Ya\u015f:<\/strong> 20. Y\u00fczy\u0131l Ba\u015f\u0131 (100+ ya\u015f)<\/p>\n","protected":false},"featured_media":7600,"comment_status":"closed","ping_status":"closed","template":"","meta":[],"product_brand":[],"product_cat":[336],"product_tag":[395,398,396,399,397,393,394],"class_list":{"0":"post-7599","1":"product","2":"type-product","3":"status-publish","4":"has-post-thumbnail","6":"product_cat-hali-ve-kilim","7":"product_tag-antika-hali","8":"product_tag-antika-hali-muzayedesi","9":"product_tag-antique-rug","10":"product_tag-antique-rug-online-auction","11":"product_tag-endemigo-auction","12":"product_tag-online-auction","13":"product_tag-online-muzayede","15":"first","16":"instock","17":"sold-individually","18":"product-type-auction"},"_links":{"self":[{"href":"https:\/\/endemigoauction.com\/en\/wp-json\/wp\/v2\/product\/7599","targetHints":{"allow":["GET"]}}],"collection":[{"href":"https:\/\/endemigoauction.com\/en\/wp-json\/wp\/v2\/product"}],"about":[{"href":"https:\/\/endemigoauction.com\/en\/wp-json\/wp\/v2\/types\/product"}],"replies":[{"embeddable":true,"href":"https:\/\/endemigoauction.com\/en\/wp-json\/wp\/v2\/comments?post=7599"}],"wp:featuredmedia":[{"embeddable":true,"href":"https:\/\/endemigoauction.com\/en\/wp-json\/wp\/v2\/media\/7600"}],"wp:attachment":[{"href":"https:\/\/endemigoauction.com\/en\/wp-json\/wp\/v2\/media?parent=7599"}],"wp:term":[{"taxonomy":"product_brand","embeddable":true,"href":"https:\/\/endemigoauction.com\/en\/wp-json\/wp\/v2\/product_brand?post=7599"},{"taxonomy":"product_cat","embeddable":true,"href":"https:\/\/endemigoauction.com\/en\/wp-json\/wp\/v2\/product_cat?post=7599"},{"taxonomy":"product_tag","embeddable":true,"href":"https:\/\/endemigoauction.com\/en\/wp-json\/wp\/v2\/product_tag?post=7599"}],"curies":[{"name":"wp","href":"https:\/\/api.w.org\/{rel}","templated":true}]}}