{"id":7596,"date":"2025-05-29T10:43:49","date_gmt":"2025-05-29T07:43:49","guid":{"rendered":"https:\/\/endemigoauction.com\/urun\/lot-85-antik-karapinar-salur-yastik-100-yas-63-x-120-cm\/"},"modified":"2025-06-01T16:47:24","modified_gmt":"2025-06-01T13:47:24","slug":"lot-85-antik-karapinar-salur-yastik-100-yas-63-x-120-cm","status":"publish","type":"product","link":"https:\/\/endemigoauction.com\/en\/urun\/lot-85-antik-karapinar-salur-yastik-100-yas-63-x-120-cm\/","title":{"rendered":"LOT.85 Antik Karap\u0131nar Salur Yast\u0131k 100+ Ya\u015f 63 x 120 cm"},"content":{"rendered":"<p><strong>Antik Karap\u0131nar Salur Yast\u0131k 100+ Ya\u015f 63 x 120 cm.<\/strong><\/p>\n<p>Bu ola\u011fan\u00fcst\u00fc yast\u0131k hal\u0131s\u0131, Konya&#8217;n\u0131n Karap\u0131nar b\u00f6lgesine \u00f6zg\u00fc Salur boyu dokuma gelene\u011finin nadide \u00f6rneklerindendir. 100 y\u0131l\u0131 a\u015fk\u0131n ge\u00e7mi\u015fine ra\u011fmen canl\u0131 renklerini ve b\u00fct\u00fcnl\u00fc\u011f\u00fcn\u00fc koruyan hal\u0131, %100 Kirman el e\u011firme iplikleriyle, y\u00fcn \u00fczerine y\u00fcn tekni\u011fiyle ve do\u011fal k\u00f6k boyalarla dokunmu\u015ftur.<\/p>\n<p>Hal\u0131n\u0131n merkezi, kadim T\u00fcrk sembolizmini derinlemesine yans\u0131tan zengin bir ikonografiye sahiptir. Ortadaki sekiz kollu y\u0131ld\u0131zlar ve onlar\u0131 \u00e7evreleyen geometrik hatlar; T\u00fcrk kozmolojisindeki d\u00f6rt ana y\u00f6n\u00fc ve ara y\u00f6nleri, yani evrensel d\u00fczeni ve kozmik dengenin kurulmas\u0131n\u0131 temsil eder. Bu simgeler ayn\u0131 zamanda O\u011fuz boylar\u0131n\u0131n birli\u011fi, g\u00f6k ile yer aras\u0131ndaki d\u00fczen ve soy belle\u011finin s\u00fcreklili\u011fini vurgular.<\/p>\n<p>Hal\u0131n\u0131n ortas\u0131nda yer alan i\u00e7 i\u00e7e ge\u00e7mi\u015f geometrik paneller ve merkez\u00ee g\u00f6bek formu, Salur boyunun sava\u015f\u00e7\u0131 ruhunu ve te\u015fkilat\u00e7\u0131l\u0131k kabiliyetini hat\u0131rlat\u0131rken, \u00e7evre bord\u00fcrlerdeki ritmik tekrarlar, zaman\u0131n d\u00f6ng\u00fcselli\u011fi ve kutsal merkez etraf\u0131nda koruyucu bir \u00e7ember olu\u015fturma fikriyle ba\u011flant\u0131l\u0131d\u0131r. Bu motifler ayn\u0131 zamanda \u201cota\u011f\u201d\u0131n, yani \u00e7ad\u0131r\u0131n kutsal geometrisini \u00e7a\u011fr\u0131\u015ft\u0131r\u0131r.Bordo, lacivert, a\u00e7\u0131k mavi ve sar\u0131n\u0131n ustal\u0131kla dengelenmi\u015f kullan\u0131m\u0131 ise hem g\u00fcn d\u00f6ng\u00fcs\u00fcn\u00fc (\u015fafaktan geceye) hem de insan ya\u015fam\u0131n\u0131n evrelerini sembolize eder. Hal\u0131n\u0131n d\u00f6rt y\u00f6n\u00fcnde yer alan y\u0131ld\u0131z benzeri fig\u00fcrler, bir t\u00fcr kozmik m\u00fch\u00fcr i\u015flevi g\u00f6rerek evde, yurtta ve d\u00fcnyada erdemin ve yasan\u0131n daim\u00ee olmas\u0131n\u0131 temenni eder.<\/p>\n<p>Bu hal\u0131 yaln\u0131zca yerel bir zanaat\u0131n \u00fcr\u00fcn\u00fc de\u011fil, ayn\u0131 zamanda kadim T\u00fcrk devlet d\u00fc\u015f\u00fcncesinin, do\u011fa tasavvurunun ve erdem inanc\u0131n\u0131n ilmek ilmek i\u015flenmi\u015f bir yans\u0131mas\u0131d\u0131r. Hem etnografik hem de sanatsal de\u011feriyle, k\u00fclt\u00fcrel belle\u011fi ya\u015fatmak isteyenler i\u00e7in benzersiz bir koleksiyon par\u00e7as\u0131d\u0131r.<\/p>\n","protected":false},"excerpt":{"rendered":"<p><strong>Men\u015fei:<\/strong> T\u00fcrkiye \/ Konya &#8211; Karap\u0131nar <strong>Kondisyon:<\/strong> Ola\u011fan\u00fcst\u00fc <strong>Dokuma Materyali ve Teknik:<\/strong> Y\u00fcne Y\u00fcn, %100 Kirman ipi <strong>D\u00f6nem &#8211; Ya\u015f:<\/strong> 20. Y\u00fczy\u0131l Ba\u015f\u0131 (100+ ya\u015f)<\/p>\n","protected":false},"featured_media":7597,"comment_status":"closed","ping_status":"closed","template":"","meta":[],"product_brand":[],"product_cat":[336],"product_tag":[395,398,396,399,397,393,394],"class_list":{"0":"post-7596","1":"product","2":"type-product","3":"status-publish","4":"has-post-thumbnail","6":"product_cat-hali-ve-kilim","7":"product_tag-antika-hali","8":"product_tag-antika-hali-muzayedesi","9":"product_tag-antique-rug","10":"product_tag-antique-rug-online-auction","11":"product_tag-endemigo-auction","12":"product_tag-online-auction","13":"product_tag-online-muzayede","15":"first","16":"instock","17":"sold-individually","18":"product-type-auction"},"_links":{"self":[{"href":"https:\/\/endemigoauction.com\/en\/wp-json\/wp\/v2\/product\/7596","targetHints":{"allow":["GET"]}}],"collection":[{"href":"https:\/\/endemigoauction.com\/en\/wp-json\/wp\/v2\/product"}],"about":[{"href":"https:\/\/endemigoauction.com\/en\/wp-json\/wp\/v2\/types\/product"}],"replies":[{"embeddable":true,"href":"https:\/\/endemigoauction.com\/en\/wp-json\/wp\/v2\/comments?post=7596"}],"wp:featuredmedia":[{"embeddable":true,"href":"https:\/\/endemigoauction.com\/en\/wp-json\/wp\/v2\/media\/7597"}],"wp:attachment":[{"href":"https:\/\/endemigoauction.com\/en\/wp-json\/wp\/v2\/media?parent=7596"}],"wp:term":[{"taxonomy":"product_brand","embeddable":true,"href":"https:\/\/endemigoauction.com\/en\/wp-json\/wp\/v2\/product_brand?post=7596"},{"taxonomy":"product_cat","embeddable":true,"href":"https:\/\/endemigoauction.com\/en\/wp-json\/wp\/v2\/product_cat?post=7596"},{"taxonomy":"product_tag","embeddable":true,"href":"https:\/\/endemigoauction.com\/en\/wp-json\/wp\/v2\/product_tag?post=7596"}],"curies":[{"name":"wp","href":"https:\/\/api.w.org\/{rel}","templated":true}]}}