{"id":7593,"date":"2025-05-29T10:43:49","date_gmt":"2025-05-29T07:43:49","guid":{"rendered":"https:\/\/endemigoauction.com\/urun\/lot-86-antik-konya-yastik-120-yas-54-x-95-cm\/"},"modified":"2025-06-01T16:48:12","modified_gmt":"2025-06-01T13:48:12","slug":"lot-86-antik-konya-yastik-120-yas-54-x-95-cm","status":"publish","type":"product","link":"https:\/\/endemigoauction.com\/en\/urun\/lot-86-antik-konya-yastik-120-yas-54-x-95-cm\/","title":{"rendered":"LOT.86 Antik Konya Yast\u0131k 120+ Ya\u015f 54 x 95 cm"},"content":{"rendered":"<p><strong>Antik Konya Yast\u0131k 120+ Ya\u015f 54 x 95 cm.<\/strong><\/p>\n<p>Bu \u00f6zel yast\u0131k hal\u0131s\u0131, yaln\u0131zca estetik bir zanaat \u00fcr\u00fcn\u00fc de\u011fil; ayn\u0131 zamanda kadim T\u00fcrk inan\u00e7 ve d\u00fcnya g\u00f6r\u00fc\u015f\u00fcn\u00fcn dokunmu\u015f bir ifadesidir. Konya y\u00f6resine ait bu 100 y\u0131l\u0131 a\u015fk\u0131n ge\u00e7mi\u015fe sahip nadide par\u00e7a, %100 Kirman el e\u011firme ipleriyle, tamamen y\u00fcn \u00fczerine y\u00fcn tekni\u011fiyle, k\u00f6k ve do\u011fal boyalarla dokunmu\u015ftur. Ola\u011fan\u00fcst\u00fc kondisyonu ve renk canl\u0131l\u0131\u011f\u0131 ile hem koleksiyonerler hem de sembolik anlat\u0131m\u0131 takdir edenler i\u00e7in ayr\u0131cal\u0131kl\u0131 bir eser niteli\u011fi ta\u015f\u0131r.<\/p>\n<p>Hal\u0131n\u0131n merkez tasar\u0131m\u0131n\u0131 olu\u015fturan panellerin i\u00e7indeki simetrik motifler, ilk bak\u0131\u015fta &#8220;X&#8221; formunu and\u0131rsa da, asl\u0131nda iki ters yerle\u015ftirilmi\u015f ko\u00e7 boynuzu fig\u00fcr\u00fcnden olu\u015fur. Bu formun k\u00f6keni ise G\u00f6kt\u00fcrk alfabesindeki &#8220;Er&#8221; tamgas\u0131na uzan\u0131r. &#8220;Er&#8221;, eski T\u00fcrk\u00e7ede erdemli ki\u015fi, sava\u015f\u00e7\u0131 ruh ve yasa ta\u015f\u0131y\u0131c\u0131s\u0131 anlamlar\u0131na gelir. Bu motifin simetrik \u015fekilde yerle\u015ftirilmesi; Do\u011fu-Bat\u0131 Turan fikrini, g\u00fcne\u015fin do\u011fu\u015fu ve bat\u0131s\u0131n\u0131, yani erdemin ve adaletin hem do\u011fuda hem bat\u0131da h\u00fck\u00fcm s\u00fcrmesini temenni eden bir d\u00fcnya g\u00f6r\u00fc\u015f\u00fcn\u00fc temsil eder.<\/p>\n<p>Her biri farkl\u0131 renkte dokunmu\u015f kutucuklar, sadece dekoratif bir \u00e7e\u015fitlilik de\u011fil; g\u00fcne\u015fin farkl\u0131 halleri, mevsimler ve zaman d\u00f6ng\u00fclerini simgeler. Bu y\u00f6n\u00fcyle hal\u0131, zamans\u0131z bir yasa ve erdem anlay\u0131\u015f\u0131n\u0131n, farkl\u0131 zamanlarda ve co\u011frafyalarda s\u00fcrekli var olmas\u0131 gerekti\u011fine dair kadim bir duas\u0131 gibidir. Hal\u0131n\u0131n k\u00f6y evinde bir sediri s\u00fcslemesi de, d\u00fcnyan\u0131n en uzak k\u00f6\u015fesinde bir koleksiyonerin duvar\u0131nda yer almas\u0131 da, bu temenninin somutla\u015fm\u0131\u015f halidir.<\/p>\n<p>Antik Konya Yast\u0131k Hal\u0131s\u0131, Anadolu hal\u0131 sanat\u0131nda yaln\u0131zca teknik ve estetik de\u011fil, ayn\u0131 zamanda ideolojik ve k\u00fclt\u00fcrel derinli\u011fiyle t\u00fcr\u00fcn\u00fcn nadide bir \u00f6rne\u011fidir.<\/p>\n","protected":false},"excerpt":{"rendered":"<p><strong>Men\u015fei:<\/strong> T\u00fcrkiye \/ Konya <strong>Kondisyon:<\/strong> Ola\u011fan\u00fcst\u00fc <strong>Dokuma Materyali ve Teknik:<\/strong> Y\u00fcne Y\u00fcn, %100 Kirman ipi <strong>D\u00f6nem &#8211; Ya\u015f:<\/strong> 20. Y\u00fczy\u0131l Ba\u015f\u0131 (100+ ya\u015f)<\/p>\n","protected":false},"featured_media":7594,"comment_status":"closed","ping_status":"closed","template":"","meta":[],"product_brand":[],"product_cat":[336],"product_tag":[395,398,396,399,397,393,394],"class_list":{"0":"post-7593","1":"product","2":"type-product","3":"status-publish","4":"has-post-thumbnail","6":"product_cat-hali-ve-kilim","7":"product_tag-antika-hali","8":"product_tag-antika-hali-muzayedesi","9":"product_tag-antique-rug","10":"product_tag-antique-rug-online-auction","11":"product_tag-endemigo-auction","12":"product_tag-online-auction","13":"product_tag-online-muzayede","15":"first","16":"instock","17":"sold-individually","18":"product-type-auction"},"_links":{"self":[{"href":"https:\/\/endemigoauction.com\/en\/wp-json\/wp\/v2\/product\/7593","targetHints":{"allow":["GET"]}}],"collection":[{"href":"https:\/\/endemigoauction.com\/en\/wp-json\/wp\/v2\/product"}],"about":[{"href":"https:\/\/endemigoauction.com\/en\/wp-json\/wp\/v2\/types\/product"}],"replies":[{"embeddable":true,"href":"https:\/\/endemigoauction.com\/en\/wp-json\/wp\/v2\/comments?post=7593"}],"wp:featuredmedia":[{"embeddable":true,"href":"https:\/\/endemigoauction.com\/en\/wp-json\/wp\/v2\/media\/7594"}],"wp:attachment":[{"href":"https:\/\/endemigoauction.com\/en\/wp-json\/wp\/v2\/media?parent=7593"}],"wp:term":[{"taxonomy":"product_brand","embeddable":true,"href":"https:\/\/endemigoauction.com\/en\/wp-json\/wp\/v2\/product_brand?post=7593"},{"taxonomy":"product_cat","embeddable":true,"href":"https:\/\/endemigoauction.com\/en\/wp-json\/wp\/v2\/product_cat?post=7593"},{"taxonomy":"product_tag","embeddable":true,"href":"https:\/\/endemigoauction.com\/en\/wp-json\/wp\/v2\/product_tag?post=7593"}],"curies":[{"name":"wp","href":"https:\/\/api.w.org\/{rel}","templated":true}]}}