{"id":7590,"date":"2025-05-29T10:43:49","date_gmt":"2025-05-29T07:43:49","guid":{"rendered":"https:\/\/endemigoauction.com\/urun\/lot-87-antik-balikesir-bergama-cuval-2li-lot-100-yas\/"},"modified":"2025-06-01T16:48:57","modified_gmt":"2025-06-01T13:48:57","slug":"lot-87-antik-balikesir-bergama-cuval-2li-lot-100-yas","status":"publish","type":"product","link":"https:\/\/endemigoauction.com\/en\/urun\/lot-87-antik-balikesir-bergama-cuval-2li-lot-100-yas\/","title":{"rendered":"LOT.87 Antik Bal\u0131kesir Bergama \u00c7uval 2&#8217;li LOT 100+ Ya\u015f"},"content":{"rendered":"<p><strong>Bal\u0131kesir Bergama \u00c7uval 2&#8217;li LOT 100+ Ya\u015f 57 x 110 cm &#8211; 58 x 108 cm.<\/strong><\/p>\n<p>Anadolu dokuma sanat\u0131n\u0131n fonksiyonellik ve estetikle bulu\u015ftu\u011fu e\u015fsiz \u00f6rneklerden biri. Bu \u00f6zel ikili set, Bal\u0131kesir ve Bergama b\u00f6lgesinin \u00e7oban ve g\u00f6\u00e7ebe k\u00fclt\u00fcr\u00fcn\u00fcn nadir izlerini ta\u015f\u0131makta. Her iki \u00e7uval da tamamen k\u00f6k ve do\u011fal boyalarla renklendirilmi\u015f, %100 Kirman el e\u011firme y\u00fcn iplerle, b\u00fcy\u00fck bir ustal\u0131kla ve s\u0131k dokuma ile haz\u0131rlanm\u0131\u015ft\u0131r.<\/p>\n<p>Cicim ve zili teknikleriyle yap\u0131lan kabartma desenler, hem y\u00fczey zenginli\u011fi hem de dokunsal derinlik sunar. Bu teknikler sayesinde \u00e7uvallar adeta birer hal\u0131-kilim heykeline d\u00f6n\u00fc\u015fm\u00fc\u015f gibidir. Her iki par\u00e7a, yaln\u0131zca ta\u015f\u0131ma ve saklama ama\u00e7l\u0131 de\u011fil, g\u00fcn\u00fcm\u00fczde b\u00fcy\u00fck yer minderleri, duvar dekorlar\u0131 veya stilize i\u00e7 mek\u00e2n aksesuarlar\u0131 olarak da koleksiyonerler taraf\u0131ndan ra\u011fbet g\u00f6rmektedir.<\/p>\n<p>Desenlerindeki \u00f6zg\u00fcnl\u00fck, simgelerin k\u00fclt\u00fcrel y\u00fck\u00fc ve ya\u015f\u0131na g\u00f6re ola\u011fan\u00fcst\u00fc kondisyonu, bu par\u00e7alar\u0131 sadece dekoratif de\u011fil, ayn\u0131 zamanda k\u00fclt\u00fcrel miras de\u011feri y\u00fcksek koleksiyon eserlerine d\u00f6n\u00fc\u015ft\u00fcrmektedir. T\u00fcr\u00fcn\u00fcn tek \u00f6rne\u011fi niteli\u011fi ta\u015f\u0131yan bu ikili \u00e7uval grubu, hem g\u00f6rsel hem tarihsel olarak bulundu\u011fu her ortama ayr\u0131cal\u0131k katar.<\/p>\n","protected":false},"excerpt":{"rendered":"<p><strong>Men\u015fei:<\/strong> T\u00fcrkiye \/ Bal\u0131kesir <strong>Kondisyon:<\/strong> Ola\u011fan\u00fcst\u00fc <strong>Dokuma Materyali ve Teknik:<\/strong> Y\u00fcne Y\u00fcn, %100 Kirman ipi, Cicim ve Zili Teknikleri <strong>D\u00f6nem-Ya\u015f:<\/strong> 20. Y\u00fczy\u0131l Ba\u015f\u0131 100+ ya\u015f<\/p>\n","protected":false},"featured_media":7591,"comment_status":"closed","ping_status":"closed","template":"","meta":[],"product_brand":[],"product_cat":[336],"product_tag":[395,398,396,399,397,393,394],"class_list":{"0":"post-7590","1":"product","2":"type-product","3":"status-publish","4":"has-post-thumbnail","6":"product_cat-hali-ve-kilim","7":"product_tag-antika-hali","8":"product_tag-antika-hali-muzayedesi","9":"product_tag-antique-rug","10":"product_tag-antique-rug-online-auction","11":"product_tag-endemigo-auction","12":"product_tag-online-auction","13":"product_tag-online-muzayede","15":"first","16":"instock","17":"sold-individually","18":"product-type-auction"},"_links":{"self":[{"href":"https:\/\/endemigoauction.com\/en\/wp-json\/wp\/v2\/product\/7590","targetHints":{"allow":["GET"]}}],"collection":[{"href":"https:\/\/endemigoauction.com\/en\/wp-json\/wp\/v2\/product"}],"about":[{"href":"https:\/\/endemigoauction.com\/en\/wp-json\/wp\/v2\/types\/product"}],"replies":[{"embeddable":true,"href":"https:\/\/endemigoauction.com\/en\/wp-json\/wp\/v2\/comments?post=7590"}],"wp:featuredmedia":[{"embeddable":true,"href":"https:\/\/endemigoauction.com\/en\/wp-json\/wp\/v2\/media\/7591"}],"wp:attachment":[{"href":"https:\/\/endemigoauction.com\/en\/wp-json\/wp\/v2\/media?parent=7590"}],"wp:term":[{"taxonomy":"product_brand","embeddable":true,"href":"https:\/\/endemigoauction.com\/en\/wp-json\/wp\/v2\/product_brand?post=7590"},{"taxonomy":"product_cat","embeddable":true,"href":"https:\/\/endemigoauction.com\/en\/wp-json\/wp\/v2\/product_cat?post=7590"},{"taxonomy":"product_tag","embeddable":true,"href":"https:\/\/endemigoauction.com\/en\/wp-json\/wp\/v2\/product_tag?post=7590"}],"curies":[{"name":"wp","href":"https:\/\/api.w.org\/{rel}","templated":true}]}}