{"id":7587,"date":"2025-05-29T10:43:49","date_gmt":"2025-05-29T07:43:49","guid":{"rendered":"https:\/\/endemigoauction.com\/urun\/lot-88-antik-mucur-safli-hali-19-yuzyil-123-x-380-cm\/"},"modified":"2025-06-01T16:49:35","modified_gmt":"2025-06-01T13:49:35","slug":"lot-88-antik-mucur-safli-hali-19-yuzyil-123-x-380-cm","status":"publish","type":"product","link":"https:\/\/endemigoauction.com\/en\/urun\/lot-88-antik-mucur-safli-hali-19-yuzyil-123-x-380-cm\/","title":{"rendered":"LOT.88 Antik Mucur Safl\u0131 Hal\u0131 19. Y\u00fczy\u0131l 123 x 380 cm"},"content":{"rendered":"<p><strong>Mucur Safl\u0131 Hal\u0131 19. Y\u00fczy\u0131l 123 x 380 cm.<\/strong><\/p>\n<p>Anadolu hal\u0131 sanat\u0131n\u0131n zarafetini ve teknik ustal\u0131\u011f\u0131n\u0131 simgeleyen, K\u0131r\u015fehir Mucur y\u00f6resinin d\u00fcnya \u00e7ap\u0131nda tan\u0131nan nadide eserlerinden biri. &#8220;Safl\u0131&#8221; ismini, mihrab motiflerinin yan yana s\u0131ralanarak olu\u015fturdu\u011fu saf d\u00fczeninden alan bu e\u015fsiz hal\u0131, hem sembolik hem de estetik anlamda derin bir anlam ta\u015f\u0131r. Her bir mihrap farkl\u0131 renklerde dokunmu\u015f olup, bu \u00e7e\u015fitlilik hal\u0131ya yaln\u0131zca zengin bir g\u00f6rsel yap\u0131 kazand\u0131rmakla kalmaz, ayn\u0131 zamanda renk ustal\u0131\u011f\u0131n\u0131 ve k\u00f6k boya kullan\u0131m\u0131ndaki uzmanl\u0131\u011f\u0131 da g\u00f6zler \u00f6n\u00fcne serer.<\/p>\n<p>Tamamen k\u00f6k ve do\u011fal boyalarla renklendirilmi\u015f olan bu hal\u0131, Mucur\u2019un y\u00fcksek kaliteli y\u00fcnleri ve ince i\u015f\u00e7ili\u011fiyle bir araya gelerek koleksiyon d\u00fcnyas\u0131nda adeta bir m\u00fccevhere d\u00f6n\u00fc\u015fm\u00fc\u015ft\u00fcr. Ya\u015f\u0131na ba\u011fl\u0131 olarak hav\u0131nda baz\u0131 incelmeler bulunsa da, hal\u0131 rapelenmemi\u015f, yaln\u0131zca birka\u00e7 k\u00fc\u00e7\u00fck noktada \u00f6zenle yap\u0131lm\u0131\u015f profesyonel m\u00fcdahaleler ile m\u00fckemmel bir b\u00fct\u00fcnl\u00fckte korunmu\u015ftur.<\/p>\n<p>19. y\u00fczy\u0131l\u0131n son \u00e7eyre\u011fine ait bu \u00f6zel hal\u0131, yaln\u0131zca bir dekoratif obje de\u011fil; Anadolu&#8217;nun dokuma k\u00fclt\u00fcr\u00fcn\u00fcn bir ni\u015fanesi, tarihsel ve sanatsal bir anlat\u0131d\u0131r. Uluslararas\u0131 koleksiyonerlerin radar\u0131nda yer alan, de\u011ferini ya\u015f\u0131ndan ve \u00f6zg\u00fcn desen dilinden alan bu saf g\u00fczellik, hal\u0131 sanat\u0131n\u0131n ya\u015fayan bir \u00f6rne\u011fi olarak m\u00fczayede katalo\u011funun en nadide par\u00e7alar\u0131ndan biridir.<\/p>\n","protected":false},"excerpt":{"rendered":"<p><strong>Men\u015fei: <\/strong>T\u00fcrkiye \/ K\u0131r\u015fehir, Mucur <strong>Kondisyon:<\/strong> M\u00fckemmel <strong>Dokuma Materyali ve Teknik:<\/strong> Y\u00fcne Y\u00fcn %100 Kirman ipi <strong>D\u00f6nem-Ya\u015f:<\/strong> 19. y\u00fczy\u0131l sonu<\/p>\n","protected":false},"featured_media":7588,"comment_status":"closed","ping_status":"closed","template":"","meta":[],"product_brand":[],"product_cat":[336],"product_tag":[395,398,396,399,397,393,394],"class_list":{"0":"post-7587","1":"product","2":"type-product","3":"status-publish","4":"has-post-thumbnail","6":"product_cat-hali-ve-kilim","7":"product_tag-antika-hali","8":"product_tag-antika-hali-muzayedesi","9":"product_tag-antique-rug","10":"product_tag-antique-rug-online-auction","11":"product_tag-endemigo-auction","12":"product_tag-online-auction","13":"product_tag-online-muzayede","15":"first","16":"instock","17":"sold-individually","18":"product-type-auction"},"_links":{"self":[{"href":"https:\/\/endemigoauction.com\/en\/wp-json\/wp\/v2\/product\/7587","targetHints":{"allow":["GET"]}}],"collection":[{"href":"https:\/\/endemigoauction.com\/en\/wp-json\/wp\/v2\/product"}],"about":[{"href":"https:\/\/endemigoauction.com\/en\/wp-json\/wp\/v2\/types\/product"}],"replies":[{"embeddable":true,"href":"https:\/\/endemigoauction.com\/en\/wp-json\/wp\/v2\/comments?post=7587"}],"wp:featuredmedia":[{"embeddable":true,"href":"https:\/\/endemigoauction.com\/en\/wp-json\/wp\/v2\/media\/7588"}],"wp:attachment":[{"href":"https:\/\/endemigoauction.com\/en\/wp-json\/wp\/v2\/media?parent=7587"}],"wp:term":[{"taxonomy":"product_brand","embeddable":true,"href":"https:\/\/endemigoauction.com\/en\/wp-json\/wp\/v2\/product_brand?post=7587"},{"taxonomy":"product_cat","embeddable":true,"href":"https:\/\/endemigoauction.com\/en\/wp-json\/wp\/v2\/product_cat?post=7587"},{"taxonomy":"product_tag","embeddable":true,"href":"https:\/\/endemigoauction.com\/en\/wp-json\/wp\/v2\/product_tag?post=7587"}],"curies":[{"name":"wp","href":"https:\/\/api.w.org\/{rel}","templated":true}]}}