{"id":7584,"date":"2025-05-29T10:43:49","date_gmt":"2025-05-29T07:43:49","guid":{"rendered":"https:\/\/endemigoauction.com\/urun\/lot-89-aksaray-yahyali-melezi-tarihli-hali-134-x-267-cm\/"},"modified":"2025-06-01T16:50:45","modified_gmt":"2025-06-01T13:50:45","slug":"lot-89-aksaray-yahyali-melezi-tarihli-hali-134-x-267-cm","status":"publish","type":"product","link":"https:\/\/endemigoauction.com\/en\/urun\/lot-89-aksaray-yahyali-melezi-tarihli-hali-134-x-267-cm\/","title":{"rendered":"LOT.89 Aksaray-Yahyal\u0131 Melezi Tarihli Hal\u0131 134 x 267 cm"},"content":{"rendered":"<p><strong>Aksaray-Yahyal\u0131 Melezi Tarihli Hal\u0131 134 x 267 cm<\/strong><\/p>\n<p>Antik Orta Anadolu Melez Hal\u0131, T\u00fcrk hal\u0131 sanat\u0131n\u0131n en \u00f6zg\u00fcn ve istisnai \u00f6rneklerinden biri olarak kar\u015f\u0131m\u0131za \u00e7\u0131k\u0131yor. 1939 tarihini ta\u015f\u0131yan bu e\u015fsiz par\u00e7a, sadece bir hal\u0131 de\u011fil; farkl\u0131 T\u00fcrk dokuma geleneklerinin bir araya geldi\u011fi k\u00fclt\u00fcrel bir sentez, sanatsal bir haf\u0131za, Anadolu&#8217;nun zenginli\u011fini yans\u0131tan \u00f6zg\u00fcn bir anlat\u0131d\u0131r.<\/p>\n<p>Bu hal\u0131n\u0131n y\u00fcn kalitesi Konya hal\u0131c\u0131l\u0131\u011f\u0131n\u0131, dokuma tekni\u011fi Aksaray Gelveri&#8217;nin ustal\u0131\u011f\u0131n\u0131, renk se\u00e7imi ve desen dili ise Kayseri&#8217;nin zarafetini ta\u015f\u0131r. Fakat t\u00fcm bu \u00f6\u011felerin \u00f6tesinde, hav yo\u011funlu\u011fu, y\u00fcnlerin ola\u011fan\u00fcst\u00fc parlakl\u0131\u011f\u0131, k\u00f6k ve do\u011fal boyalarla elde edilmi\u015f renklerin canl\u0131l\u0131\u011f\u0131, bu eseri &#8220;da\u011f i\u015fi&#8221; olarak tan\u0131mlanan y\u00fcksek zanaatk\u00e2rl\u0131kla bulu\u015fturur. Hal\u0131n\u0131n \u00fczerindeki 1939 tarih damgas\u0131, onun yaln\u0131zca sanatsal de\u011fil, tarihsel bir belge niteli\u011finde de oldu\u011funu ortaya koyar. Sa\u00e7ak k\u0131s\u0131mlar\u0131n ufak eskimelerin ba\u015flam\u0131\u015f olmas\u0131, bord\u00fcr k\u0131sm\u0131na ufak bir k\u0131r\u0131lma noktas\u0131 Hal\u0131n\u0131n ola\u011fan\u00fcst\u00fc kondisyonundan hi\u00e7bir eksiltme yapmam\u0131\u015f tersine entakt yani hi\u00e7 el de\u011fmedi\u011finin oldu\u011fu gibi korundu\u011funun belgesi niteli\u011fini ta\u015f\u0131yor.<\/p>\n<p>Dark Color dedi\u011fimiz derin ve koyu renklerin olu\u015fturdu\u011fu asaleti \u00e7ok belirgin.Birbirine kar\u0131\u015fm\u0131\u015f boylar\u0131n dokuma k\u00fclt\u00fcrlerinden do\u011fan bu otantik yap\u0131, hal\u0131n\u0131n hi\u00e7bir kategoriye tam olarak s\u0131\u011fmayan \u201cmelez\u201d do\u011fas\u0131n\u0131 belirginle\u015ftiriyor. T\u00fcm bu \u00f6zellikleriyle bu hal\u0131, t\u00fcr\u00fcn\u00fcn tek \u00f6rne\u011fi olarak koleksiyonerlerin radar\u0131nda yer alacak, \u00f6zel bir sanat eseri konumundad\u0131r. Bu e\u015fsiz par\u00e7a, Anadolu hal\u0131c\u0131l\u0131\u011f\u0131n\u0131n \u00e7e\u015fitlili\u011fini ve yarat\u0131c\u0131l\u0131\u011f\u0131n\u0131 bir araya getiren nadide bir de\u011fer olarak m\u00fczayedenin en dikkat \u00e7ekici eserlerinden biri olmaya adayd\u0131r.<\/p>\n","protected":false},"excerpt":{"rendered":"<p><strong>Men\u015fei: <\/strong>T\u00fcrkiye \/ Aksaray-Konya-Kayseri <strong>Kondisyon:<\/strong> Ola\u011fan\u00fcst\u00fc <strong>Dokuma Materyali ve Teknik:<\/strong> Y\u00fcne Y\u00fcn %100 Kirman ipi <strong>D\u00f6nem-Ya\u015f:<\/strong> 20. y\u00fczy\u0131l ba\u015f\u0131 1939 Tarihli<\/p>\n","protected":false},"featured_media":7585,"comment_status":"closed","ping_status":"closed","template":"","meta":[],"product_brand":[],"product_cat":[336],"product_tag":[395,398,396,399,397,393,394],"class_list":{"0":"post-7584","1":"product","2":"type-product","3":"status-publish","4":"has-post-thumbnail","6":"product_cat-hali-ve-kilim","7":"product_tag-antika-hali","8":"product_tag-antika-hali-muzayedesi","9":"product_tag-antique-rug","10":"product_tag-antique-rug-online-auction","11":"product_tag-endemigo-auction","12":"product_tag-online-auction","13":"product_tag-online-muzayede","15":"first","16":"instock","17":"sold-individually","18":"product-type-auction"},"_links":{"self":[{"href":"https:\/\/endemigoauction.com\/en\/wp-json\/wp\/v2\/product\/7584","targetHints":{"allow":["GET"]}}],"collection":[{"href":"https:\/\/endemigoauction.com\/en\/wp-json\/wp\/v2\/product"}],"about":[{"href":"https:\/\/endemigoauction.com\/en\/wp-json\/wp\/v2\/types\/product"}],"replies":[{"embeddable":true,"href":"https:\/\/endemigoauction.com\/en\/wp-json\/wp\/v2\/comments?post=7584"}],"wp:featuredmedia":[{"embeddable":true,"href":"https:\/\/endemigoauction.com\/en\/wp-json\/wp\/v2\/media\/7585"}],"wp:attachment":[{"href":"https:\/\/endemigoauction.com\/en\/wp-json\/wp\/v2\/media?parent=7584"}],"wp:term":[{"taxonomy":"product_brand","embeddable":true,"href":"https:\/\/endemigoauction.com\/en\/wp-json\/wp\/v2\/product_brand?post=7584"},{"taxonomy":"product_cat","embeddable":true,"href":"https:\/\/endemigoauction.com\/en\/wp-json\/wp\/v2\/product_cat?post=7584"},{"taxonomy":"product_tag","embeddable":true,"href":"https:\/\/endemigoauction.com\/en\/wp-json\/wp\/v2\/product_tag?post=7584"}],"curies":[{"name":"wp","href":"https:\/\/api.w.org\/{rel}","templated":true}]}}