{"id":7581,"date":"2025-05-29T10:43:49","date_gmt":"2025-05-29T07:43:49","guid":{"rendered":"https:\/\/endemigoauction.com\/urun\/lot-90-iran-saruk-halisi-50-yas-64-x-90-cm\/"},"modified":"2025-06-01T16:51:17","modified_gmt":"2025-06-01T13:51:17","slug":"lot-90-iran-saruk-halisi-50-yas-64-x-90-cm","status":"publish","type":"product","link":"https:\/\/endemigoauction.com\/en\/urun\/lot-90-iran-saruk-halisi-50-yas-64-x-90-cm\/","title":{"rendered":"LOT.90 \u0130ran Saruk Hal\u0131s\u0131 50+ Ya\u015f 64 x 90 cm"},"content":{"rendered":"<p><strong>\u0130ran Saruk Hal\u0131s\u0131 50+ Ya\u015f 64 x 90 cm.<\/strong><\/p>\n<p>\u0130ran Saruk Hal\u0131s\u0131, Saruk \u0130ran&#8217;da hal\u0131 dokuyan k\u00fc\u00e7\u00fck bir k\u00f6y iken dokuma kalitesinin y\u00fcksekli\u011finden dolay\u0131 bat\u0131n\u0131n bir\u00e7ok t\u00fcccar\u0131n\u0131n dikkatini \u00e7ekmi\u015f ve b\u00fcy\u00fck at\u00f6lyeler kurulmas\u0131na sebep olmu\u015ftur. Dokuma s\u0131kl\u0131\u011f\u0131, y\u00fcn kalitesi, boyalar\u0131 ile dikkat \u00e7eken Saruk hal\u0131lar\u0131 s\u00fcre\u00e7 i\u00e7inde k\u00f6y \u00fcretiminin ilkelli\u011finden uzakla\u015fm\u0131\u015f g\u00f6steri\u015fli hal\u0131lara y\u00f6nelmi\u015ftir.<\/p>\n<p>Bu g\u00f6rm\u00fc\u015f oldu\u011funuz hal\u0131 ise eski de kullan\u0131lan sembolleri naif bir \u015fekilde Saruk hal\u0131s\u0131na i\u015flenmi\u015f bir sanat eserine d\u00f6n\u00fc\u015fm\u00fc\u015f hali. Renk olarak \u0130ran&#8217;\u0131n me\u015fhur safran renklerini kullanm\u0131\u015f olmas\u0131 dekoratif bir konumland\u0131rma i\u00e7in olduk\u00e7a fazla alternatif ortama uyum sa\u011flama \u00f6zelli\u011fi kazand\u0131r\u0131yor. Her ortamda rahatl\u0131kla kullanabilirsiniz. \u00dcr\u00fcn kullan\u0131lmam\u0131\u015f, \u00fcretiminden sonra \u00f6zenle korunmu\u015ftur.<\/p>\n","protected":false},"excerpt":{"rendered":"<p><strong>Men\u015fei:<\/strong> \u0130ran \/ Saruk <strong>Kondisyon:<\/strong> Ola\u011fan\u00fcst\u00fc <strong>Dokuma Materyali ve Teknik:<\/strong> Y\u00fcne Y\u00fcn %100 Kirman ipi <strong>D\u00f6nem-Ya\u015f:<\/strong> 20. y\u00fczy\u0131l sonu 50+ ya\u015f<\/p>\n","protected":false},"featured_media":7582,"comment_status":"closed","ping_status":"closed","template":"","meta":[],"product_brand":[],"product_cat":[336],"product_tag":[395,398,396,399,397,393,394],"class_list":{"0":"post-7581","1":"product","2":"type-product","3":"status-publish","4":"has-post-thumbnail","6":"product_cat-hali-ve-kilim","7":"product_tag-antika-hali","8":"product_tag-antika-hali-muzayedesi","9":"product_tag-antique-rug","10":"product_tag-antique-rug-online-auction","11":"product_tag-endemigo-auction","12":"product_tag-online-auction","13":"product_tag-online-muzayede","15":"first","16":"instock","17":"sold-individually","18":"product-type-auction"},"_links":{"self":[{"href":"https:\/\/endemigoauction.com\/en\/wp-json\/wp\/v2\/product\/7581","targetHints":{"allow":["GET"]}}],"collection":[{"href":"https:\/\/endemigoauction.com\/en\/wp-json\/wp\/v2\/product"}],"about":[{"href":"https:\/\/endemigoauction.com\/en\/wp-json\/wp\/v2\/types\/product"}],"replies":[{"embeddable":true,"href":"https:\/\/endemigoauction.com\/en\/wp-json\/wp\/v2\/comments?post=7581"}],"wp:featuredmedia":[{"embeddable":true,"href":"https:\/\/endemigoauction.com\/en\/wp-json\/wp\/v2\/media\/7582"}],"wp:attachment":[{"href":"https:\/\/endemigoauction.com\/en\/wp-json\/wp\/v2\/media?parent=7581"}],"wp:term":[{"taxonomy":"product_brand","embeddable":true,"href":"https:\/\/endemigoauction.com\/en\/wp-json\/wp\/v2\/product_brand?post=7581"},{"taxonomy":"product_cat","embeddable":true,"href":"https:\/\/endemigoauction.com\/en\/wp-json\/wp\/v2\/product_cat?post=7581"},{"taxonomy":"product_tag","embeddable":true,"href":"https:\/\/endemigoauction.com\/en\/wp-json\/wp\/v2\/product_tag?post=7581"}],"curies":[{"name":"wp","href":"https:\/\/api.w.org\/{rel}","templated":true}]}}