{"id":7575,"date":"2025-05-29T10:43:49","date_gmt":"2025-05-29T07:43:49","guid":{"rendered":"https:\/\/endemigoauction.com\/urun\/lot-92-antik-kozak-mihrapli-hali-100-yas-95-x-126-cm\/"},"modified":"2025-06-01T16:53:30","modified_gmt":"2025-06-01T13:53:30","slug":"lot-92-antik-kozak-mihrapli-hali-100-yas-95-x-126-cm","status":"publish","type":"product","link":"https:\/\/endemigoauction.com\/en\/urun\/lot-92-antik-kozak-mihrapli-hali-100-yas-95-x-126-cm\/","title":{"rendered":"LOT.92 Antik Kozak Mihrapl\u0131 Hal\u0131 100+ Ya\u015f 95 x 126 cm"},"content":{"rendered":"<p><strong>Antik Kozak Mihrapl\u0131 Hal\u0131 100+ Ya\u015f 95 x 126 cm.<\/strong><\/p>\n<p>Antik Kozak Bergama Mihrapl\u0131 Hal\u0131, Antik Kozak Bergama Hal\u0131s\u0131, \u00c7anakkale&#8217;nin da\u011f k\u00f6ylerinde nesilden nesile aktar\u0131lan geleneksel dokuma sanat\u0131n\u0131n bir yans\u0131mas\u0131 olarak, Anadolu hal\u0131c\u0131l\u0131\u011f\u0131n\u0131n zarif ve g\u00fc\u00e7l\u00fc anlat\u0131lar\u0131ndan birini sunuyor. 100 y\u0131l\u0131 a\u015fk\u0131n ya\u015f\u0131na ra\u011fmen ola\u011fan\u00fcst\u00fc kondisyonu, onun yaln\u0131zca bir dekoratif obje de\u011fil, ayn\u0131 zamanda k\u00fclt\u00fcrel bir miras par\u00e7as\u0131 oldu\u011funu ortaya koyuyor.<\/p>\n<p>Tamamen %100 y\u00fcnden, kirman y\u00f6ntemiyle elde e\u011frilmi\u015f iplerle dokunan bu hal\u0131, do\u011fal ve k\u00f6k boyalarla renklendirilmi\u015f ye\u015fil, \u00e7ivit mavisi ve k\u0131rm\u0131z\u0131 tonlar\u0131yla g\u00f6z al\u0131yor. Mihrapl\u0131 yap\u0131s\u0131, bu hal\u0131ya manevi bir derinlik kazand\u0131r\u0131rken, kilimlik alanlarda yer alan el motifleri hem koruyucu nazarl\u0131k sembolleri hem de g\u00f6\u00e7ebe k\u00fclt\u00fcr\u00fcn simgesel esteti\u011fini yans\u0131t\u0131yor.<\/p>\n<p>Bu hal\u0131, Bergama&#8217;n\u0131n Kozak b\u00f6lgesine \u00f6zg\u00fc dokuma geleneklerini incelikle ta\u015f\u0131yan, hem koleksiyonerler hem de k\u00fclt\u00fcr merakl\u0131lar\u0131 i\u00e7in nadir bulunan bir eserdir. Ya\u015f\u0131na ra\u011fmen canl\u0131 renklerini ve sa\u011flam yap\u0131s\u0131n\u0131 koruyan bu ba\u015fyap\u0131t, ge\u00e7mi\u015fin ruhunu g\u00fcn\u00fcm\u00fcze ta\u015f\u0131yan e\u015fsiz bir \u00f6rnek olarak m\u00fczayede katalo\u011funun de\u011ferli par\u00e7alar\u0131ndan biri.<\/p>\n","protected":false},"excerpt":{"rendered":"<p><strong>Men\u015fei:<\/strong> T\u00fcrkiye \/ Kuzeybat\u0131 Anadolu <strong>Kondisyon:<\/strong> Ola\u011fan\u00fcst\u00fc <strong>Dokuma Materyali ve Teknik:<\/strong> Y\u00fcne Y\u00fcn %100 Kirman ipi <strong>D\u00f6nem-Ya\u015f:<\/strong> 20. Y\u00fczy\u0131l ba\u015f\u0131 100+ ya\u015f<\/p>\n","protected":false},"featured_media":7576,"comment_status":"closed","ping_status":"closed","template":"","meta":[],"product_brand":[],"product_cat":[336],"product_tag":[395,398,396,399,397,393,394],"class_list":{"0":"post-7575","1":"product","2":"type-product","3":"status-publish","4":"has-post-thumbnail","6":"product_cat-hali-ve-kilim","7":"product_tag-antika-hali","8":"product_tag-antika-hali-muzayedesi","9":"product_tag-antique-rug","10":"product_tag-antique-rug-online-auction","11":"product_tag-endemigo-auction","12":"product_tag-online-auction","13":"product_tag-online-muzayede","15":"first","16":"instock","17":"sold-individually","18":"product-type-auction"},"_links":{"self":[{"href":"https:\/\/endemigoauction.com\/en\/wp-json\/wp\/v2\/product\/7575","targetHints":{"allow":["GET"]}}],"collection":[{"href":"https:\/\/endemigoauction.com\/en\/wp-json\/wp\/v2\/product"}],"about":[{"href":"https:\/\/endemigoauction.com\/en\/wp-json\/wp\/v2\/types\/product"}],"replies":[{"embeddable":true,"href":"https:\/\/endemigoauction.com\/en\/wp-json\/wp\/v2\/comments?post=7575"}],"wp:featuredmedia":[{"embeddable":true,"href":"https:\/\/endemigoauction.com\/en\/wp-json\/wp\/v2\/media\/7576"}],"wp:attachment":[{"href":"https:\/\/endemigoauction.com\/en\/wp-json\/wp\/v2\/media?parent=7575"}],"wp:term":[{"taxonomy":"product_brand","embeddable":true,"href":"https:\/\/endemigoauction.com\/en\/wp-json\/wp\/v2\/product_brand?post=7575"},{"taxonomy":"product_cat","embeddable":true,"href":"https:\/\/endemigoauction.com\/en\/wp-json\/wp\/v2\/product_cat?post=7575"},{"taxonomy":"product_tag","embeddable":true,"href":"https:\/\/endemigoauction.com\/en\/wp-json\/wp\/v2\/product_tag?post=7575"}],"curies":[{"name":"wp","href":"https:\/\/api.w.org\/{rel}","templated":true}]}}