{"id":7572,"date":"2025-05-29T10:43:49","date_gmt":"2025-05-29T07:43:49","guid":{"rendered":"https:\/\/endemigoauction.com\/urun\/lot-93-antik-karapinar-salur-halisi-19-yuzyil-basi-107-x-186-cm\/"},"modified":"2025-06-12T02:17:03","modified_gmt":"2025-06-11T23:17:03","slug":"lot-93-antik-karapinar-salur-halisi-19-yuzyil-basi-107-x-186-cm","status":"publish","type":"product","link":"https:\/\/endemigoauction.com\/en\/urun\/lot-93-antik-karapinar-salur-halisi-19-yuzyil-basi-107-x-186-cm\/","title":{"rendered":"LOT.93 Antik Karap\u0131nar Salur Hal\u0131s\u0131 19. Y\u00fczy\u0131l Ba\u015f\u0131 107 x 186 cm"},"content":{"rendered":"<p><strong>Antik Karap\u0131nar Salur Hal\u0131s\u0131 19. Y\u00fczy\u0131l Ba\u015f\u0131 107 x 186 cm.<\/strong><\/p>\n<p>Antik Karap\u0131nar Salur Hal\u0131s\u0131, Tamirleri dahi antika olmu\u015f, olduk\u00e7a eski tam bir antika. Hal\u0131n\u0131n orta k\u0131sm\u0131nda \u00e7ok eski 2 santim ve 7 santim aras\u0131 muhtelif noktalarda \u00e7ok eski tamirleri mevcut, sa\u00e7ak k\u0131s\u0131mlar\u0131nda eksilmeler ba\u015flam\u0131\u015f, kenar sarg\u0131lar\u0131nda ki a\u00e7\u0131lmalar baz\u0131 yerlerinde tamir edilmi\u015f. Restorasyon konusunda g\u00fcn\u00fcm\u00fczdeki kadar profesyonelle\u015fmenin olmad\u0131\u011f\u0131 bir d\u00f6nemde bu tamirlerin yap\u0131lm\u0131\u015f olmas\u0131, modelin ilkelli\u011fi, renklerin kullan\u0131m\u0131, tasar\u0131m\u0131n i\u00e7inde serbest\u00e7e yap\u0131lm\u0131\u015f \u00e7e\u015fitli k\u00fc\u00e7\u00fck tamgalar\u0131n varl\u0131\u011f\u0131, y\u00fcn\u00fcn pamuksula\u015fmas\u0131 eserin ne kadar eski oldu\u011funu g\u00f6zler \u00f6n\u00fcne seriyor. T\u00fcm bunlarla beraber b\u00fct\u00fcnl\u00fc\u011f\u00fcndeki foto\u011fraf\u0131 ona fragman diyememezi sa\u011fl\u0131yor.<\/p>\n<p>Kondisyonu iyi olarak de\u011ferlendirdi\u011fimiz bu hal\u0131n\u0131n antikal\u0131\u011f\u0131n\u0131 ve ya\u015fanm\u0131\u015fl\u0131klar\u0131 ile olu\u015fmu\u015f do\u011fal tasar\u0131m\u0131n\u0131n yap\u0131m\u0131 esnas\u0131ndaki tasar\u0131m\u0131na yapt\u0131\u011f\u0131 katk\u0131y\u0131 reddetmemiz m\u00fcmk\u00fcn de\u011fil. As\u0131ld\u0131\u011f\u0131 ya da sergilendi\u011fi ortama ya\u015fanm\u0131\u015fl\u0131k, kadimlik katacak, tecr\u00fcbenin, tarihe atalara sayg\u0131n\u0131n g\u00f6stergesi olacak muhte\u015fem bir sanat eseri. T\u00fcrk Hal\u0131 ve kilimlerinde uluslararas\u0131 m\u00fczayedelerde en \u00e7ok de\u011fer g\u00f6ren y\u00fczbinlerce dolarlara sat\u0131labilen bu hal\u0131n\u0131n bir aral\u0131k de\u011feri net belirlenememektedir.<\/p>\n","protected":false},"excerpt":{"rendered":"<p><strong>Men\u015fei:<\/strong> T\u00fcrkiye \/ Konya <strong>Kondisyon:<\/strong> \u0130yi <strong>Dokuma Materyali ve Teknik:<\/strong> Y\u00fcne Y\u00fcn %100 Kirman ipi <strong>D\u00f6nem-Ya\u015f:<\/strong> 19. Y\u00fczy\u0131l ba\u015f\u0131 200+ ya\u015f<\/p>\n","protected":false},"featured_media":7573,"comment_status":"closed","ping_status":"closed","template":"","meta":[],"product_brand":[],"product_cat":[336],"product_tag":[395,398,396,399,397,393,394],"class_list":{"0":"post-7572","1":"product","2":"type-product","3":"status-publish","4":"has-post-thumbnail","6":"product_cat-hali-ve-kilim","7":"product_tag-antika-hali","8":"product_tag-antika-hali-muzayedesi","9":"product_tag-antique-rug","10":"product_tag-antique-rug-online-auction","11":"product_tag-endemigo-auction","12":"product_tag-online-auction","13":"product_tag-online-muzayede","15":"first","16":"instock","17":"sold-individually","18":"product-type-auction"},"_links":{"self":[{"href":"https:\/\/endemigoauction.com\/en\/wp-json\/wp\/v2\/product\/7572","targetHints":{"allow":["GET"]}}],"collection":[{"href":"https:\/\/endemigoauction.com\/en\/wp-json\/wp\/v2\/product"}],"about":[{"href":"https:\/\/endemigoauction.com\/en\/wp-json\/wp\/v2\/types\/product"}],"replies":[{"embeddable":true,"href":"https:\/\/endemigoauction.com\/en\/wp-json\/wp\/v2\/comments?post=7572"}],"wp:featuredmedia":[{"embeddable":true,"href":"https:\/\/endemigoauction.com\/en\/wp-json\/wp\/v2\/media\/7573"}],"wp:attachment":[{"href":"https:\/\/endemigoauction.com\/en\/wp-json\/wp\/v2\/media?parent=7572"}],"wp:term":[{"taxonomy":"product_brand","embeddable":true,"href":"https:\/\/endemigoauction.com\/en\/wp-json\/wp\/v2\/product_brand?post=7572"},{"taxonomy":"product_cat","embeddable":true,"href":"https:\/\/endemigoauction.com\/en\/wp-json\/wp\/v2\/product_cat?post=7572"},{"taxonomy":"product_tag","embeddable":true,"href":"https:\/\/endemigoauction.com\/en\/wp-json\/wp\/v2\/product_tag?post=7572"}],"curies":[{"name":"wp","href":"https:\/\/api.w.org\/{rel}","templated":true}]}}