{"id":7569,"date":"2025-05-29T10:43:49","date_gmt":"2025-05-29T07:43:49","guid":{"rendered":"https:\/\/endemigoauction.com\/urun\/lot-94-antik-konya-cift-gobek-yastik-100-yas-53-x-102-cm\/"},"modified":"2025-06-01T16:51:46","modified_gmt":"2025-06-01T13:51:46","slug":"lot-94-antik-konya-cift-gobek-yastik-100-yas-53-x-102-cm","status":"publish","type":"product","link":"https:\/\/endemigoauction.com\/en\/urun\/lot-94-antik-konya-cift-gobek-yastik-100-yas-53-x-102-cm\/","title":{"rendered":"LOT.94 Antik Konya \u00c7ift G\u00f6bek Yast\u0131k 100+ Ya\u015f 53 x 102 cm"},"content":{"rendered":"<p><strong>Antik Konya \u00c7ift G\u00f6bek Yast\u0131k 100+ Ya\u015f 53 x 102 cm.<\/strong><\/p>\n<p>Yast\u0131klar i\u00e7in asl\u0131nda sadece \u015funu s\u00f6yleyebiliriz; Biliyorsunuz ki yast\u0131klar koleksiyonerler taraf\u0131ndan kolay kullan\u0131m\u0131, dekoratifli\u011fi, saklama, sergileme kolayl\u0131\u011f\u0131 a\u00e7\u0131s\u0131ndan daha \u00e7ok tercih edilen \u00fcr\u00fcnler. Ancak 100 ya\u015f \u00fcst\u00fcnde g\u00fczel antik, do\u011fal ve k\u00f6k boyal\u0131, \u00fcst d\u00fczey bir yast\u0131k bulmak olduk\u00e7a zahmetli bir s\u00fcre\u00e7tir. \u0130\u015fte bu g\u00f6rm\u00fc\u015f oldu\u011funuz t\u00fcm yast\u0131klar \u00f6zenle se\u00e7ildi. Bir koleksiyonerin ya da sergileyicinin antika bir yast\u0131ktan t\u00fcm beklentilerini kar\u015f\u0131layacak kondisyona ve tasar\u0131ma sahip yast\u0131klar\u0131ndan biri kar\u015f\u0131n\u0131zda.<\/p>\n","protected":false},"excerpt":{"rendered":"<p><strong>Men\u015fei:<\/strong> T\u00fcrkiye \/ Konya <strong>Kondisyon:<\/strong> Ola\u011fan\u00fcst\u00fc <strong>Dokuma Materyali ve Teknik:<\/strong> Y\u00fcne Y\u00fcn %100 Kirman ipi <strong>D\u00f6nem-Ya\u015f:<\/strong> 20. Y\u00fczy\u0131l ba\u015f\u0131 100+ ya\u015f<\/p>\n","protected":false},"featured_media":7570,"comment_status":"closed","ping_status":"closed","template":"","meta":[],"product_brand":[],"product_cat":[336],"product_tag":[395,398,396,399,397,393,394],"class_list":{"0":"post-7569","1":"product","2":"type-product","3":"status-publish","4":"has-post-thumbnail","6":"product_cat-hali-ve-kilim","7":"product_tag-antika-hali","8":"product_tag-antika-hali-muzayedesi","9":"product_tag-antique-rug","10":"product_tag-antique-rug-online-auction","11":"product_tag-endemigo-auction","12":"product_tag-online-auction","13":"product_tag-online-muzayede","15":"first","16":"instock","17":"sold-individually","18":"product-type-auction"},"_links":{"self":[{"href":"https:\/\/endemigoauction.com\/en\/wp-json\/wp\/v2\/product\/7569","targetHints":{"allow":["GET"]}}],"collection":[{"href":"https:\/\/endemigoauction.com\/en\/wp-json\/wp\/v2\/product"}],"about":[{"href":"https:\/\/endemigoauction.com\/en\/wp-json\/wp\/v2\/types\/product"}],"replies":[{"embeddable":true,"href":"https:\/\/endemigoauction.com\/en\/wp-json\/wp\/v2\/comments?post=7569"}],"wp:featuredmedia":[{"embeddable":true,"href":"https:\/\/endemigoauction.com\/en\/wp-json\/wp\/v2\/media\/7570"}],"wp:attachment":[{"href":"https:\/\/endemigoauction.com\/en\/wp-json\/wp\/v2\/media?parent=7569"}],"wp:term":[{"taxonomy":"product_brand","embeddable":true,"href":"https:\/\/endemigoauction.com\/en\/wp-json\/wp\/v2\/product_brand?post=7569"},{"taxonomy":"product_cat","embeddable":true,"href":"https:\/\/endemigoauction.com\/en\/wp-json\/wp\/v2\/product_cat?post=7569"},{"taxonomy":"product_tag","embeddable":true,"href":"https:\/\/endemigoauction.com\/en\/wp-json\/wp\/v2\/product_tag?post=7569"}],"curies":[{"name":"wp","href":"https:\/\/api.w.org\/{rel}","templated":true}]}}