{"id":7560,"date":"2025-05-29T10:43:28","date_gmt":"2025-05-29T07:43:28","guid":{"rendered":"https:\/\/endemigoauction.com\/urun\/lot-97-antik-afyon-dazkiri-yoruk-minder-100-yas-40-x-40-cm\/"},"modified":"2025-06-01T16:59:35","modified_gmt":"2025-06-01T13:59:35","slug":"lot-97-antik-afyon-dazkiri-yoruk-minder-100-yas-40-x-40-cm","status":"publish","type":"product","link":"https:\/\/endemigoauction.com\/en\/urun\/lot-97-antik-afyon-dazkiri-yoruk-minder-100-yas-40-x-40-cm\/","title":{"rendered":"LOT.97 Antik Afyon Dazk\u0131r\u0131 Y\u00f6r\u00fck Minder 100+ Ya\u015f 40 x 40 cm"},"content":{"rendered":"<p><strong>Antik Afyon Dazk\u0131r\u0131 Y\u00f6r\u00fck Minder 100+ Ya\u015f 40 x 40 cm.<\/strong><\/p>\n<p>Antik Afyon Dazk\u0131r\u0131 Y\u00f6r\u00fck Minder, Normalde sanat eserlerinin de\u011ferlendirilmesinde b\u00fcy\u00fckl\u00fck \u00e7ok \u00f6nemli unsurdur. Ancak hayat\u0131m\u0131zda \u00e7ok\u00e7a kulland\u0131\u011f\u0131m\u0131z sanat zanaata dayal\u0131 sanat eserlerinde k\u00fc\u00e7\u00fckl\u00fck bazen de\u011ferin \u00e7ok daha fazla artmas\u0131n\u0131 sa\u011flar. \u00c7\u00fcnk\u00fc ne kadar k\u00fc\u00e7\u00fckse o kadar \u00e7ok kullan\u0131labilirdir.<\/p>\n<p>\u00d6rne\u011fin bir seccade dua etmek i\u00e7in defalarca kullan\u0131labilir, ayn\u0131 \u015fekilde bir minder kolayca her zaman \u00fczerine oturarak kullanca\u011f\u0131n\u0131z bir \u00fcr\u00fcnd\u00fcr. \u0130\u015fte bu k\u00fc\u00e7\u00fck par\u00e7alar\u0131n 100 ya\u015f\u0131n\u0131 a\u015fan, kondisyonunu koruyanlar\u0131 ayr\u0131 bir yere koymal\u0131s\u0131n\u0131z. Afyon Dazk\u0131r\u0131 hal\u0131lar\u0131 d\u00fcnyaca me\u015fhur. Birde bu hal\u0131lar\u0131n minder olarak dokunmu\u015f, do\u011fal ve k\u00f6k boyalarla renklendirilmi\u015f, tribal tamgalarla bir sanat eserine d\u00f6n\u00fc\u015fm\u00fc\u015f kondisyonunu ola\u011fan\u00fcst\u00fc \u015fekilde koruyan hali ile kar\u015f\u0131 kar\u015f\u0131yas\u0131n\u0131z. \u00c7ok nadir kompozisyon ve kondisyonda olan bu minder koleksiyonerlerin duvara asmak isteyece\u011fi nitelikte.<\/p>\n","protected":false},"excerpt":{"rendered":"<p><strong>Men\u015fei:<\/strong> T\u00fcrkiye \/ Afyon, Dazk\u0131r\u0131 <strong>Kondisyon:<\/strong> Ola\u011fan\u00fcst\u00fc <strong>Dokuma Materyali ve Teknik:<\/strong> Y\u00fcne Y\u00fcn %100 Kirman ipi <strong>D\u00f6nem-Ya\u015f:<\/strong> 20. Y\u00fczy\u0131l ba\u015f\u0131 100+ ya\u015f<\/p>\n","protected":false},"featured_media":7561,"comment_status":"closed","ping_status":"closed","template":"","meta":[],"product_brand":[],"product_cat":[336],"product_tag":[395,398,396,399,397,393,394],"class_list":{"0":"post-7560","1":"product","2":"type-product","3":"status-publish","4":"has-post-thumbnail","6":"product_cat-hali-ve-kilim","7":"product_tag-antika-hali","8":"product_tag-antika-hali-muzayedesi","9":"product_tag-antique-rug","10":"product_tag-antique-rug-online-auction","11":"product_tag-endemigo-auction","12":"product_tag-online-auction","13":"product_tag-online-muzayede","15":"first","16":"instock","17":"sold-individually","18":"product-type-auction"},"_links":{"self":[{"href":"https:\/\/endemigoauction.com\/en\/wp-json\/wp\/v2\/product\/7560","targetHints":{"allow":["GET"]}}],"collection":[{"href":"https:\/\/endemigoauction.com\/en\/wp-json\/wp\/v2\/product"}],"about":[{"href":"https:\/\/endemigoauction.com\/en\/wp-json\/wp\/v2\/types\/product"}],"replies":[{"embeddable":true,"href":"https:\/\/endemigoauction.com\/en\/wp-json\/wp\/v2\/comments?post=7560"}],"wp:featuredmedia":[{"embeddable":true,"href":"https:\/\/endemigoauction.com\/en\/wp-json\/wp\/v2\/media\/7561"}],"wp:attachment":[{"href":"https:\/\/endemigoauction.com\/en\/wp-json\/wp\/v2\/media?parent=7560"}],"wp:term":[{"taxonomy":"product_brand","embeddable":true,"href":"https:\/\/endemigoauction.com\/en\/wp-json\/wp\/v2\/product_brand?post=7560"},{"taxonomy":"product_cat","embeddable":true,"href":"https:\/\/endemigoauction.com\/en\/wp-json\/wp\/v2\/product_cat?post=7560"},{"taxonomy":"product_tag","embeddable":true,"href":"https:\/\/endemigoauction.com\/en\/wp-json\/wp\/v2\/product_tag?post=7560"}],"curies":[{"name":"wp","href":"https:\/\/api.w.org\/{rel}","templated":true}]}}