{"id":7557,"date":"2025-05-29T10:43:28","date_gmt":"2025-05-29T07:43:28","guid":{"rendered":"https:\/\/endemigoauction.com\/urun\/lot-98-antik-hotamis-kilim-19-yuzyil-167-x-417-cm\/"},"modified":"2025-06-01T16:59:03","modified_gmt":"2025-06-01T13:59:03","slug":"lot-98-antik-hotamis-kilim-19-yuzyil-167-x-417-cm","status":"publish","type":"product","link":"https:\/\/endemigoauction.com\/en\/urun\/lot-98-antik-hotamis-kilim-19-yuzyil-167-x-417-cm\/","title":{"rendered":"LOT.98 Antik Hotam\u0131\u015f Kilim 19. Y\u00fczy\u0131l 167 x 417 cm"},"content":{"rendered":"<p><strong>Antik Hotam\u0131\u015f Kilim 19. Y\u00fczy\u0131l 167 x 417 cm.<\/strong><\/p>\n<p>Antik Konya Hotam\u0131\u015f Kilimi, 19. y\u00fczy\u0131lda Karap\u0131nar b\u00f6lgesinin k\u00f6ylerinden biri olan Hotam\u0131\u015f g\u00fcn\u00fcm\u00fczde bir mahalle. K\u00fc\u00e7\u00fck bir k\u00f6yden b\u00fcy\u00fck sanat eserlerinin \u00e7\u0131kt\u0131\u011f\u0131 bir y\u00f6re Hotam\u0131\u015f. Tipik ve klasik d\u00f6nemine g\u00f6re nadir \u00e7\u0131kan bir kilim. Yer yer eskimelerine kar\u015f\u0131 bez \u00fczerine dikilerek koruma alt\u0131na al\u0131nm\u0131\u015f koleksiyoner kilimi niteli\u011finde muhte\u015fem bir antika.<\/p>\n","protected":false},"excerpt":{"rendered":"<p><strong>Men\u015fei:<\/strong> T\u00fcrkiye \/ Konya, Hotam\u0131\u015f <strong>Kondisyon:<\/strong> Profesyonel Keten Beze dikili <strong>Dokuma Materyali ve Teknik:<\/strong> Y\u00fcne Y\u00fcn %100 Kirman ipi <strong>D\u00f6nem-Ya\u015f:<\/strong> 19. Y\u00fczy\u0131l 130+ ya\u015f<\/p>\n","protected":false},"featured_media":7558,"comment_status":"closed","ping_status":"closed","template":"","meta":[],"product_brand":[],"product_cat":[336],"product_tag":[395,398,396,399,397,393,394],"class_list":{"0":"post-7557","1":"product","2":"type-product","3":"status-publish","4":"has-post-thumbnail","6":"product_cat-hali-ve-kilim","7":"product_tag-antika-hali","8":"product_tag-antika-hali-muzayedesi","9":"product_tag-antique-rug","10":"product_tag-antique-rug-online-auction","11":"product_tag-endemigo-auction","12":"product_tag-online-auction","13":"product_tag-online-muzayede","15":"first","16":"instock","17":"sold-individually","18":"product-type-auction"},"_links":{"self":[{"href":"https:\/\/endemigoauction.com\/en\/wp-json\/wp\/v2\/product\/7557","targetHints":{"allow":["GET"]}}],"collection":[{"href":"https:\/\/endemigoauction.com\/en\/wp-json\/wp\/v2\/product"}],"about":[{"href":"https:\/\/endemigoauction.com\/en\/wp-json\/wp\/v2\/types\/product"}],"replies":[{"embeddable":true,"href":"https:\/\/endemigoauction.com\/en\/wp-json\/wp\/v2\/comments?post=7557"}],"wp:featuredmedia":[{"embeddable":true,"href":"https:\/\/endemigoauction.com\/en\/wp-json\/wp\/v2\/media\/7558"}],"wp:attachment":[{"href":"https:\/\/endemigoauction.com\/en\/wp-json\/wp\/v2\/media?parent=7557"}],"wp:term":[{"taxonomy":"product_brand","embeddable":true,"href":"https:\/\/endemigoauction.com\/en\/wp-json\/wp\/v2\/product_brand?post=7557"},{"taxonomy":"product_cat","embeddable":true,"href":"https:\/\/endemigoauction.com\/en\/wp-json\/wp\/v2\/product_cat?post=7557"},{"taxonomy":"product_tag","embeddable":true,"href":"https:\/\/endemigoauction.com\/en\/wp-json\/wp\/v2\/product_tag?post=7557"}],"curies":[{"name":"wp","href":"https:\/\/api.w.org\/{rel}","templated":true}]}}