{"id":7554,"date":"2025-05-29T10:43:28","date_gmt":"2025-05-29T07:43:28","guid":{"rendered":"https:\/\/endemigoauction.com\/urun\/lot-99-antik-dosemealti-halisi-19-yuzyil-124-x-156-cm\/"},"modified":"2025-06-12T02:09:30","modified_gmt":"2025-06-11T23:09:30","slug":"lot-99-antik-dosemealti-halisi-19-yuzyil-124-x-156-cm","status":"publish","type":"product","link":"https:\/\/endemigoauction.com\/en\/urun\/lot-99-antik-dosemealti-halisi-19-yuzyil-124-x-156-cm\/","title":{"rendered":"LOT.99 Antik D\u00f6\u015femealt\u0131 Hal\u0131s\u0131 19. Y\u00fczy\u0131l 124 x 156 cm"},"content":{"rendered":"<p><strong>Antik D\u00f6\u015femealt\u0131 Hal\u0131s\u0131 19. Y\u00fczy\u0131l 124 x 156 cm.<\/strong><\/p>\n<p>Antik D\u00f6\u015femealt\u0131 Hal\u0131s\u0131, yaln\u0131zca bir dokuma \u00fcr\u00fcn\u00fc de\u011fil, Anadolu g\u00f6\u00e7ebe k\u00fclt\u00fcr\u00fcn\u00fcn estetikle bulu\u015ftu\u011fu nadide bir sanat eseridir. Antalya b\u00f6lgesinin y\u00fcksek platolar\u0131nda, Y\u00f6r\u00fck kad\u0131nlar\u0131n\u0131n elleriyle 19. y\u00fczy\u0131l sonunda dokunmu\u015f bu e\u015fsiz hal\u0131, bug\u00fcn h\u00e2l\u00e2 dokuma b\u00fct\u00fcnl\u00fc\u011f\u00fcn\u00fc, renk canl\u0131l\u0131\u011f\u0131n\u0131 ve \u00f6zg\u00fcn formunu koruyarak kar\u015f\u0131m\u0131za \u00e7\u0131k\u0131yor.<\/p>\n<p>Her ne kadar co\u011frafi olarak Bat\u0131 Anadolu\u2019nun g\u00fcneyinde dokunsa da, renk skalas\u0131, y\u00fcn kalitesi, d\u00fc\u011f\u00fcm s\u0131kl\u0131\u011f\u0131 ve desen kompozisyonu a\u00e7\u0131s\u0131ndan Bergama hal\u0131lar\u0131 ile b\u00fcy\u00fck benzerlikler ta\u015f\u0131r. Bu sebeple, akademik literat\u00fcrde \u201cD\u00f6\u015femealt\u0131 Bergama\u201d olarak da adland\u0131r\u0131l\u0131r. Ancak bu benzerlik, onun kimli\u011fini g\u00f6lgelemez; aksine, bu hal\u0131lar, D\u00f6\u015femealt\u0131\u2019n\u0131n co\u011frafi ve k\u00fclt\u00fcrel \u00f6zg\u00fcnl\u00fc\u011f\u00fcn\u00fc sembolik motifler ve soyut anlat\u0131m diliyle ta\u015f\u0131yarak Anadolu&#8217;nun g\u00fcney renklerini yans\u0131t\u0131r.<\/p>\n<p>Mavi ve k\u0131rm\u0131z\u0131n\u0131n alacakaranl\u0131k tonlar\u0131, bu hal\u0131n\u0131n yaln\u0131zca g\u00f6rsel de\u011fil ayn\u0131 zamanda duygusal bir derinlik ta\u015f\u0131mas\u0131n\u0131 sa\u011flar. Desenlerinde yer alan y\u0131ld\u0131zlar ve geometrik motifler, g\u00f6\u00e7ebe hayat\u0131n g\u00f6ky\u00fcz\u00fcyle kurdu\u011fu ba\u011f\u0131 temsil ederken, ayn\u0131 zamanda Avrupa&#8217;da modern sanat ak\u0131mlar\u0131n\u0131 etkileyen \u00f6zg\u00fcr bi\u00e7im anlay\u0131\u015f\u0131n\u0131n izlerini ta\u015f\u0131r. 140 y\u0131l\u0131 a\u015fk\u0131n ya\u015f\u0131yla, hem kullan\u0131ma uygun hem de koleksiyon de\u011feri y\u00fcksek bu eser, Anadolu dokuma miras\u0131n\u0131n en etkileyici anlat\u0131lar\u0131ndan birine d\u00f6n\u00fc\u015f\u00fcyor.<\/p>\n<p>Bu sanat eserinin tasar\u0131m\u0131na, i\u015f\u00e7ili\u011fine bakt\u0131\u011f\u0131n\u0131zda, hem estetik inceli\u011fi hem do\u011fan\u0131n g\u00fc\u00e7l\u00fc \u00e7etin \u015fartlar\u0131n\u0131 belirten ilkelli\u011fin ola\u011fan\u00fcst\u00fc birle\u015fmesine ve kompozisyona \u015fahit olursunuz. Nereden geldik nereye do\u011fru ilerliyoruzu \u00e7ok g\u00fczel \u00f6zetler. O sebeple koleksiyonerlerin de\u011fer bi\u00e7mekte zorland\u0131\u011f\u0131 \u00f6zel bir hal\u0131d\u0131r. Ya\u015f\u0131, tasar\u0131m\u0131, boyutlar\u0131, kondisyonu, renkleri fiyat aral\u0131\u011f\u0131n\u0131n belirlenmesini zorla\u015ft\u0131r\u0131r.<\/p>\n","protected":false},"excerpt":{"rendered":"<p><strong>Men\u015fei:<\/strong> T\u00fcrkiye \/ Antalya <strong>Kondisyon:<\/strong> M\u00fckemmel <strong>Dokuma Materyali ve Teknik:<\/strong> Y\u00fcne Y\u00fcn %100 Kirman ipi <strong>D\u00f6nem-Ya\u015f:<\/strong> 19. Y\u00fczy\u0131l Sonu 140+ ya\u015f<\/p>\n","protected":false},"featured_media":7555,"comment_status":"closed","ping_status":"closed","template":"","meta":[],"product_brand":[],"product_cat":[336],"product_tag":[395,398,396,399,397,393,394],"class_list":{"0":"post-7554","1":"product","2":"type-product","3":"status-publish","4":"has-post-thumbnail","6":"product_cat-hali-ve-kilim","7":"product_tag-antika-hali","8":"product_tag-antika-hali-muzayedesi","9":"product_tag-antique-rug","10":"product_tag-antique-rug-online-auction","11":"product_tag-endemigo-auction","12":"product_tag-online-auction","13":"product_tag-online-muzayede","15":"first","16":"instock","17":"sold-individually","18":"product-type-auction"},"_links":{"self":[{"href":"https:\/\/endemigoauction.com\/en\/wp-json\/wp\/v2\/product\/7554","targetHints":{"allow":["GET"]}}],"collection":[{"href":"https:\/\/endemigoauction.com\/en\/wp-json\/wp\/v2\/product"}],"about":[{"href":"https:\/\/endemigoauction.com\/en\/wp-json\/wp\/v2\/types\/product"}],"replies":[{"embeddable":true,"href":"https:\/\/endemigoauction.com\/en\/wp-json\/wp\/v2\/comments?post=7554"}],"wp:featuredmedia":[{"embeddable":true,"href":"https:\/\/endemigoauction.com\/en\/wp-json\/wp\/v2\/media\/7555"}],"wp:attachment":[{"href":"https:\/\/endemigoauction.com\/en\/wp-json\/wp\/v2\/media?parent=7554"}],"wp:term":[{"taxonomy":"product_brand","embeddable":true,"href":"https:\/\/endemigoauction.com\/en\/wp-json\/wp\/v2\/product_brand?post=7554"},{"taxonomy":"product_cat","embeddable":true,"href":"https:\/\/endemigoauction.com\/en\/wp-json\/wp\/v2\/product_cat?post=7554"},{"taxonomy":"product_tag","embeddable":true,"href":"https:\/\/endemigoauction.com\/en\/wp-json\/wp\/v2\/product_tag?post=7554"}],"curies":[{"name":"wp","href":"https:\/\/api.w.org\/{rel}","templated":true}]}}