{"id":7548,"date":"2025-05-29T10:43:28","date_gmt":"2025-05-29T07:43:28","guid":{"rendered":"https:\/\/endemigoauction.com\/urun\/lot-101-antik-sari-sulu-kula-halisi-19-yuzyil-146-x-155-cm\/"},"modified":"2025-06-01T16:46:39","modified_gmt":"2025-06-01T13:46:39","slug":"lot-101-antik-sari-sulu-kula-halisi-19-yuzyil-146-x-155-cm","status":"publish","type":"product","link":"https:\/\/endemigoauction.com\/en\/urun\/lot-101-antik-sari-sulu-kula-halisi-19-yuzyil-146-x-155-cm\/","title":{"rendered":"LOT.101 Antik Sar\u0131 Sulu Kula Hal\u0131s\u0131 19. Y\u00fczy\u0131l 146 x 155 cm"},"content":{"rendered":"<p><strong>Antik Sar\u0131 Sulu Kula Hal\u0131s\u0131 19. Y\u00fczy\u0131l 146 x 155 cm.<\/strong><\/p>\n<p>Antik Sar\u0131 Sulu Kula Hal\u0131s\u0131, 19. y\u00fczy\u0131l sonlar\u0131na tarihlenen ve 130 y\u0131l\u0131 a\u015fk\u0131n ge\u00e7mi\u015fiyle, hal\u0131 sanat\u0131n\u0131n en nadide \u00f6rneklerinden biridir. T\u00fcrkiye\u2019nin Manisa iline ba\u011fl\u0131 Kula il\u00e7esinde dokunan bu hal\u0131, Kula hal\u0131c\u0131l\u0131k gelene\u011finin en parlak d\u00f6nemini temsil eder. Avrupa aristokrasisinin 18. y\u00fczy\u0131ldan itibaren saraylarda, kiliselerde, malikanelerde ve \u015fatolarda sergilemek \u00fczere \u00f6zel olarak arad\u0131\u011f\u0131 bu hal\u0131 tipi, sadece bir zemin \u00f6rt\u00fcs\u00fc de\u011fil, ayn\u0131 zamanda k\u00fclt\u00fcrel ve sanatsal bir ifade bi\u00e7imi olarak kabul edilmi\u015ftir.<\/p>\n<p>Bu \u00f6zel \u00f6rnekte kullan\u0131lan sar\u0131 bord\u00fcr, Kula hal\u0131lar\u0131n\u0131n d\u00fcnyada koleksiyonerler taraf\u0131ndan en \u00e7ok aranan t\u00fcrlerinden biri olmas\u0131n\u0131n ba\u015fl\u0131ca nedenlerinden biridir. Etraf\u0131 \u0131\u015f\u0131kla \u00e7evrilmi\u015f gibi parlayan bu bord\u00fcr, hal\u0131n\u0131n i\u00e7 k\u0131sm\u0131nda kullan\u0131lan lale, karanfil, servi, hayat a\u011fac\u0131 ve y\u0131ld\u0131z gibi geleneksel T\u00fcrk motifleriyle birle\u015ferek bir sanat eseri niteli\u011fi kazan\u0131r. Her bir motif, ta\u015f\u0131d\u0131\u011f\u0131 sembollerle ya\u015fam\u0131, sonsuzlu\u011fu ve korumay\u0131 temsil ederken, renkler aras\u0131ndaki uyum g\u00f6z al\u0131c\u0131 bir denge sunar.<\/p>\n<p>%100 y\u00fcne y\u00fcn, Kirman el ipli\u011fiyle dokunan bu hal\u0131, ya\u015f\u0131na ra\u011fmen m\u00fckemmel kondisyondad\u0131r. Renk canl\u0131l\u0131\u011f\u0131, desen netli\u011fi ve dokuma sa\u011flaml\u0131\u011f\u0131 ile hem kullan\u0131ma hem sergilemeye uygun durumda olan bu par\u00e7a, koleksiyon de\u011feri ta\u015f\u0131yan ve k\u00fclt\u00fcrel miras\u0131 temsil eden \u00f6zg\u00fcn bir antika olarak \u00f6ne \u00e7\u0131kmaktad\u0131r. Antik hal\u0131 koleksiyonunuz i\u00e7in e\u015fsiz bir tamamlay\u0131c\u0131 veya ba\u015fl\u0131 ba\u015f\u0131na bir ba\u015fyap\u0131t olmaya adayd\u0131r. Kilimlik k\u0131sm\u0131n\u0131n tamam\u0131na yak\u0131n\u0131 erimi\u015f olmas\u0131ndan dolay\u0131 kaz aya\u011f\u0131 zincir ile korumaya al\u0131nm\u0131\u015ft\u0131r.<\/p>\n","protected":false},"excerpt":{"rendered":"<p><strong>Men\u015fei:<\/strong> T\u00fcrkiye \/ Manisa, Kula <strong>Kondisyon:<\/strong> M\u00fckemmel <strong>Dokuma Materyali ve Teknik:<\/strong> Y\u00fcne Y\u00fcn %100 Kirman ipi <strong>D\u00f6nem-Ya\u015f:<\/strong> 19. Y\u00fczy\u0131l Sonu 130+ ya\u015f<\/p>\n","protected":false},"featured_media":7549,"comment_status":"closed","ping_status":"closed","template":"","meta":[],"product_brand":[],"product_cat":[336],"product_tag":[395,398,396,399,397,393,394],"class_list":{"0":"post-7548","1":"product","2":"type-product","3":"status-publish","4":"has-post-thumbnail","6":"product_cat-hali-ve-kilim","7":"product_tag-antika-hali","8":"product_tag-antika-hali-muzayedesi","9":"product_tag-antique-rug","10":"product_tag-antique-rug-online-auction","11":"product_tag-endemigo-auction","12":"product_tag-online-auction","13":"product_tag-online-muzayede","15":"first","16":"instock","17":"sold-individually","18":"product-type-auction"},"_links":{"self":[{"href":"https:\/\/endemigoauction.com\/en\/wp-json\/wp\/v2\/product\/7548","targetHints":{"allow":["GET"]}}],"collection":[{"href":"https:\/\/endemigoauction.com\/en\/wp-json\/wp\/v2\/product"}],"about":[{"href":"https:\/\/endemigoauction.com\/en\/wp-json\/wp\/v2\/types\/product"}],"replies":[{"embeddable":true,"href":"https:\/\/endemigoauction.com\/en\/wp-json\/wp\/v2\/comments?post=7548"}],"wp:featuredmedia":[{"embeddable":true,"href":"https:\/\/endemigoauction.com\/en\/wp-json\/wp\/v2\/media\/7549"}],"wp:attachment":[{"href":"https:\/\/endemigoauction.com\/en\/wp-json\/wp\/v2\/media?parent=7548"}],"wp:term":[{"taxonomy":"product_brand","embeddable":true,"href":"https:\/\/endemigoauction.com\/en\/wp-json\/wp\/v2\/product_brand?post=7548"},{"taxonomy":"product_cat","embeddable":true,"href":"https:\/\/endemigoauction.com\/en\/wp-json\/wp\/v2\/product_cat?post=7548"},{"taxonomy":"product_tag","embeddable":true,"href":"https:\/\/endemigoauction.com\/en\/wp-json\/wp\/v2\/product_tag?post=7548"}],"curies":[{"name":"wp","href":"https:\/\/api.w.org\/{rel}","templated":true}]}}