{"id":7545,"date":"2025-05-29T10:43:28","date_gmt":"2025-05-29T07:43:28","guid":{"rendered":"https:\/\/endemigoauction.com\/urun\/lot-102-antik-siirt-battaniyesi-100-yas-147-x-181-cm\/"},"modified":"2025-06-01T16:45:55","modified_gmt":"2025-06-01T13:45:55","slug":"lot-102-antik-siirt-battaniyesi-100-yas-147-x-181-cm","status":"publish","type":"product","link":"https:\/\/endemigoauction.com\/en\/urun\/lot-102-antik-siirt-battaniyesi-100-yas-147-x-181-cm\/","title":{"rendered":"LOT.102 Antik Siirt Battaniyesi 100+ Ya\u015f 147 x 181 cm"},"content":{"rendered":"<p><strong>Antik Siirt Battaniyesi 100+ Ya\u015f 147 x 181 cm.<\/strong><\/p>\n<p>Antik Siirt Battaniyesi 20. y\u00fczy\u0131l ba\u015flar\u0131na tarihlenen ve tam 100 ya\u015f\u0131n\u0131 a\u015fm\u0131\u015f olan bu nadide Siirt Battaniye Kilimi, hem koleksiyonluk de\u011fere sahip hem de g\u00fcnl\u00fck kullan\u0131m i\u00e7in uygun bir dokuma eseridir. T\u00fcrkiye\u2019nin Siirt ilinde \u00fcretilmi\u015f olan bu kilim, co\u011frafi i\u015faretli orijinal Siirt Battaniyesi gelene\u011finin se\u00e7kin \u00f6rneklerinden biridir. Tiftik (Angora) y\u00fcn\u00fc ve y\u00fcn kar\u0131\u015f\u0131m\u0131yla, tamamen el dokumas\u0131 olan bu par\u00e7a, yumu\u015fakl\u0131\u011f\u0131 ve s\u0131cak tutma kapasitesiyle yaln\u0131zca estetik de\u011fil, ayn\u0131 zamanda i\u015flevsel bir nitelik de ta\u015f\u0131r.<\/p>\n<p>Kilim, kullan\u0131lan y\u00fcne y\u00fcn Kirman el ipi sayesinde dayan\u0131kl\u0131l\u0131\u011f\u0131 ve zarafeti bir araya getirir. Ola\u011fan\u00fcst\u00fc kondisyonu, ya\u015f\u0131na ra\u011fmen ilk g\u00fcnk\u00fc tazeli\u011fini ve sa\u011flaml\u0131\u011f\u0131n\u0131 korudu\u011funu g\u00f6sterir. \u00dczerinize \u00f6rt\u00fc olarak serebilece\u011finiz kadar yumu\u015fak, yere serebilece\u011finiz kadar g\u00fc\u00e7l\u00fc bu kilim, k\u00fclt\u00fcrel bir miras\u0131n ya\u015fayan bir \u00f6rne\u011fi olarak de\u011ferlidir. Orta g\u00f6be\u011finin sadeli\u011fi, siyah renkli taban\u0131n\u0131n g\u00fcc\u00fc ve ipeksi parlayan dokusu ile dikkat \u00e7ekici bir koleksiyonluk eser.<\/p>\n<p>Do\u011fal tiftik liflerinden gelen ipeksi parlakl\u0131k ve s\u0131cakl\u0131k, bu kilimi hem \u015f\u0131k bir dekorasyon unsuru hem de fonksiyonel bir ya\u015fam par\u00e7as\u0131 haline getiriyor. Gerek etnik-dokulu i\u00e7 mekanlarda gerek \u00e7a\u011fda\u015f alanlarda fark yaratacak bu eser, Anadolu&#8217;nun dokuma gelene\u011fini modern ya\u015fama ta\u015f\u0131yan \u00f6zel bir par\u00e7a olarak \u00f6ne \u00e7\u0131k\u0131yor.<\/p>\n","protected":false},"excerpt":{"rendered":"<p><strong>Men\u015fei:<\/strong> T\u00fcrkiye \/ Siirt <strong>Kondisyon:<\/strong> Ola\u011fan\u00fcst\u00fc <strong>Dokuma Materyali ve Teknik:<\/strong> Tiftik Y\u00fcn\u00fcne Pamuk <strong>D\u00f6nem-Ya\u015f:<\/strong> 20. Y\u00fczy\u0131l Ba\u015f\u0131 100+ ya\u015f<\/p>\n","protected":false},"featured_media":7546,"comment_status":"closed","ping_status":"closed","template":"","meta":[],"product_brand":[],"product_cat":[336],"product_tag":[395,398,396,399,397,393,394],"class_list":{"0":"post-7545","1":"product","2":"type-product","3":"status-publish","4":"has-post-thumbnail","6":"product_cat-hali-ve-kilim","7":"product_tag-antika-hali","8":"product_tag-antika-hali-muzayedesi","9":"product_tag-antique-rug","10":"product_tag-antique-rug-online-auction","11":"product_tag-endemigo-auction","12":"product_tag-online-auction","13":"product_tag-online-muzayede","15":"first","16":"instock","17":"sold-individually","18":"product-type-auction"},"_links":{"self":[{"href":"https:\/\/endemigoauction.com\/en\/wp-json\/wp\/v2\/product\/7545","targetHints":{"allow":["GET"]}}],"collection":[{"href":"https:\/\/endemigoauction.com\/en\/wp-json\/wp\/v2\/product"}],"about":[{"href":"https:\/\/endemigoauction.com\/en\/wp-json\/wp\/v2\/types\/product"}],"replies":[{"embeddable":true,"href":"https:\/\/endemigoauction.com\/en\/wp-json\/wp\/v2\/comments?post=7545"}],"wp:featuredmedia":[{"embeddable":true,"href":"https:\/\/endemigoauction.com\/en\/wp-json\/wp\/v2\/media\/7546"}],"wp:attachment":[{"href":"https:\/\/endemigoauction.com\/en\/wp-json\/wp\/v2\/media?parent=7545"}],"wp:term":[{"taxonomy":"product_brand","embeddable":true,"href":"https:\/\/endemigoauction.com\/en\/wp-json\/wp\/v2\/product_brand?post=7545"},{"taxonomy":"product_cat","embeddable":true,"href":"https:\/\/endemigoauction.com\/en\/wp-json\/wp\/v2\/product_cat?post=7545"},{"taxonomy":"product_tag","embeddable":true,"href":"https:\/\/endemigoauction.com\/en\/wp-json\/wp\/v2\/product_tag?post=7545"}],"curies":[{"name":"wp","href":"https:\/\/api.w.org\/{rel}","templated":true}]}}