{"id":7542,"date":"2025-05-29T10:43:28","date_gmt":"2025-05-29T07:43:28","guid":{"rendered":"https:\/\/endemigoauction.com\/urun\/lot-103-antik-kafkas-kilim-fragman-19-yuzyil-86-x-232-cm\/"},"modified":"2025-06-01T16:45:09","modified_gmt":"2025-06-01T13:45:09","slug":"lot-103-antik-kafkas-kilim-fragman-19-yuzyil-86-x-232-cm","status":"publish","type":"product","link":"https:\/\/endemigoauction.com\/en\/urun\/lot-103-antik-kafkas-kilim-fragman-19-yuzyil-86-x-232-cm\/","title":{"rendered":"LOT.103 Antik Kafkas Kilim Fragman 19. Y\u00fczy\u0131l 86 x 232 cm"},"content":{"rendered":"<p><strong>Kafkas Kilim Fragman 19. Y\u00fczy\u0131l 86 x 232 cm.<\/strong><\/p>\n<p>Antik Kafkas Kilim Par\u00e7as\u0131, 19. y\u00fczy\u0131ldan kalma, Kafkasya B\u00f6lgesi&#8217;ndeki Azerbaycan&#8217;dan gelen dikkat \u00e7ekici bir par\u00e7ad\u0131r. Bir par\u00e7a olarak sunulmas\u0131na ra\u011fmen, keten kuma\u015f \u00fczerine dikilerek durumu ustal\u0131kla korunmu\u015ftur. Kilim tekni\u011fi kullan\u0131larak y\u00fcn \u00fczerine %100 Kerman y\u00fcn\u00fc ile dokunan bu par\u00e7a 150 y\u0131l\u0131 a\u015fk\u0131n bir ge\u00e7mi\u015fe sahiptir.<\/p>\n","protected":false},"excerpt":{"rendered":"<p><strong>Men\u015fei:<\/strong> Azerbaycan &#8211; Kafkas B\u00f6lgesi <strong>Kondisyon:<\/strong> Fragman &#8211; Keten Beze dikilli <strong>Dokuma Materyali ve Teknik:<\/strong> Y\u00fcne Y\u00fcn %100 Kirman ipi, Kilim <strong>D\u00f6nem-Ya\u015f:<\/strong> 19. Y\u00fczy\u0131l 150+ ya\u015f<\/p>\n","protected":false},"featured_media":7543,"comment_status":"closed","ping_status":"closed","template":"","meta":[],"product_brand":[],"product_cat":[336],"product_tag":[395,398,396,399,397,393,394],"class_list":{"0":"post-7542","1":"product","2":"type-product","3":"status-publish","4":"has-post-thumbnail","6":"product_cat-hali-ve-kilim","7":"product_tag-antika-hali","8":"product_tag-antika-hali-muzayedesi","9":"product_tag-antique-rug","10":"product_tag-antique-rug-online-auction","11":"product_tag-endemigo-auction","12":"product_tag-online-auction","13":"product_tag-online-muzayede","15":"first","16":"instock","17":"sold-individually","18":"product-type-auction"},"_links":{"self":[{"href":"https:\/\/endemigoauction.com\/en\/wp-json\/wp\/v2\/product\/7542","targetHints":{"allow":["GET"]}}],"collection":[{"href":"https:\/\/endemigoauction.com\/en\/wp-json\/wp\/v2\/product"}],"about":[{"href":"https:\/\/endemigoauction.com\/en\/wp-json\/wp\/v2\/types\/product"}],"replies":[{"embeddable":true,"href":"https:\/\/endemigoauction.com\/en\/wp-json\/wp\/v2\/comments?post=7542"}],"wp:featuredmedia":[{"embeddable":true,"href":"https:\/\/endemigoauction.com\/en\/wp-json\/wp\/v2\/media\/7543"}],"wp:attachment":[{"href":"https:\/\/endemigoauction.com\/en\/wp-json\/wp\/v2\/media?parent=7542"}],"wp:term":[{"taxonomy":"product_brand","embeddable":true,"href":"https:\/\/endemigoauction.com\/en\/wp-json\/wp\/v2\/product_brand?post=7542"},{"taxonomy":"product_cat","embeddable":true,"href":"https:\/\/endemigoauction.com\/en\/wp-json\/wp\/v2\/product_cat?post=7542"},{"taxonomy":"product_tag","embeddable":true,"href":"https:\/\/endemigoauction.com\/en\/wp-json\/wp\/v2\/product_tag?post=7542"}],"curies":[{"name":"wp","href":"https:\/\/api.w.org\/{rel}","templated":true}]}}