{"id":7533,"date":"2025-05-29T10:43:07","date_gmt":"2025-05-29T07:43:07","guid":{"rendered":"https:\/\/endemigoauction.com\/urun\/lot-106-antik-sivas-sal-kilim-yastik-110-yas-53-x-84-cm\/"},"modified":"2025-06-01T17:08:48","modified_gmt":"2025-06-01T14:08:48","slug":"lot-106-antik-sivas-sal-kilim-yastik-110-yas-53-x-84-cm","status":"publish","type":"product","link":"https:\/\/endemigoauction.com\/en\/urun\/lot-106-antik-sivas-sal-kilim-yastik-110-yas-53-x-84-cm\/","title":{"rendered":"LOT.106 Antik Sivas \u015eal Kilim Yast\u0131k 110+ Ya\u015f 53 x 84 cm"},"content":{"rendered":"<p><strong>Antik Sivas \u015eal Kilim Yast\u0131k 110+ Ya\u015f 53 x 84 cm.<\/strong><\/p>\n<p>20. y\u00fczy\u0131l\u0131n ba\u015flar\u0131ndan kalma ve 110 y\u0131l\u0131 a\u015fk\u0131n bir ge\u00e7mi\u015fe sahip olan bu Antik Sivas \u015eal Kilim Yast\u0131\u011f\u0131, T\u00fcrkiye&#8217;nin Sivas kentinden gelmektedir. Ola\u011fan\u00fcst\u00fc kondisyondad\u0131r ve m\u00fckemmel i\u015f\u00e7ili\u011fi sergilemektedir. Dokumada y\u00fcn \u00fcst\u00fcne y\u00fcn, %100 Kerman ipli\u011fi ve kilim, ince cicim ve zili dokuma teknikleri kullan\u0131lm\u0131\u015ft\u0131r.<\/p>\n","protected":false},"excerpt":{"rendered":"<p><strong>Men\u015fei:<\/strong> T\u00fcrkiye &#8211; Sivas <strong>Kondisyon:<\/strong> Ola\u011fan\u00fcst\u00fc <strong>Dokuma Materyali ve Teknik:<\/strong> Y\u00fcne Y\u00fcn %100 Kirman ipi, Kilim ince Cicim, Zili dokuma <strong>D\u00f6nem-Ya\u015f:<\/strong> 20. Y\u00fczy\u0131l Ba\u015f\u0131 110+ ya\u015f<\/p>\n","protected":false},"featured_media":7534,"comment_status":"closed","ping_status":"closed","template":"","meta":[],"product_brand":[],"product_cat":[336],"product_tag":[395,398,396,399,397,393,394],"class_list":{"0":"post-7533","1":"product","2":"type-product","3":"status-publish","4":"has-post-thumbnail","6":"product_cat-hali-ve-kilim","7":"product_tag-antika-hali","8":"product_tag-antika-hali-muzayedesi","9":"product_tag-antique-rug","10":"product_tag-antique-rug-online-auction","11":"product_tag-endemigo-auction","12":"product_tag-online-auction","13":"product_tag-online-muzayede","15":"first","16":"instock","17":"sold-individually","18":"product-type-auction"},"_links":{"self":[{"href":"https:\/\/endemigoauction.com\/en\/wp-json\/wp\/v2\/product\/7533","targetHints":{"allow":["GET"]}}],"collection":[{"href":"https:\/\/endemigoauction.com\/en\/wp-json\/wp\/v2\/product"}],"about":[{"href":"https:\/\/endemigoauction.com\/en\/wp-json\/wp\/v2\/types\/product"}],"replies":[{"embeddable":true,"href":"https:\/\/endemigoauction.com\/en\/wp-json\/wp\/v2\/comments?post=7533"}],"wp:featuredmedia":[{"embeddable":true,"href":"https:\/\/endemigoauction.com\/en\/wp-json\/wp\/v2\/media\/7534"}],"wp:attachment":[{"href":"https:\/\/endemigoauction.com\/en\/wp-json\/wp\/v2\/media?parent=7533"}],"wp:term":[{"taxonomy":"product_brand","embeddable":true,"href":"https:\/\/endemigoauction.com\/en\/wp-json\/wp\/v2\/product_brand?post=7533"},{"taxonomy":"product_cat","embeddable":true,"href":"https:\/\/endemigoauction.com\/en\/wp-json\/wp\/v2\/product_cat?post=7533"},{"taxonomy":"product_tag","embeddable":true,"href":"https:\/\/endemigoauction.com\/en\/wp-json\/wp\/v2\/product_tag?post=7533"}],"curies":[{"name":"wp","href":"https:\/\/api.w.org\/{rel}","templated":true}]}}