{"id":7530,"date":"2025-05-29T10:43:07","date_gmt":"2025-05-29T07:43:07","guid":{"rendered":"https:\/\/endemigoauction.com\/urun\/lot-107-antik-konya-sandikli-yastik-100-yas-50-x-97-cm\/"},"modified":"2025-06-01T17:07:48","modified_gmt":"2025-06-01T14:07:48","slug":"lot-107-antik-konya-sandikli-yastik-100-yas-50-x-97-cm","status":"publish","type":"product","link":"https:\/\/endemigoauction.com\/en\/urun\/lot-107-antik-konya-sandikli-yastik-100-yas-50-x-97-cm\/","title":{"rendered":"LOT.107 Antik Konya Sand\u0131kl\u0131 Yast\u0131k 100+ Ya\u015f 50 x 97 cm"},"content":{"rendered":"<p><strong>Antik Konya Sand\u0131kl\u0131 Yast\u0131k 100+ Ya\u015f 50 x 97 cm<\/strong><\/p>\n<p>T\u00fcrkiye, Konya&#8217;dan gelen bu Antik Konya Sand\u0131\u011f\u0131 Yast\u0131k, 20. y\u00fczy\u0131l\u0131n ba\u015flar\u0131ndan kalma, 100 y\u0131l\u0131 a\u015fk\u0131n bir tarihe sahip dikkat \u00e7ekici bir par\u00e7ad\u0131r. Ola\u011fan\u00fcst\u00fc durumdad\u0131r, kal\u0131c\u0131 kalitesinin bir kan\u0131t\u0131d\u0131r. K\u00f6k ve do\u011fal boyalar kullan\u0131larak y\u00fcn \u00fczerine %100 Kirman y\u00fcn\u00fc ile dokunan bu yast\u0131k, ince geleneksel i\u015f\u00e7ili\u011fi sergiler.<\/p>\n","protected":false},"excerpt":{"rendered":"<p><strong>Men\u015fei:<\/strong> T\u00fcrkiye &#8211; Konya <strong>Kondisyon:<\/strong> Ola\u011fan\u00fcst\u00fc <strong>Dokuma Materyali ve Teknik:<\/strong> Y\u00fcne Y\u00fcn %100 Kirman ipi, K\u00f6k ve do\u011fal boya <strong>D\u00f6nem-Ya\u015f:<\/strong> 20. Y\u00fczy\u0131l Ba\u015f\u0131 100+ ya\u015f<\/p>\n","protected":false},"featured_media":7531,"comment_status":"closed","ping_status":"closed","template":"","meta":[],"product_brand":[],"product_cat":[336],"product_tag":[395,398,396,399,397,393,394],"class_list":{"0":"post-7530","1":"product","2":"type-product","3":"status-publish","4":"has-post-thumbnail","6":"product_cat-hali-ve-kilim","7":"product_tag-antika-hali","8":"product_tag-antika-hali-muzayedesi","9":"product_tag-antique-rug","10":"product_tag-antique-rug-online-auction","11":"product_tag-endemigo-auction","12":"product_tag-online-auction","13":"product_tag-online-muzayede","15":"first","16":"instock","17":"sold-individually","18":"product-type-auction"},"_links":{"self":[{"href":"https:\/\/endemigoauction.com\/en\/wp-json\/wp\/v2\/product\/7530","targetHints":{"allow":["GET"]}}],"collection":[{"href":"https:\/\/endemigoauction.com\/en\/wp-json\/wp\/v2\/product"}],"about":[{"href":"https:\/\/endemigoauction.com\/en\/wp-json\/wp\/v2\/types\/product"}],"replies":[{"embeddable":true,"href":"https:\/\/endemigoauction.com\/en\/wp-json\/wp\/v2\/comments?post=7530"}],"wp:featuredmedia":[{"embeddable":true,"href":"https:\/\/endemigoauction.com\/en\/wp-json\/wp\/v2\/media\/7531"}],"wp:attachment":[{"href":"https:\/\/endemigoauction.com\/en\/wp-json\/wp\/v2\/media?parent=7530"}],"wp:term":[{"taxonomy":"product_brand","embeddable":true,"href":"https:\/\/endemigoauction.com\/en\/wp-json\/wp\/v2\/product_brand?post=7530"},{"taxonomy":"product_cat","embeddable":true,"href":"https:\/\/endemigoauction.com\/en\/wp-json\/wp\/v2\/product_cat?post=7530"},{"taxonomy":"product_tag","embeddable":true,"href":"https:\/\/endemigoauction.com\/en\/wp-json\/wp\/v2\/product_tag?post=7530"}],"curies":[{"name":"wp","href":"https:\/\/api.w.org\/{rel}","templated":true}]}}