{"id":7524,"date":"2025-05-29T10:43:07","date_gmt":"2025-05-29T07:43:07","guid":{"rendered":"https:\/\/endemigoauction.com\/urun\/lot-109-antik-yuncu-kolon-19-yuzyil-basi-35-x-400-cm\/"},"modified":"2025-06-01T17:05:04","modified_gmt":"2025-06-01T14:05:04","slug":"lot-109-antik-yuncu-kolon-19-yuzyil-basi-35-x-400-cm","status":"publish","type":"product","link":"https:\/\/endemigoauction.com\/en\/urun\/lot-109-antik-yuncu-kolon-19-yuzyil-basi-35-x-400-cm\/","title":{"rendered":"LOT.109 Antik Y\u00fcnc\u00fc Kolon 19. Y\u00fczy\u0131l Ba\u015f\u0131 3,5 x 400 cm"},"content":{"rendered":"<p><strong>Antik Y\u00fcnc\u00fc Kolon 19. Y\u00fczy\u0131l Ba\u015f\u0131 3,5 x 400 cm<\/strong><\/p>\n<p>Antik Y\u00fcnc\u00fc Kolon, Y\u00fck ta\u015f\u0131mak i\u00e7in yap\u0131lm\u0131\u015f bir kolon ne kadar estetik olabilir&#8230; \u0130\u015fte bunun cevap\u0131 y\u00fcnc\u00fc kolon. \u00c7ocuk ta\u015f\u0131maktan, \u00e7e\u015fitli y\u00fckler ta\u015f\u0131maya yarayan kolon, \u00f6zellikle her kad\u0131n\u0131n veya erke\u011fin do\u011fada en \u00e7ok ihtiyac\u0131 olan aletlerden biridir. Duvara ast\u0131\u011f\u0131n\u0131zda dekoratif bir sanat eseri olarak rahatl\u0131kla adland\u0131rabilece\u011fiz Y\u00fcnc\u00fc Kolon&#8217;un \u00fczerindeki at k\u0131l\u0131ndan yap\u0131lm\u0131\u015f p\u00fcsk\u00fclleri, mavi osmanl\u0131 cam boncuklar\u0131 bir \u00e7ok tekni\u011fin bir arada kullan\u0131ld\u0131\u011f\u0131n\u0131 da a\u00e7\u0131k\u00e7a g\u00f6steriyor.<\/p>\n","protected":false},"excerpt":{"rendered":"<p><strong>Men\u015fei:<\/strong> T\u00fcrkiye &#8211; Bal\u0131kesir, Y\u00fcnc\u00fc <strong>Kondisyon:<\/strong> M\u00fckemmel <strong>Teknik:<\/strong> Y\u00fcne Y\u00fcn %100 Kirman ipi, Kolon dokuma, at k\u0131l\u0131 p\u00fcsk\u00fcller, cam boncuklar <strong>D\u00f6nem-Ya\u015f:<\/strong> 19. Y\u00fczy\u0131l Ba\u015f\u0131 200+ ya\u015f<\/p>\n","protected":false},"featured_media":7525,"comment_status":"closed","ping_status":"closed","template":"","meta":[],"product_brand":[],"product_cat":[336],"product_tag":[395,398,396,399,397,393,394],"class_list":{"0":"post-7524","1":"product","2":"type-product","3":"status-publish","4":"has-post-thumbnail","6":"product_cat-hali-ve-kilim","7":"product_tag-antika-hali","8":"product_tag-antika-hali-muzayedesi","9":"product_tag-antique-rug","10":"product_tag-antique-rug-online-auction","11":"product_tag-endemigo-auction","12":"product_tag-online-auction","13":"product_tag-online-muzayede","15":"first","16":"instock","17":"sold-individually","18":"product-type-auction"},"_links":{"self":[{"href":"https:\/\/endemigoauction.com\/en\/wp-json\/wp\/v2\/product\/7524","targetHints":{"allow":["GET"]}}],"collection":[{"href":"https:\/\/endemigoauction.com\/en\/wp-json\/wp\/v2\/product"}],"about":[{"href":"https:\/\/endemigoauction.com\/en\/wp-json\/wp\/v2\/types\/product"}],"replies":[{"embeddable":true,"href":"https:\/\/endemigoauction.com\/en\/wp-json\/wp\/v2\/comments?post=7524"}],"wp:featuredmedia":[{"embeddable":true,"href":"https:\/\/endemigoauction.com\/en\/wp-json\/wp\/v2\/media\/7525"}],"wp:attachment":[{"href":"https:\/\/endemigoauction.com\/en\/wp-json\/wp\/v2\/media?parent=7524"}],"wp:term":[{"taxonomy":"product_brand","embeddable":true,"href":"https:\/\/endemigoauction.com\/en\/wp-json\/wp\/v2\/product_brand?post=7524"},{"taxonomy":"product_cat","embeddable":true,"href":"https:\/\/endemigoauction.com\/en\/wp-json\/wp\/v2\/product_cat?post=7524"},{"taxonomy":"product_tag","embeddable":true,"href":"https:\/\/endemigoauction.com\/en\/wp-json\/wp\/v2\/product_tag?post=7524"}],"curies":[{"name":"wp","href":"https:\/\/api.w.org\/{rel}","templated":true}]}}