{"id":7518,"date":"2025-05-29T10:43:07","date_gmt":"2025-05-29T07:43:07","guid":{"rendered":"https:\/\/endemigoauction.com\/urun\/lot-111-antep-halisi-carkifelek-bordur-19-yuzyil-120-x-240-cm\/"},"modified":"2025-06-01T17:04:26","modified_gmt":"2025-06-01T14:04:26","slug":"lot-111-antep-halisi-carkifelek-bordur-19-yuzyil-120-x-240-cm","status":"publish","type":"product","link":"https:\/\/endemigoauction.com\/en\/urun\/lot-111-antep-halisi-carkifelek-bordur-19-yuzyil-120-x-240-cm\/","title":{"rendered":"LOT.111 Antep Hal\u0131s\u0131 \u00c7ark\u0131felek Bord\u00fcr 19. Y\u00fczy\u0131l 120 x 240 cm"},"content":{"rendered":"<p><strong>Antep Hal\u0131s\u0131 \u00c7ark\u0131felek Bord\u00fcr 19. Y\u00fczy\u0131l 120 x 240 cm<\/strong><\/p>\n<p>Antik Gaziantep Hal\u0131s\u0131 19. y\u00fczy\u0131l sonlar\u0131na tarihlenen ve 130 y\u0131l\u0131 a\u015fk\u0131n bir ge\u00e7mi\u015fe sahip bu ola\u011fan\u00fcst\u00fc Gaziantep hal\u0131s\u0131, Anadolu dokuma sanat\u0131n\u0131n zarif ve g\u00fc\u00e7l\u00fc esteti\u011fini bir arada sunuyor. %100 y\u00fcn \u00fczerine y\u00fcn, orijinal Kirman ipi kullan\u0131larak dokunmu\u015f olan hal\u0131, hem zemin kullan\u0131m\u0131na hem de duvarda sergilemeye uygundur. G\u00fcn\u00fcm\u00fcze kadar gelen s\u00fcre\u00e7te, sadece toplamda 5-10 santimlik profesyonel tamirlerle ve hafif hav kayb\u0131yla s\u0131n\u0131rl\u0131 kalan izler, uzman ellerce \u00f6zenle restore edilmi\u015f; hal\u0131, m\u00fckemmele yak\u0131n kondisyonuna yeniden kavu\u015fturulmu\u015ftur.<\/p>\n<p>\u00d6l\u00e7\u00fcleri itibar\u0131yla yan hal\u0131s\u0131 olarak tan\u0131mlanan bu eser, kullan\u0131mda ve koleksiyonda nadir rastlanan \u00f6l\u00e7\u00fc oranlar\u0131yla dikkat \u00e7eker. Bord\u00fcrlerinde yer alan Oz ya da \u00c7ark\u0131felek tamgas\u0131, derin sembolik anlamlar ta\u015f\u0131r; bu fig\u00fcr, Bat\u0131\u2019da s\u0131kl\u0131kla gamal\u0131 ha\u00e7 (svastika) olarak an\u0131lsa da, T\u00fcrk k\u00fclt\u00fcr\u00fcnde evrenin d\u00f6ng\u00fcselli\u011fi, ya\u015fam\u0131n s\u00fcreklili\u011fi ve merkezden ta\u015fan enerji gibi kadim kavramlar\u0131 temsil eder. Bu motif, hal\u0131n\u0131n k\u00fclt\u00fcrel ve sanatsal katmanlar\u0131n\u0131 daha da zenginle\u015ftirir.<\/p>\n<p>Yo\u011fun sar\u0131 zemin \u00fczerine in\u015fa edilen kompozisyon, alt\u0131dan fazla renk tonunun ustal\u0131kla harmanland\u0131\u011f\u0131 g\u00f6z al\u0131c\u0131 bir renk skalas\u0131na sahiptir. Renk dengesi ve tasar\u0131m g\u00fcc\u00fc a\u00e7\u0131s\u0131ndan istisnai bir seviyede olan bu hal\u0131, hem koleksiyonluk nadirli\u011fi hem de dekoratif uyarlanabilirli\u011fi ile \u00f6ne \u00e7\u0131kmaktad\u0131r. Zamana meydan okuyan bu nadide par\u00e7a, hem tarihi bir belge hem de estetik bir ba\u015fyap\u0131t niteli\u011findedir.<\/p>\n","protected":false},"excerpt":{"rendered":"<p><strong>Men\u015fei:<\/strong> T\u00fcrkiye &#8211; Gaziantep <strong>Kondisyon:<\/strong> \u00c7ok \u0130yi <strong>Dokuma Materyali ve Teknik:<\/strong> Y\u00fcne Y\u00fcn %100 Kirman ipi <strong>D\u00f6nem-Ya\u015f:<\/strong> 19. Y\u00fczy\u0131l Sonu 130+ ya\u015f<\/p>\n","protected":false},"featured_media":7519,"comment_status":"closed","ping_status":"closed","template":"","meta":[],"product_brand":[],"product_cat":[336],"product_tag":[395,398,396,399,397,393,394],"class_list":{"0":"post-7518","1":"product","2":"type-product","3":"status-publish","4":"has-post-thumbnail","6":"product_cat-hali-ve-kilim","7":"product_tag-antika-hali","8":"product_tag-antika-hali-muzayedesi","9":"product_tag-antique-rug","10":"product_tag-antique-rug-online-auction","11":"product_tag-endemigo-auction","12":"product_tag-online-auction","13":"product_tag-online-muzayede","15":"first","16":"instock","17":"sold-individually","18":"product-type-auction"},"_links":{"self":[{"href":"https:\/\/endemigoauction.com\/en\/wp-json\/wp\/v2\/product\/7518","targetHints":{"allow":["GET"]}}],"collection":[{"href":"https:\/\/endemigoauction.com\/en\/wp-json\/wp\/v2\/product"}],"about":[{"href":"https:\/\/endemigoauction.com\/en\/wp-json\/wp\/v2\/types\/product"}],"replies":[{"embeddable":true,"href":"https:\/\/endemigoauction.com\/en\/wp-json\/wp\/v2\/comments?post=7518"}],"wp:featuredmedia":[{"embeddable":true,"href":"https:\/\/endemigoauction.com\/en\/wp-json\/wp\/v2\/media\/7519"}],"wp:attachment":[{"href":"https:\/\/endemigoauction.com\/en\/wp-json\/wp\/v2\/media?parent=7518"}],"wp:term":[{"taxonomy":"product_brand","embeddable":true,"href":"https:\/\/endemigoauction.com\/en\/wp-json\/wp\/v2\/product_brand?post=7518"},{"taxonomy":"product_cat","embeddable":true,"href":"https:\/\/endemigoauction.com\/en\/wp-json\/wp\/v2\/product_cat?post=7518"},{"taxonomy":"product_tag","embeddable":true,"href":"https:\/\/endemigoauction.com\/en\/wp-json\/wp\/v2\/product_tag?post=7518"}],"curies":[{"name":"wp","href":"https:\/\/api.w.org\/{rel}","templated":true}]}}